{"id":513,"date":"2023-08-04T13:02:17","date_gmt":"2023-08-04T16:02:17","guid":{"rendered":"https:\/\/www.ufmg.br\/copi-novo\/?page_id=513"},"modified":"2023-08-04T13:02:55","modified_gmt":"2023-08-04T16:02:55","slug":"patrimonio-ufmg","status":"publish","type":"page","link":"https:\/\/www.ufmg.br\/copi\/projetos-ufmg-loa-2024\/patrimonio-ufmg\/","title":{"rendered":"Valoriza\u00e7\u00e3o do patrim\u00f4nio cultura e hist\u00f3rico sob a guarda da UFMG"},"content":{"rendered":"<p><strong>Centro de Mem\u00f3ria da Arquitetura Mineira<\/strong><\/p>\n<p>Abrang\u00eancia: O Museu da Escola de Arquitetura salvaguarda expressivo acervo de esculturas barrocas, mais de 30 mil fotografias hist\u00f3ricas de Minas Gerais, livros raros sobre arquitetura, maquetes e projetos de arquitetos(as) que moldaram a paisagem de Belo Horizonte e do Estado. Esses arquitetos, urbanistas, professores e intelectuais produziram um enorme patrim\u00f4nio material e imaterial que constitui, agora, n\u00e3o apenas uma parte do campo disciplinar da arquitetura mas, tamb\u00e9m, parte da mem\u00f3ria da cidade e do Estado. Por isso, o Museu da Escola de Arquitetura organiza, neste momento, o Centro de Mem\u00f3ria da Arquitetura Mineira, articulando os acervos do pr\u00f3prio Museu com os da Biblioteca Raffaello Berti e o Centro de Fotodocumenta\u00e7\u00e3o Sylvio de Vasconcellos. Busca, para tanto, viabilizar a digitaliza\u00e7\u00e3o desse acervo &#8211; especialmente de fotografias e projetos arquitet\u00f4nicos &#8211; e a cria\u00e7\u00e3o de uma plataforma online de acesso p\u00fablico a esse material.<\/p>\n<p>Valor: 189.000,00 (GND 3) + 205.000,00 (GND 4) = R$ 394.000,00<\/p>\n<p>Relev\u00e2ncia: Comunidade acad\u00eamica interna e externa \u00e0 UFMG, profissionais do ramo da arquitetura, escolas t\u00e9cnicas e secundaristas, demais faculdades de arquitetura do estado, p\u00fablico interessado em geral.<\/p>\n<p>Coordena\u00e7\u00e3o: Prof.\u00ba Professor Mateus Rosada &#8211; Escola de Arquitetura\/UFMG<\/p>\n<hr \/>\n<p>&nbsp;<\/p>\n<p><strong>Democracia cultural em Tiradentes: valoriza\u00e7\u00e3o do patrim\u00f4nio, das artes e dos saberes da popula\u00e7\u00e3o negra<\/strong><\/p>\n<p>Relev\u00e2ncia: desenvolver atividades culturais e de forma\u00e7\u00e3o atrav\u00e9s da salvaguarda, preserva\u00e7\u00e3o, valoriza\u00e7\u00e3o e defesa do patrim\u00f4nio imaterial da popula\u00e7\u00e3o negra, promovendo o respeito e o reconhecimento das manifesta\u00e7\u00f5es culturais afrodescendentes.<\/p>\n<p>Abrang\u00eancia: P\u00fablico alcan\u00e7ado diretamente &#8211; Os espa\u00e7os culturais recebem 30 mil visitantes ao ano e estabelecem parcerias com professores e agentes culturais para incentivar a visita\u00e7\u00e3o de escolas e moradores. Buscaremos ampliar as parcerias com associa\u00e7\u00f5es de bairro e escolas que est\u00e3o instaladas nos bairros perif\u00e9ricos para que moradores participem mais ativamente das atividades que ser\u00e3o realizadas.<\/p>\n<p>Valor: R$ 272.000,00 (GND 3)<\/p>\n<p>Coordena\u00e7\u00e3o: Prof.\u00aa Verona Campos Segantini \u2013 Funda\u00e7\u00e3o Rodrigo Melo Franco\/UFMG<\/p>\n<hr \/>\n<p>&nbsp;<\/p>\n<p><strong>Um espa\u00e7o para Tiradentes: Quatro Cantos Espa\u00e7o Cultural<\/strong><\/p>\n<p>Relev\u00e2ncia: Quatro Cantos Espa\u00e7o Cultural \u00e9 um dos principais espa\u00e7os de promo\u00e7\u00e3o da cultura na cidade de Tiradentes, requer uma infraestrutura adequada para o melhor atendimento a diferentes p\u00fablicos. Al\u00e9m disso, por se tratar de uma edifica\u00e7\u00e3o de valor hist\u00f3rico inestim\u00e1vel \u00e9 fundamental garantir condi\u00e7\u00f5es para sua preserva\u00e7\u00e3o com a necessidade de execu\u00e7\u00e3o de projeto de restaura\u00e7\u00e3o e manuten\u00e7\u00e3o das suas esquadrias em madeira, paredes e fachadas constru\u00eddas com t\u00e9cnicas construtivas tradicionais e implanta\u00e7\u00e3o de um projeto el\u00e9trico mais adequado para suas demandas atuais.<\/p>\n<p>Abrang\u00eancia: Turistas espont\u00e2neos de todo Brasil e do mundo, p\u00fablico espec\u00edfico dos festivais culturais da cidade, estudantes de escolas p\u00fablicas e privadas de Minas Gerais e outros estados, al\u00e9m dos moradores da cidade e regi\u00e3o.<\/p>\n<p>Valor: R$ 311.000,00 (GND 4)<\/p>\n<p>Coordena\u00e7\u00e3o: Prof.\u00aa Verona Campos Segantini \u2013 Funda\u00e7\u00e3o Rodrigo Melo Franco\/UFMG<\/p>\n<hr \/>\n<p>&nbsp;<\/p>\n<p><strong>Projeto de Requalifica\u00e7\u00e3o do Museu Casa Padre Toledo (Tiradentes \u2013 MG)<\/strong><\/p>\n<p>Relev\u00e2ncia: o Museu Casa Padre Toledo, principal institui\u00e7\u00e3o museol\u00f3gica da regi\u00e3o do Campo das Vertentes, passou por v\u00e1rios processos de reorganiza\u00e7\u00e3o, sendo a \u00faltima interven\u00e7\u00e3o conclu\u00edda em 2012, quando foi reaberto ao p\u00fablico ap\u00f3s processo de restaura\u00e7\u00e3o arquitet\u00f4nica, dos elementos art\u00edsticos integrados e de seu acervo. Atualmente, o Museu passa por um momento de qualifica\u00e7\u00e3o de suas a\u00e7\u00f5es, partindo das diretrizes apontadas em seu plano museol\u00f3gico. Dessa forma, pretende-se a partir desse projeto realizar a\u00e7\u00f5es de preserva\u00e7\u00e3o de sua edifica\u00e7\u00e3o e acervos bem como propor interven\u00e7\u00f5es nos m\u00f3dulos da exposi\u00e7\u00e3o de longa dura\u00e7\u00e3o que possibilitem, de forma acess\u00edvel, a difus\u00e3o de conhecimentos sobre a hist\u00f3ria de Minas Gerais.<\/p>\n<p>Abrang\u00eancia: Visitantes do museu, estimados em 30.000 por ano, dentre os quais se encontram turistas espont\u00e2neos de todo Brasil e do mundo, o p\u00fablico dos festivais culturais da cidade, estudantes de escolas p\u00fablicas e privadas de Minas Gerais e outros estados, al\u00e9m dos moradores da cidade e regi\u00e3o.<\/p>\n<p>Valor: 233.000,00 (GND 3) + 220.000,00(GND 4) =R$ 453.000,00<\/p>\n<p>Coordena\u00e7\u00e3o: Prof.\u00aa Verona Campos Segantini \u2013 Funda\u00e7\u00e3o Rodrigo Melo Franco\/UFMG<\/p>\n<hr \/>\n<p>&nbsp;<\/p>\n<p><strong>Fomentar assist\u00eancia t\u00e9cnica no campo da Conserva\u00e7\u00e3o-Restaura\u00e7\u00e3o de bens culturais das comunidades do munic\u00edpio de Brumadinho<\/strong><\/p>\n<p>Relev\u00e2ncia: Os acervos a serem conservados e restaurados por este projeto s\u00e3o imagin\u00e1rias devocionais em madeira policromada dos s\u00e9culos XVIII e XIX de pequenos distritos ou povoados com menos de 6.000 habitantes, pertencentes \u00e0s par\u00f3quias da Arquidiocese de Belo Horizonte em especial \u00e0s comunidades de Aranhas e S\u00e3o Jos\u00e9 do Paraopeba. Grande parte dessa imagin\u00e1ria apresenta re-pinturas que promovem a descaracteriza\u00e7\u00e3o hist\u00f3rica, iconogr\u00e1fica e deteriora\u00e7\u00f5es da policromia original.<\/p>\n<p>Abrang\u00eancia: Alunos egressos do Curso de Conserva\u00e7\u00e3o Restaura\u00e7\u00e3o de Bens Culturais M\u00f3veis e sociedade civil das localidades que possuem obras a serem restauradas, como S\u00e3o Jos\u00e9 do Paraopeba e Aranhas, e demais comunidades pr\u00f3ximas \u00e0 mina C\u00f3rrego do Feij\u00e3o, do complexo Paraopeba MG .<\/p>\n<p>Valor: R$ 450.000,00 (GND 4)<\/p>\n<p>Coordena\u00e7\u00e3o: Prof\u00aa. Alessandra Rosado e prof\u00ba. Luiz Ant\u00f4nio Cruz Souza \u2013 Escola de Belas Artes\/UFMG<\/p>\n<hr \/>\n<p>&nbsp;<\/p>\n<p><strong>Circuito Cultural do Campus Sa\u00fade da UFMG<\/strong><\/p>\n<p>Relev\u00e2ncia: Os centros s\u00e3o respons\u00e1veis pela salvaguarda de itens datados entre os anos de 1615 a 2000, resultando em cole\u00e7\u00f5es de mais de 150 mil itens e que testemunham quase 400 anos da hist\u00f3ria da sa\u00fade dentro e fora do Brasil. Esses acervos tamb\u00e9m retratam a profissionaliza\u00e7\u00e3o da sa\u00fade, a hist\u00f3ria das doen\u00e7as e do percurso cient\u00edfico acad\u00eamico de grandes personalidades da \u00e1rea como Jo\u00e3o Guimar\u00e3es Rosa, Juscelino Kubitscheck e Pedro Nava, que foram ex-alunos da Faculdade de Medicina, al\u00e9m de Ezequiel Dias e Hilton Rocha, que foram ex-docentes. Essas trajet\u00f3rias est\u00e3o documentadas em fotografias reveladas e em negativos, cartas, documentos administrativos, obras raras, objetos museol\u00f3gicos, aulas gravadas, instrumentos cir\u00fargicos, fitas VHS, DVDs etc. O Horto Medicinal Frei Veloso, que integra da Faculdade de Medicina, por sua vez, possui dezenas de exemplares de plantas medicinais e ornamentais, ocupando uma \u00e1rea verde de mais de 600 m2.<\/p>\n<p>Abrang\u00eancia: Pacientes e seus familiares que circulam pela \u00e1rea hospitalar, alunos da educa\u00e7\u00e3o b\u00e1sica de institui\u00e7\u00f5es p\u00fablicas e privadas, da educa\u00e7\u00e3o profissionalizante, da educa\u00e7\u00e3o superior e da p\u00f3s-gradua\u00e7\u00e3o.<\/p>\n<p>Valor: 400.000,00 (GND 3) + 400.000,00 (GND 4) = R$ 800.000,00<\/p>\n<p>Coordena\u00e7\u00e3o: Prof\u00aa. Luciana Diniz Silva Faculdade de Medicina\/UFMG<\/p>\n<hr \/>\n<p>&nbsp;<\/p>\n<p><strong>Centro de Mem\u00f3ria da Escola de M\u00fasica<\/strong><\/p>\n<p>Relev\u00e2ncia: Construir um espa\u00e7o de mem\u00f3rias da Escola de M\u00fasica para comemorar os seus 100 anos de exist\u00eancia; reunir, preservar e organizar a mem\u00f3ria institucional da Escola de M\u00fasica da UFMG, a fim de mant\u00ea-la viva e torn\u00e1-la acess\u00edvel; produzir um site com exposi\u00e7\u00f5es, hist\u00f3ria, linha do tempo, galeria de diretores, de professores em\u00e9ritos, fotos antigas e com v\u00eddeos com apresenta\u00e7\u00e3o de instrumentos.<\/p>\n<p>Abrang\u00eancia: Comunidade interna (alunos, professores e t\u00e9cnicos administrativos) e externa (visitantes, alunos de escola p\u00fablica, etc.) da Escola de M\u00fasica da UFMG.<\/p>\n<p>Valor: 85.440,00 (GND 3) + 144.800,00 (GND 4) = R$ 230.240,00<\/p>\n<p>Coordena\u00e7\u00e3o: Prof.\u00ba Renato Tocantins Sampaio (Diretor da Escola de M\u00fasica\/UFMG)<\/p>\n<hr \/>\n<p>&nbsp;<\/p>\n<p><strong>Reforma da Casa da Gl\u00f3ria, em Diamantina<\/strong><\/p>\n<p>Relev\u00e2ncia: Atualmente, o instituto recebe anualmente em torno de 20.000 pessoas, o que levou a necessidade de reorganiza\u00e7\u00e3o dos espa\u00e7os internos. A visita\u00e7\u00e3o tur\u00edstica passou a ser monitorada, os espa\u00e7os expogr\u00e1ficos foram readequados sem preju\u00edzo das atividades de apoio \u00e0 pesquisa e trabalhos de campo, e v\u00e1rios eventos passaram a ser sediados nas suas depend\u00eancias. Contudo, dada a a\u00e7\u00e3o do tempo e de intemp\u00e9ries, em recentes vistorias t\u00e9cnicas realizadas pelo setor de engenharia da Universidade, tem-se observado s\u00e9rios problemas estruturais, causados pelo comprometimento das estruturas de madeira respons\u00e1veis pela sustenta\u00e7\u00e3o do pr\u00e9dio, devido especialmente a a\u00e7\u00e3o predat\u00f3ria de uma infesta\u00e7\u00e3o de cupins. Al\u00e9m desse comprometimento estrutural, tamb\u00e9m foi diagnosticado a inadequa\u00e7\u00e3o da rede el\u00e9trica existente, muito antiga e n\u00e3o dimensionada para a atual carga, cada vez maior pela crescente demanda por equipamentos eletro-eletr\u00f4nicos, o que requer uma interven\u00e7\u00e3o imediata, ainda que seja realizada por etapas.<\/p>\n<p>Abrang\u00eancia: Turistas e a popula\u00e7\u00e3o residente em Diamantina e regi\u00e3o, al\u00e9m de pesquisadores e estudantes de todos os n\u00edveis de ensino (gradua\u00e7\u00e3o p\u00f3s-gradua\u00e7\u00e3o) do Instituto de Geoci\u00eancias e de toda a UFMG, que se utilizam da Casa da Gl\u00f3ria com base de apoio log\u00edstico.<\/p>\n<p>Valor: 40.000,00 (GND 3) + 260.000,00 (GND 4) = R$ 300.000,00<\/p>\n<p>Coordena\u00e7\u00e3o: Prof\u00ba Carlos Lobo, diretor, e prof\u00ba Tiago Am\u00e2ncio, vice-diretor &#8211; Instituto de Geoci\u00eancias\/UFMG<\/p>\n<hr \/>\n<p>&nbsp;<\/p>\n<p><strong>Espa\u00e7o Acervo Art\u00edstico UFMG: Aquisi\u00e7\u00e3o de equipamentos e mobili\u00e1rio para a reserva t\u00e9cnica visit\u00e1vel \/Implementa\u00e7\u00e3o do Sistema de Seguran\u00e7a contra furtos e roubos<\/strong><\/p>\n<p>Relev\u00e2ncia: Salvaguardar o patrim\u00f4nio art\u00edstico da UFMG por meio da implanta\u00e7\u00e3o de uma reserva t\u00e9cnica vis\u00edvel e visit\u00e1vel com locais para armazenamento das obras, tratamento, processamento de dados e centro de documenta\u00e7\u00e3o, al\u00e9m de implementar e executar projetos de seguran\u00e7a, preserva\u00e7\u00e3o e difus\u00e3o das obras que o integram.<\/p>\n<p>Abrang\u00eancia: A implanta\u00e7\u00e3o desses espa\u00e7os tem por objetivo ampliar as rela\u00e7\u00f5es e reconhecimento do Acervo Art\u00edstico junto \u00e0 comunidade universit\u00e1ria &#8211; alcan\u00e7ando cerca de 51.500 pessoas, para a comunidade escolar, que apenas na regi\u00e3o metropolitana tem o total de 1501 escolas, e para a comunidade belo-horizontina em geral, com uma popula\u00e7\u00e3o de 1.433 milh\u00f5es de pessoas, como espa\u00e7o cultural da UFMG.<\/p>\n<p>Valor: 390.000,00 (GND 4)<\/p>\n<p>Coordena\u00e7\u00e3o: Prof\u00ba Fernando Mencarelli \u2013 Pr\u00f3-reitor de Cultura UFMG<\/p>\n","protected":false},"excerpt":{"rendered":"<p>Centro de Mem\u00f3ria da Arquitetura Mineira Abrang\u00eancia: O Museu da [&hellip;]<\/p>\n","protected":false},"author":2,"featured_media":0,"parent":446,"menu_order":0,"comment_status":"closed","ping_status":"closed","template":"","meta":{"footnotes":""},"acf":[],"_links":{"self":[{"href":"https:\/\/www.ufmg.br\/copi\/wp-json\/wp\/v2\/pages\/513"}],"collection":[{"href":"https:\/\/www.ufmg.br\/copi\/wp-json\/wp\/v2\/pages"}],"about":[{"href":"https:\/\/www.ufmg.br\/copi\/wp-json\/wp\/v2\/types\/page"}],"author":[{"embeddable":true,"href":"https:\/\/www.ufmg.br\/copi\/wp-json\/wp\/v2\/users\/2"}],"replies":[{"embeddable":true,"href":"https:\/\/www.ufmg.br\/copi\/wp-json\/wp\/v2\/comments?post=513"}],"version-history":[{"count":1,"href":"https:\/\/www.ufmg.br\/copi\/wp-json\/wp\/v2\/pages\/513\/revisions"}],"predecessor-version":[{"id":514,"href":"https:\/\/www.ufmg.br\/copi\/wp-json\/wp\/v2\/pages\/513\/revisions\/514"}],"up":[{"embeddable":true,"href":"https:\/\/www.ufmg.br\/copi\/wp-json\/wp\/v2\/pages\/446"}],"wp:attachment":[{"href":"https:\/\/www.ufmg.br\/copi\/wp-json\/wp\/v2\/media?parent=513"}],"curies":[{"name":"wp","href":"https:\/\/api.w.org\/{rel}","templated":true}]}}