{"id":525,"date":"2023-08-08T12:30:31","date_gmt":"2023-08-08T15:30:31","guid":{"rendered":"https:\/\/www.ufmg.br\/copi-novo\/?page_id=525"},"modified":"2023-10-27T09:55:17","modified_gmt":"2023-10-27T12:55:17","slug":"comite-copi","status":"publish","type":"page","link":"https:\/\/www.ufmg.br\/copi\/sobre-o-orgao\/comite-copi\/","title":{"rendered":"Comit\u00ea Copi"},"content":{"rendered":"<p><span style=\"font-weight: 400;\">Anualmente, acontece a <\/span><i><span style=\"font-weight: 400;\">Chamada Copi<\/span><\/i><span style=\"font-weight: 400;\">, iniciativa, direcionada \u00e0 comunidade acad\u00eamica, que disciplina as regras para a apresenta\u00e7\u00e3o de propostas de projetos de emendas parlamentares individuais por meio da atua\u00e7\u00e3o da Diretoria de Coopera\u00e7\u00e3o Institucional.\u00a0<\/span><\/p>\n<p><span style=\"font-weight: 400;\">A constru\u00e7\u00e3o da Chamada Copi \u00e9 resultado de um trabalho coletivo, no qual \u00e9 fundamental a atua\u00e7\u00e3o do Comit\u00ea Copi, criado em 2018, durante a gest\u00e3o da professora <a href=\"http:\/\/somos.ufmg.br\/professor\/ana-flavia-machado\" target=\"_blank\" rel=\"noopener\">Ana Fl\u00e1via Machado<\/a> \u00e0 frente da Diretoria de Coopera\u00e7\u00e3o Institucional. Integrado por quatro docentes da Universidade, cada um representando uma grande \u00e1rea do conhecimento, e pelo representante da Diretoria de Coopera\u00e7\u00e3o Institucional, \u00e9 um instrumento de escuta da comunidade e de valida\u00e7\u00e3o de estrat\u00e9gias para aprimorar o relacionamento da Universidade com o Parlamento.\u00a0<\/span><\/p>\n<p>O Comit\u00ea \u00e9 integrado, atualmente, por:<\/p>\n<p><a href=\"http:\/\/somos.ufmg.br\/professor\/anna-karina-castanheira-bartolomeu\" target=\"_blank\" rel=\"noopener\">Anna Karina Castanheira Bartolomeu<\/a>, professora do Departamento de Fotografia e Cinema da Escola de Belas Artes.<\/p>\n<p><a href=\"http:\/\/somos.ufmg.br\/professor\/luiz-machado\" target=\"_blank\" rel=\"noopener\">Luiz Machado<\/a>, professor do Departamento de Engenharia Mec\u00e2nica da Escola de Engenharia.<\/p>\n<p><a href=\"http:\/\/somos.ufmg.br\/professor\/rogeli-tiburcio-ribeiro-da-cunha-peixoto\" target=\"_blank\" rel=\"noopener\">Rog\u00e9li Tib\u00farcio Ribeiro da Cunha Peixoto<\/a>, professora do Departamento de Odontologia Restauradora da Faculdade de Odontologia.<\/p>\n<p><a href=\"http:\/\/somos.ufmg.br\/professor\/roberto-gonzalez-duarte\">Roberto Gonzalez Duarte<\/a>, professor do Departamento de Ci\u00eancias Administrativas da Faculdade de Ci\u00eancias Econ\u00f4micas.<\/p>\n<p><a href=\"http:\/\/somos.ufmg.br\/professor\/zelia-ines-portela-lobato\" target=\"_blank\" rel=\"noopener\">Z\u00e9lia In\u00eas Portela Lobato<\/a>, diretora da Copi e professora do Departamento de Medicina Veterin\u00e1ria Preventiva da Escola de Veterin\u00e1ria.<\/p>\n","protected":false},"excerpt":{"rendered":"<p>Anualmente, acontece a Chamada Copi, iniciativa, direcionada \u00e0 comunidade acad\u00eamica, [&hellip;]<\/p>\n","protected":false},"author":2,"featured_media":0,"parent":49,"menu_order":0,"comment_status":"closed","ping_status":"closed","template":"","meta":{"footnotes":""},"acf":[],"_links":{"self":[{"href":"https:\/\/www.ufmg.br\/copi\/wp-json\/wp\/v2\/pages\/525"}],"collection":[{"href":"https:\/\/www.ufmg.br\/copi\/wp-json\/wp\/v2\/pages"}],"about":[{"href":"https:\/\/www.ufmg.br\/copi\/wp-json\/wp\/v2\/types\/page"}],"author":[{"embeddable":true,"href":"https:\/\/www.ufmg.br\/copi\/wp-json\/wp\/v2\/users\/2"}],"replies":[{"embeddable":true,"href":"https:\/\/www.ufmg.br\/copi\/wp-json\/wp\/v2\/comments?post=525"}],"version-history":[{"count":8,"href":"https:\/\/www.ufmg.br\/copi\/wp-json\/wp\/v2\/pages\/525\/revisions"}],"predecessor-version":[{"id":3864,"href":"https:\/\/www.ufmg.br\/copi\/wp-json\/wp\/v2\/pages\/525\/revisions\/3864"}],"up":[{"embeddable":true,"href":"https:\/\/www.ufmg.br\/copi\/wp-json\/wp\/v2\/pages\/49"}],"wp:attachment":[{"href":"https:\/\/www.ufmg.br\/copi\/wp-json\/wp\/v2\/media?parent=525"}],"curies":[{"name":"wp","href":"https:\/\/api.w.org\/{rel}","templated":true}]}}