{"id":54,"date":"2020-06-10T13:27:08","date_gmt":"2020-06-10T16:27:08","guid":{"rendered":"https:\/\/www.ufmg.br\/copi-novo\/\/?page_id=54"},"modified":"2025-05-08T11:01:46","modified_gmt":"2025-05-08T14:01:46","slug":"parceiros","status":"publish","type":"page","link":"https:\/\/www.ufmg.br\/copi\/parceiros\/","title":{"rendered":"Programa Parceiros UFMG"},"content":{"rendered":"<p>Ol\u00e1, seja bem-vindo \u00e0 p\u00e1gina do Programa Parceiros da UFMG<\/p>\n<p>A UFMG \u00e9 uma institui\u00e7\u00e3o de ensino de excel\u00eancia e causa impacto permanente na vida de diversos brasileiros. As atividades da Universidade em sua tr\u00edade \u2014 ensino, pesquisa e extens\u00e3o \u2014 s\u00e3o gratuitas. Atualmente, a capta\u00e7\u00e3o de recursos se coloca como uma necessidade premente para financiamento de projetos da Universidade que n\u00e3o s\u00e3o contemplados pelos recursos provenientes do Tesouro e previstos nas Leis Or\u00e7ament\u00e1rias Anuais, seja pela aus\u00eancia de rubricas ou pela redu\u00e7\u00e3o dos valores previstos nas LOAs ou, finalmente, pelos seguidos contingenciamentos registrados nos \u00faltimos anos dos recursos previstos para as Institui\u00e7\u00f5es Federais de Ensino Superior.<\/p>\n<p>Para tanto, a UFMG busca construir pontes com a iniciativa privada e outros \u00f3rg\u00e3os p\u00fablicos. Essas parcerias fornecem recursos imediatos para o desenvolvimento de novos m\u00e9todos, novas t\u00e9cnicas, novos produtos, respondendo a um contexto socioecon\u00f4mico em fren\u00e9tica mudan\u00e7a.<\/p>\n<p>Com o apoio dos nossos egressos e parceiros, nossa capacidade de contribui\u00e7\u00e3o na solu\u00e7\u00e3o de problemas (ou antecipa\u00e7\u00e3o de outros) pode ser alargada, moldando um futuro promissor para Minas Gerais e para o Brasil. Obrigado por considerar uma doa\u00e7\u00e3o \u00e0 UFMG. Somos muito gratos.<\/p>\n<p>Voc\u00ea pode escolher como investir no futuro da UFMG para que ela permane\u00e7a na fronteira da pesquisa, da gera\u00e7\u00e3o de conhecimento e da excel\u00eancia acad\u00eamica:<\/p>\n<p><a href=\"https:\/\/www.ufmg.br\/copi\/wp-content\/uploads\/2025\/05\/Portaria-no-3587-de-06-de-julho-de-2020-Cria-o-Programa-Parceiros-da-UFMG.pdf\">Portaria n\u00ba 3.587, de 06 de julho de 2020 \u2013 Cria o Programa Parceiros da UFMG<\/a><\/p>\n","protected":false},"excerpt":{"rendered":"<p>Ol\u00e1, seja bem-vindo \u00e0 p\u00e1gina do Programa Parceiros da UFMG [&hellip;]<\/p>\n","protected":false},"author":1,"featured_media":0,"parent":0,"menu_order":0,"comment_status":"closed","ping_status":"closed","template":"","meta":{"footnotes":""},"acf":[],"_links":{"self":[{"href":"https:\/\/www.ufmg.br\/copi\/wp-json\/wp\/v2\/pages\/54"}],"collection":[{"href":"https:\/\/www.ufmg.br\/copi\/wp-json\/wp\/v2\/pages"}],"about":[{"href":"https:\/\/www.ufmg.br\/copi\/wp-json\/wp\/v2\/types\/page"}],"author":[{"embeddable":true,"href":"https:\/\/www.ufmg.br\/copi\/wp-json\/wp\/v2\/users\/1"}],"replies":[{"embeddable":true,"href":"https:\/\/www.ufmg.br\/copi\/wp-json\/wp\/v2\/comments?post=54"}],"version-history":[{"count":4,"href":"https:\/\/www.ufmg.br\/copi\/wp-json\/wp\/v2\/pages\/54\/revisions"}],"predecessor-version":[{"id":4207,"href":"https:\/\/www.ufmg.br\/copi\/wp-json\/wp\/v2\/pages\/54\/revisions\/4207"}],"wp:attachment":[{"href":"https:\/\/www.ufmg.br\/copi\/wp-json\/wp\/v2\/media?parent=54"}],"curies":[{"name":"wp","href":"https:\/\/api.w.org\/{rel}","templated":true}]}}