{"id":62,"date":"2020-06-10T13:29:15","date_gmt":"2020-06-10T16:29:15","guid":{"rendered":"https:\/\/www.ufmg.br\/copi-novo\/\/?page_id=62"},"modified":"2023-08-21T13:42:06","modified_gmt":"2023-08-21T16:42:06","slug":"sempreufmg","status":"publish","type":"page","link":"https:\/\/www.ufmg.br\/copi\/sempreufmg\/","title":{"rendered":"Sempre UFMG"},"content":{"rendered":"<p>Programa Sempre UFMG foi institu\u00eddo pela Reitoria em 2000, por iniciativa da Diretoria de Coopera\u00e7\u00e3o Institucional (COPI), e tem como objetivo criar e manter uma liga\u00e7\u00e3o entre a UFMG e seus egressos, bem como promover e incentivar a cultura do retorno \u00e0 Universidade.<\/p>\n<p>Ao conclu\u00edrem seu curso, todos os graduados passam, automaticamente, a fazer parte da Comunidade Sempre UFMG. A inten\u00e7\u00e3o \u00e9 que os egressos n\u00e3o se afastem da Universidade, continuando a participar de cursos de atualiza\u00e7\u00e3o, palestras, eventos culturais nela oferecidos e a frequentar suas depend\u00eancias, inclusive bibliotecas e espa\u00e7os de lazer.<\/p>\n<p>Al\u00e9m de a\u00e7\u00f5es que requerem contatos pontuais e espec\u00edficos a egressos, o Programa atua, de forma cont\u00ednua e permanente, com tr\u00eas projetos:<\/p>\n<ul>\n<li>Medalha de Honra UFMG: A Medalha de Honra UFMG, atrav\u00e9s do Programa Sempre UFMG, homenageia egressos que tenham se destacado por realiza\u00e7\u00f5es em prol da sociedade.<\/li>\n<li><a href=\"https:\/\/sistemas.ufmg.br\/perfil\/home.faces\">Perfil \u2013 Rede de Oportunidades<\/a>: Visa oferecer aos alunos e egressos da UFMG oportunidades de inser\u00e7\u00e3o no mercado de trabalho e, ao mesmo tempo, a disponibilizar profissionais bem formados por uma Universidade de reconhecida excel\u00eancia e renome internacional a esse mercado.<\/li>\n<li>UFMG Portas Abertas: Esse projeto consiste no envio de tr\u00eas tipos de mensagens eletr\u00f4nicas: o primeiro convida os egressos a participar de atividades acad\u00eamicas, sociais e culturais em geral e abertas ao p\u00fablico; o segundo, voltado \u00e0 forma\u00e7\u00e3o acad\u00eamica espec\u00edfica a cada um deles, informa sobre palestras, encontros, cursos de curta dura\u00e7\u00e3o e outros oferecidos pela UFMG. O terceiro traz uma newsletter com informa\u00e7\u00f5es sobre feitos da UFMG e eventos cient\u00edficos e culturais. \u00c9 direcionado aos egressos e autoridades do setor p\u00fablico e privado.<\/li>\n<\/ul>\n<p>&nbsp;<\/p>\n","protected":false},"excerpt":{"rendered":"<p>Programa Sempre UFMG foi institu\u00eddo pela Reitoria em 2000, por [&hellip;]<\/p>\n","protected":false},"author":1,"featured_media":0,"parent":0,"menu_order":0,"comment_status":"closed","ping_status":"closed","template":"","meta":{"footnotes":""},"acf":[],"_links":{"self":[{"href":"https:\/\/www.ufmg.br\/copi\/wp-json\/wp\/v2\/pages\/62"}],"collection":[{"href":"https:\/\/www.ufmg.br\/copi\/wp-json\/wp\/v2\/pages"}],"about":[{"href":"https:\/\/www.ufmg.br\/copi\/wp-json\/wp\/v2\/types\/page"}],"author":[{"embeddable":true,"href":"https:\/\/www.ufmg.br\/copi\/wp-json\/wp\/v2\/users\/1"}],"replies":[{"embeddable":true,"href":"https:\/\/www.ufmg.br\/copi\/wp-json\/wp\/v2\/comments?post=62"}],"version-history":[{"count":7,"href":"https:\/\/www.ufmg.br\/copi\/wp-json\/wp\/v2\/pages\/62\/revisions"}],"predecessor-version":[{"id":399,"href":"https:\/\/www.ufmg.br\/copi\/wp-json\/wp\/v2\/pages\/62\/revisions\/399"}],"wp:attachment":[{"href":"https:\/\/www.ufmg.br\/copi\/wp-json\/wp\/v2\/media?parent=62"}],"curies":[{"name":"wp","href":"https:\/\/api.w.org\/{rel}","templated":true}]}}