{"id":64,"date":"2020-06-10T13:29:27","date_gmt":"2020-06-10T16:29:27","guid":{"rendered":"https:\/\/www.ufmg.br\/copi-novo\/\/?page_id=64"},"modified":"2023-08-21T12:15:46","modified_gmt":"2023-08-21T15:15:46","slug":"perfil","status":"publish","type":"page","link":"https:\/\/www.ufmg.br\/copi\/sempreufmg\/perfil\/","title":{"rendered":"Perfil UFMG"},"content":{"rendered":"<p>O Perfil UFMG \u00e9 uma rede de oportunidades, desenvolvida para auxiliar a inser\u00e7\u00e3o de estudantes de gradua\u00e7\u00e3o, egressos e egressas da UFMG no mundo do trabalho, ao mesmo tempo que permite \u00e0s organiza\u00e7\u00f5es (empresas, institui\u00e7\u00f5es p\u00fablicas e organiza\u00e7\u00f5es do 3\u00ba setor\/ONGs \/organiza\u00e7\u00f5es de a\u00e7\u00e3o social) o acesso aos profissionais formados e em forma\u00e7\u00e3o por esta Universidade.<\/p>\n<p>O sistema propicia a inser\u00e7\u00e3o de informa\u00e7\u00f5es sobre a forma\u00e7\u00e3o acad\u00eamica e profissional\u00a0 de estudantes e egressos(as) da UFMG, candidatos a oportunidades de est\u00e1gio (n\u00e3o curriculares), bolsa ou trabalho (emprego, presta\u00e7\u00e3o de servi\u00e7os, trainee para graduados e trabalho volunt\u00e1rio) que, por sua vez, ser\u00e3o oferecidas pelas organiza\u00e7\u00f5es participantes. Mas se voc\u00ea \u00e9 representante de uma organiza\u00e7\u00e3o, fa\u00e7a contato e seja um parceiro da Universidade.<\/p>\n<p>Para mais informa\u00e7\u00f5es, clique <a href=\"https:\/\/sistemas.ufmg.br\/perfil\/participar.faces\">aqui<\/a>!.<\/p>\n<p>Participe! A UFMG estar\u00e1, sempre, de portas abertas!<\/p>\n","protected":false},"excerpt":{"rendered":"<p>O Perfil UFMG \u00e9 uma rede de oportunidades, desenvolvida para [&hellip;]<\/p>\n","protected":false},"author":1,"featured_media":0,"parent":62,"menu_order":0,"comment_status":"closed","ping_status":"closed","template":"","meta":{"footnotes":""},"acf":[],"_links":{"self":[{"href":"https:\/\/www.ufmg.br\/copi\/wp-json\/wp\/v2\/pages\/64"}],"collection":[{"href":"https:\/\/www.ufmg.br\/copi\/wp-json\/wp\/v2\/pages"}],"about":[{"href":"https:\/\/www.ufmg.br\/copi\/wp-json\/wp\/v2\/types\/page"}],"author":[{"embeddable":true,"href":"https:\/\/www.ufmg.br\/copi\/wp-json\/wp\/v2\/users\/1"}],"replies":[{"embeddable":true,"href":"https:\/\/www.ufmg.br\/copi\/wp-json\/wp\/v2\/comments?post=64"}],"version-history":[{"count":6,"href":"https:\/\/www.ufmg.br\/copi\/wp-json\/wp\/v2\/pages\/64\/revisions"}],"predecessor-version":[{"id":3208,"href":"https:\/\/www.ufmg.br\/copi\/wp-json\/wp\/v2\/pages\/64\/revisions\/3208"}],"up":[{"embeddable":true,"href":"https:\/\/www.ufmg.br\/copi\/wp-json\/wp\/v2\/pages\/62"}],"wp:attachment":[{"href":"https:\/\/www.ufmg.br\/copi\/wp-json\/wp\/v2\/media?parent=64"}],"curies":[{"name":"wp","href":"https:\/\/api.w.org\/{rel}","templated":true}]}}