{"id":157,"date":"2021-06-24T16:34:40","date_gmt":"2021-06-24T19:34:40","guid":{"rendered":"https:\/\/www.ufmg.br\/dai\/?page_id=157"},"modified":"2022-09-23T15:12:42","modified_gmt":"2022-09-23T18:12:42","slug":"cpa","status":"publish","type":"page","link":"https:\/\/www.ufmg.br\/dai\/cpa\/","title":{"rendered":"Autoavalia\u00e7\u00e3o Institucional"},"content":{"rendered":"<p>A avalia\u00e7\u00e3o interna ou autoavalia\u00e7\u00e3o, assim como a avalia\u00e7\u00e3o externa, foi prevista pelo Sistema Nacional de Avalia\u00e7\u00e3o da Educa\u00e7\u00e3o Superior &#8211; Sinaes, institu\u00eddo pela <a href=\"http:\/\/www.planalto.gov.br\/ccivil_03\/_ato2004-2006\/2004\/lei\/l10.861.htm\">Lei n. 10.861, de 14 de abril de 2004<\/a>. Do mesmo modo, a autoavalia\u00e7\u00e3o ocorre no \u00e2mbito institucional e no de cursos. Ela possui como objetivos principais:<\/p>\n<p>I &#8211; Produzir conhecimentos;<\/p>\n<p>II &#8211; Discutir os sentidos do conjunto de atividades e finalidades da IES;<\/p>\n<p>III &#8211; Identificar as causas de seus problemas e suas defici\u00eancias;<\/p>\n<p>IV &#8211; Aumentar a consci\u00eancia pedag\u00f3gica e a capacidade profissional do corpo docente e t\u00e9cnico-administrativo;<\/p>\n<p>V- Fortalecer as rela\u00e7\u00f5es de coopera\u00e7\u00e3o entre os diversos atores institucionais;<\/p>\n<p>VI &#8211; Tornar mais efetiva a vincula\u00e7\u00e3o da IES com a comunidade;<\/p>\n<p>VII &#8211; Avaliar a relev\u00e2ncia cient\u00edfica e social de suas atividades e produtos;<\/p>\n<p>VIII &#8211; Prestar contas \u00e0 sociedade (accountability).<\/p>\n<p>A autoavalia\u00e7\u00e3o compreende um autoestudo, tendo como refer\u00eancia as diretrizes de avalia\u00e7\u00e3o propostas pelo MEC (Conaes), acrescido de indicadores espec\u00edficos (conceito dos cursos, \u00edndice geral de cursos, avalia\u00e7\u00e3o da Capes), an\u00e1lise do projeto pedag\u00f3gico e do projeto de desenvolvimento institucional (PDI), informa\u00e7\u00f5es do cadastro e do censo da IES, estudos pr\u00f3prios, entre outras fontes. Trata-se de um processo cont\u00ednuo por meio do qual a institui\u00e7\u00e3o constr\u00f3i conhecimento sobre sua pr\u00f3pria realidade. Para tanto, sistematiza informa\u00e7\u00f5es, analisa coletivamente os significados de suas realiza\u00e7\u00f5es, identifica pontos fracos, bem como pontos fortes e potencialidades, e estabelece estrat\u00e9gias de supera\u00e7\u00e3o de problemas. Autoavalia\u00e7\u00e3o \u00e9, portanto, um processo c\u00edclico, criativo e renovador de an\u00e1lise, interpreta\u00e7\u00e3o e s\u00edntese das dimens\u00f5es que definem a Institui\u00e7\u00e3o.<\/p>\n<p>A avalia\u00e7\u00e3o interna, no \u00e2mbito das Institui\u00e7\u00f5es de Ensino Superior &#8211; IES, \u00e9 realizada pela <b>Comiss\u00e3o Pr\u00f3pria de Avalia\u00e7\u00e3o &#8211; CPA<\/b>. Trata-se de uma comiss\u00e3o tamb\u00e9m prevista pelo Sinaes e criada n\u00e3o s\u00f3 para conduzir os processos de avalia\u00e7\u00e3o interna da IES, como tamb\u00e9m os processos de sistematiza\u00e7\u00e3o e de presta\u00e7\u00e3o das informa\u00e7\u00f5es solicitadas pelo Inep.<\/p>\n<p>Saiba mais sobre <a href=\"https:\/\/www.ufmg.br\/dai\/a-cpa\/\">A CPA<\/a> da UFMG.<\/p>\n<p>&nbsp;<\/p>\n","protected":false},"excerpt":{"rendered":"<p>A avalia\u00e7\u00e3o interna ou autoavalia\u00e7\u00e3o, assim como a avalia\u00e7\u00e3o externa, [&hellip;]<\/p>\n","protected":false},"author":1,"featured_media":0,"parent":0,"menu_order":0,"comment_status":"closed","ping_status":"closed","template":"","meta":[],"_links":{"self":[{"href":"https:\/\/www.ufmg.br\/dai\/wp-json\/wp\/v2\/pages\/157"}],"collection":[{"href":"https:\/\/www.ufmg.br\/dai\/wp-json\/wp\/v2\/pages"}],"about":[{"href":"https:\/\/www.ufmg.br\/dai\/wp-json\/wp\/v2\/types\/page"}],"author":[{"embeddable":true,"href":"https:\/\/www.ufmg.br\/dai\/wp-json\/wp\/v2\/users\/1"}],"replies":[{"embeddable":true,"href":"https:\/\/www.ufmg.br\/dai\/wp-json\/wp\/v2\/comments?post=157"}],"version-history":[{"count":16,"href":"https:\/\/www.ufmg.br\/dai\/wp-json\/wp\/v2\/pages\/157\/revisions"}],"predecessor-version":[{"id":790,"href":"https:\/\/www.ufmg.br\/dai\/wp-json\/wp\/v2\/pages\/157\/revisions\/790"}],"wp:attachment":[{"href":"https:\/\/www.ufmg.br\/dai\/wp-json\/wp\/v2\/media?parent=157"}],"curies":[{"name":"wp","href":"https:\/\/api.w.org\/{rel}","templated":true}]}}