{"id":421,"date":"2021-08-02T16:15:55","date_gmt":"2021-08-02T19:15:55","guid":{"rendered":"https:\/\/www.ufmg.br\/dai\/?page_id=421"},"modified":"2026-05-06T15:41:32","modified_gmt":"2026-05-06T18:41:32","slug":"enade-2026","status":"publish","type":"page","link":"https:\/\/www.ufmg.br\/dai\/enade-2026\/","title":{"rendered":"Enade 2026"},"content":{"rendered":"<p>O Exame Nacional de Desempenho dos Estudantes (Enade), edi\u00e7\u00e3o 2026, foi institu\u00eddo pela <a href=\"https:\/\/www.in.gov.br\/web\/dou\/-\/portaria-mec-n-276-de-27-de-marco-de-2026-696054487\">Portaria MEC n\u00ba 276, de 27 de mar\u00e7o de 2026<\/a>, e regulamentado pelo <a href=\"https:\/\/www.in.gov.br\/web\/dou\/-\/edital-n-49-de-24-de-abril-de-2026-701698729\">Edital n\u00ba 49, de 24 de abril de 2026<\/a>, e pela <a href=\"https:\/\/www.in.gov.br\/en\/web\/dou\/-\/portaria-n-359-de-29-de-maio-de-2025-632880671\">Portaria MEC\/Inep n\u00ba 359, de 29 de maio de 2025<\/a>. De acordo com referidas normativas, o Enade 2026 ser\u00e1 aplicado em tr\u00eas modalidades:<\/p>\n<ol>\n<li>Enade dos Bacharelados, com regulamento tamb\u00e9m dado por Edital ainda n\u00e3o publicado;<\/li>\n<li>Enade Medicina: Exame Nacional de Avalia\u00e7\u00e3o da Forma\u00e7\u00e3o M\u00e9dica (Enamed),\u00a0com regulamento tamb\u00e9m dado por Edital ainda n\u00e3o publicado; e,<\/li>\n<li>Enade das Licenciaturas, integrado por dois processos avaliativos, quais sejam: Avalia\u00e7\u00e3o Te\u00f3rica (AT), realizada por meio da Prova Nacional Docente (PND), e Avalia\u00e7\u00e3o da Pr\u00e1tica (AP). O Enade das Licenciaturas foi regulamentado pelo <a href=\"https:\/\/www.in.gov.br\/web\/dou\/-\/edital-n-30-de-30-de-marco-de-2026-697037834\">Edital MEC\/Inep n\u00ba 30, de 30 de mar\u00e7o de 2026<\/a>.<\/li>\n<\/ol>\n<p>&nbsp;<\/p>\n<p>Com as altera\u00e7\u00f5es trazidas pela <a href=\"https:\/\/www.in.gov.br\/en\/web\/dou\/-\/portaria-n-610-de-27-de-junho-de-2024-569033072\">Portaria MEC n\u00ba 610, de 27 de junho de 2024<\/a>, e pela <a href=\"https:\/\/www.in.gov.br\/en\/web\/dou\/-\/portaria-mec-n-393-de-26-de-maio-de-2025-631934735\">Portaria MEC n\u00ba 393, de 26 de maio de 2025<\/a>, que alteraram o artigo 40 da Portaria Normativa MEC n\u00ba 840, de 24 de agosto de 2018, as Licenciaturas e a Medicina passaram a ser avaliadas nos Anos I, II e III do ciclo avaliativo do Enade. J\u00e1 o Enade dos Bacharelados, nessa edi\u00e7\u00e3o de 2026, avaliar\u00e1 as \u00e1reas previstas no Ano II, quais sejam:<\/p>\n<ul>\n<li>Ci\u00eancias naturais, matem\u00e1tica e estat\u00edstica;<\/li>\n<li>Computa\u00e7\u00e3o e Tecnologias da Informa\u00e7\u00e3o e Comunica\u00e7\u00e3o \u2013 TIC;<\/li>\n<li>Engenharia, produ\u00e7\u00e3o e constru\u00e7\u00e3o.<\/li>\n<\/ul>\n<p>&nbsp;<\/p>\n<p>Assim, considerando as \u00e1reas avaliadas, o PPC e o seu respectivo r\u00f3tulo na Classifica\u00e7\u00e3o Internacional Normalizada da Educa\u00e7\u00e3o, adaptada em 2018 para os cursos de gradua\u00e7\u00e3o e sequenciais do Brasil (Cine Brasil 2018), constante no Cadastro e-MEC, os cursos de gradua\u00e7\u00e3o foram enquadrados automaticamente pelo sistema Enade. Com base nesse Enquadramento, os cursos da UFMG que dever\u00e3o participar do Exame s\u00e3o:<\/p>\n<ul>\n<li>Bacharelados: Arquitetura e Urbanismo, Ci\u00eancia da Computa\u00e7\u00e3o, Ci\u00eancias Biol\u00f3gicas, Engenharia Ambiental, Engenharia Civil, Engenharia de Alimentos, Engenharia de Computa\u00e7\u00e3o, Engenharia de Controle e Automa\u00e7\u00e3o, Engenharia de Produ\u00e7\u00e3o, Engenharia El\u00e9trica, Engenharia Mec\u00e2nica, Engenharia Qu\u00edmica,\u00a0Qu\u00edmica e Sistemas de Informa\u00e7\u00e3o;<\/li>\n<li>Licenciaturas: Artes Visuais, Ci\u00eancias Biol\u00f3gicas presencial, Ci\u00eancias Biol\u00f3gicas EaD, Ci\u00eancias Sociais, Dan\u00e7a, Educa\u00e7\u00e3o F\u00edsica, Filosofia, F\u00edsica, Geografia, Hist\u00f3ria, Letras, Matem\u00e1tica Campus ICA, Matem\u00e1tica Campus Pampulha, M\u00fasica, Pedagogia, Qu\u00edmica e Teatro.<\/li>\n<\/ul>\n<p>&nbsp;<\/p>\n<p>Em 2025, o Enade trouxe como novidade a possibilidade de o estudante do bacharelado em Medicina e da licenciatura utilizar o resultado da prova no \u00e2mbito, respectivamente, do Exame Nacional de Resid\u00eancia (Enare) e dos editais para sele\u00e7\u00e3o docente pelos entes federativos como etapa \u00fanica ou complementar. J\u00e1 em 2026, duas outras novidades foram trazidas: I) os estudantes do curso de Medicina que estejam cursando o 4\u00ba ano da gradua\u00e7\u00e3o, al\u00e9m dos estudantes concluintes habilitados, ser\u00e3o avaliados para fins de acompanhamento da forma\u00e7\u00e3o; e, II) os estudantes ingressantes habilitados tamb\u00e9m dever\u00e3o preencher o Question\u00e1rio do Estudante Ingressante, com o objetivo de coleta de informa\u00e7\u00f5es socioecon\u00f4micas, permanecendo dispensados da participa\u00e7\u00e3o na prova do Enade. Dessa forma, a situa\u00e7\u00e3o de regularidade do estudante ingressante ser\u00e1 atribu\u00edda mediante o preenchimento do Question\u00e1rio espec\u00edfico nos per\u00edodos estabelecidos nos respectivos cronogramas de cada modalidade do Enade.<\/p>\n<p><a href=\"https:\/\/www.gov.br\/inep\/pt-br\/areas-de-atuacao\/avaliacao-e-exames-educacionais\/enade\">Acesse o site do Governo Federal que trata do Enade<\/a><\/p>\n","protected":false},"excerpt":{"rendered":"<p>O Exame Nacional de Desempenho dos Estudantes (Enade), edi\u00e7\u00e3o 2026, [&hellip;]<\/p>\n","protected":false},"author":1,"featured_media":0,"parent":0,"menu_order":0,"comment_status":"closed","ping_status":"closed","template":"","meta":[],"_links":{"self":[{"href":"https:\/\/www.ufmg.br\/dai\/wp-json\/wp\/v2\/pages\/421"}],"collection":[{"href":"https:\/\/www.ufmg.br\/dai\/wp-json\/wp\/v2\/pages"}],"about":[{"href":"https:\/\/www.ufmg.br\/dai\/wp-json\/wp\/v2\/types\/page"}],"author":[{"embeddable":true,"href":"https:\/\/www.ufmg.br\/dai\/wp-json\/wp\/v2\/users\/1"}],"replies":[{"embeddable":true,"href":"https:\/\/www.ufmg.br\/dai\/wp-json\/wp\/v2\/comments?post=421"}],"version-history":[{"count":82,"href":"https:\/\/www.ufmg.br\/dai\/wp-json\/wp\/v2\/pages\/421\/revisions"}],"predecessor-version":[{"id":1117,"href":"https:\/\/www.ufmg.br\/dai\/wp-json\/wp\/v2\/pages\/421\/revisions\/1117"}],"wp:attachment":[{"href":"https:\/\/www.ufmg.br\/dai\/wp-json\/wp\/v2\/media?parent=421"}],"curies":[{"name":"wp","href":"https:\/\/api.w.org\/{rel}","templated":true}]}}