{"id":49,"date":"2020-06-10T13:25:11","date_gmt":"2020-06-10T16:25:11","guid":{"rendered":"https:\/\/www.ufmg.br\/dai\/?page_id=49"},"modified":"2026-02-03T10:32:09","modified_gmt":"2026-02-03T13:32:09","slug":"institucional","status":"publish","type":"page","link":"https:\/\/www.ufmg.br\/dai\/institucional\/","title":{"rendered":"A DAI"},"content":{"rendered":"<p>&nbsp;<\/p>\n<p><img loading=\"lazy\" class=\"wp-image-633 size-thumbnail alignnone\" src=\"https:\/\/www.ufmg.br\/dai\/wp-content\/uploads\/2021\/11\/DAI-LOGO-2018-150x150.png\" alt=\"\" width=\"150\" height=\"150\" \/><\/p>\n<p>A Diretoria de Avalia\u00e7\u00e3o Institucional &#8211; DAI \u00e9 um \u00f3rg\u00e3o auxiliar da Reitoria da UFMG, de modo que ao Gabinete desta est\u00e1 vinculada. \u00c9 composta pelo(a) Diretor(a) de Avalia\u00e7\u00e3o Institucional e pelo(a) Diretor(a)-Adjunto(a) de Avalia\u00e7\u00e3o Institucional, ambos(as) de livre escolha do Reitor(a) para mandato de quatro anos, por um(a) secret\u00e1rio(a) executivo(a), por um(a) pedagogo(a), por dois assistentes em administra\u00e7\u00e3o e por um(a) t\u00e9cnico(a) em assuntos educacionais.<\/p>\n<p>&nbsp;<\/p>\n<div id=\"sp-ea-231\" class=\"sp-ea-one sp-easy-accordion\" data-ex-icon=\"fa-minus\" data-col-icon=\"fa-plus\"  data-ea-active=\"ea-click\"  data-ea-mode=\"vertical\" data-preloader=\"\"><div class=\"ea-card  sp-ea-single\"><h3 class=\"ea-header\"><a class=\"collapsed\" data-sptoggle=\"spcollapse\" data-sptarget=\"#collapse2310\" href=\"javascript:void(0)\" aria-expanded=\"false\"><i class=\"ea-expand-icon fa fa-plus\"><\/i> Atribui\u00e7\u00f5es<\/a><\/h3><div class=\"sp-collapse spcollapse spcollapse\" id=\"collapse2310\" data-parent=\"#sp-ea-231\"><div class=\"ea-body\"> <p>S\u00e3o atribui\u00e7\u00f5es ordin\u00e1rias da DAI:<\/p>\n<p>I - Coordenar, anualmente, no \u00e2mbito da UFMG, o Censo da Educa\u00e7\u00e3o Superior;<\/p>\n<p>II - Coordenar, anualmente, o Exame Nacional de Desempenho dos Estudantes - Enade, na UFMG;<\/p>\n<p>III - Coordenar o Processo de Reconhecimento e o de Renova\u00e7\u00e3o de Reconhecimento dos cursos de gradua\u00e7\u00e3o, presencial e a dist\u00e2ncia, da UFMG;<\/p>\n<p>IV - Coordenar o Processo de Recredenciamento Institucional da UFMG;<\/p>\n<p>V - Alimentar o sistema e-MEC com os dados relacionados aos cursos de gradua\u00e7\u00e3o e p\u00f3s-gradua\u00e7\u00e3o lato sensu da UFMG;<\/p>\n<p>VI - Prestar suporte t\u00e9cnico e administrativo \u00e0 Comiss\u00e3o Pr\u00f3pria de Avalia\u00e7\u00e3o - CPA e secretariar as reuni\u00f5es realizadas por ela;<\/p>\n<p>VII - Realizar estudos sobre avalia\u00e7\u00e3o;<\/p>\n<p>VIII - Analisar os indicadores de qualidade da educa\u00e7\u00e3o superior do Inep\/MEC;<\/p>\n<p>IX - Disponibilizar, semestralmente, o Question\u00e1rio Discente de Avalia\u00e7\u00e3o do Desempenho Did\u00e1tico Docente, bem como os Relat\u00f3rios resultantes dessa avalia\u00e7\u00e3o;<\/p>\n<p>X - Gerir todas as rotinas relacionadas \u00e0 DAI incluindo as relacionadas \u00e0 secretaria.<\/p>\n <\/div><\/div><\/div><div class=\"ea-card  sp-ea-single\"><h3 class=\"ea-header\"><a class=\"collapsed\" data-sptoggle=\"spcollapse\" data-sptarget=\"#collapse2311\" href=\"javascript:void(0)\" aria-expanded=\"false\"><i class=\"ea-expand-icon fa fa-plus\"><\/i> Diretoria<\/a><\/h3><div class=\"sp-collapse spcollapse spcollapse\" id=\"collapse2311\" data-parent=\"#sp-ea-231\"><div class=\"ea-body\"> <p>Diretora de Avalia\u00e7\u00e3o Institucional: Professora Viviane Santos Birchal<\/p>\n<p>Diretora Adjunta de Avalia\u00e7\u00e3o Institucional: Micheline S. de Souza<\/p>\n <\/div><\/div><\/div><div class=\"ea-card  sp-ea-single\"><h3 class=\"ea-header\"><a class=\"collapsed\" data-sptoggle=\"spcollapse\" data-sptarget=\"#collapse2312\" href=\"javascript:void(0)\" aria-expanded=\"false\"><i class=\"ea-expand-icon fa fa-plus\"><\/i> Contato<\/a><\/h3><div class=\"sp-collapse spcollapse spcollapse\" id=\"collapse2312\" data-parent=\"#sp-ea-231\"><div class=\"ea-body\"> <p>Assessoria t\u00e9cnica | <a href=\"https:\/\/www.ufmg.br\/dai\/contato-aval\/\">aval@dai.ufmg.br<\/a> | (31) 3409-4059<\/p>\n<p>Secretaria | <a href=\"https:\/\/www.ufmg.br\/dai\/contato-info\/\">info@dai.ufmg.br<\/a> | (31) 3409-5516<\/p>\n <\/div><\/div><\/div><div class=\"ea-card  sp-ea-single\"><h3 class=\"ea-header\"><a class=\"collapsed\" data-sptoggle=\"spcollapse\" data-sptarget=\"#collapse2313\" href=\"javascript:void(0)\" aria-expanded=\"false\"><i class=\"ea-expand-icon fa fa-plus\"><\/i> Localiza\u00e7\u00e3o<\/a><\/h3><div class=\"sp-collapse spcollapse spcollapse\" id=\"collapse2313\" data-parent=\"#sp-ea-231\"><div class=\"ea-body\"> <p>Universidade Federal de Minas Gerais<\/p>\n<p>Av. Ant\u00f4nio Carlos, 6627, Pampulha - Belo Horizonte - MG - CEP 31270-901<\/p>\n<p>Pr\u00e9dio Reitoria, 5\u00ba andar, sala 5026<\/p>\n <\/div><\/div><\/div><\/div>\n","protected":false},"excerpt":{"rendered":"<p>&nbsp; A Diretoria de Avalia\u00e7\u00e3o Institucional &#8211; DAI \u00e9 um [&hellip;]<\/p>\n","protected":false},"author":1,"featured_media":0,"parent":0,"menu_order":0,"comment_status":"closed","ping_status":"closed","template":"","meta":[],"_links":{"self":[{"href":"https:\/\/www.ufmg.br\/dai\/wp-json\/wp\/v2\/pages\/49"}],"collection":[{"href":"https:\/\/www.ufmg.br\/dai\/wp-json\/wp\/v2\/pages"}],"about":[{"href":"https:\/\/www.ufmg.br\/dai\/wp-json\/wp\/v2\/types\/page"}],"author":[{"embeddable":true,"href":"https:\/\/www.ufmg.br\/dai\/wp-json\/wp\/v2\/users\/1"}],"replies":[{"embeddable":true,"href":"https:\/\/www.ufmg.br\/dai\/wp-json\/wp\/v2\/comments?post=49"}],"version-history":[{"count":24,"href":"https:\/\/www.ufmg.br\/dai\/wp-json\/wp\/v2\/pages\/49\/revisions"}],"predecessor-version":[{"id":1084,"href":"https:\/\/www.ufmg.br\/dai\/wp-json\/wp\/v2\/pages\/49\/revisions\/1084"}],"wp:attachment":[{"href":"https:\/\/www.ufmg.br\/dai\/wp-json\/wp\/v2\/media?parent=49"}],"curies":[{"name":"wp","href":"https:\/\/api.w.org\/{rel}","templated":true}]}}