{"id":507,"date":"2021-08-16T10:27:56","date_gmt":"2021-08-16T13:27:56","guid":{"rendered":"https:\/\/www.ufmg.br\/dai\/?page_id=507"},"modified":"2023-05-24T11:39:14","modified_gmt":"2023-05-24T14:39:14","slug":"a-cpa","status":"publish","type":"page","link":"https:\/\/www.ufmg.br\/dai\/a-cpa\/","title":{"rendered":"A CPA"},"content":{"rendered":"<p>Trata-se a Comiss\u00e3o Pr\u00f3pria de Avalia\u00e7\u00e3o (CPA) de uma comiss\u00e3o prevista no artigo 11 da <a href=\"http:\/\/www.planalto.gov.br\/ccivil_03\/_ato2004-2006\/2004\/lei\/l10.861.htm\">Lei n. 10.861, de 14 de abril de 2004<\/a> e criada n\u00e3o s\u00f3 para conduzir os processos de avalia\u00e7\u00e3o interna da IES, como tamb\u00e9m os processos de sistematiza\u00e7\u00e3o e de presta\u00e7\u00e3o das informa\u00e7\u00f5es solicitadas pelo Inep.<\/p>\n<p>Na UFMG, a CPA \u00e9 regulamentada pela\u00a0<a href=\"https:\/\/www.ufmg.br\/dai\/wp-content\/uploads\/2021\/10\/Resolucao-CEPE-15-2014_Criacao_CPA.pdf\">Resolu\u00e7\u00e3o Cepe n. 15\/2014<\/a> e est\u00e1 vinculada ao Gabinete da Reitoria. Sua composi\u00e7\u00e3o foi pensada visando \u00e0 representatividade da Comunidade Acad\u00eamica (professores de diferentes \u00e1reas do conhecimento, servidores TAEs e estudantes), assim como a articula\u00e7\u00e3o entre setores essenciais no seu processo avaliativo, como Pr\u00f3-Reitorias, Diretorias, Cedecom, Fump e DCE. Em raz\u00e3o disso, \u00e9 constitu\u00edda por: 1) o(a) Diretor(a) e o(a) Diretor(a) Adjunto(a) da Diretoria de Avalia\u00e7\u00e3o Institucional &#8211; DAI, indicados pelo Reitor, e 2) 14 membros titulares e seus respectivos suplentes, indicados pelo Cepe, e nomeados por Portaria do(a) Reitor(a), sendo 06 servidores docentes das diversas \u00e1reas de conhecimento, 05 servidores T\u00e9cnico-Administrativos em Educa\u00e7\u00e3o &#8211; TAEs, 02 discentes e 01 membro n\u00e3o pertencente aos quadros da UFMG.<\/p>\n<p>Existem na UFMG processos de autoavalia\u00e7\u00e3o em diversos setores, destacando-se: i) avalia\u00e7\u00e3o da Gradua\u00e7\u00e3o, realizada pela Prograd; ii) avalia\u00e7\u00e3o da extens\u00e3o; realizada pela Diretoria de Avalia\u00e7\u00e3o da Proex; iii) avalia\u00e7\u00e3o da Pesquisa e P\u00f3s-Gradua\u00e7\u00e3o, referenciada pelos crit\u00e9rios da Capes\/MEC; iv) avalia\u00e7\u00e3o de desempenho dos servidores, realizada pela PRORH, e avalia\u00e7\u00e3o dos departamentos pela CPPD; v) avalia\u00e7\u00e3o do desempenho did\u00e1tico do docente realizada pelo discente, acompanhada pela DAI. A CPA se prop\u00f5e a acompanhar e relatar esses processos avaliativos, compondo um retrato institucional em seus relat\u00f3rios anuais. Al\u00e9m disso, desenvolve outros estudos complementares ao processo de avalia\u00e7\u00e3o j\u00e1 existente na UFMG.<\/p>\n<p>Para alcan\u00e7ar os objetivos relacionados \u00e0 avalia\u00e7\u00e3o dos cursos de Gradua\u00e7\u00e3o, a CPA organiza encontros semestrais, tendo como p\u00fablico-alvo principal os Coordenadores de Colegiado e membros de N\u00facleo Docente Estruturante &#8211; NDE, para discuss\u00e3o de temas relacionados, principalmente, ao ensino e \u00e0 extens\u00e3o. Al\u00e9m disso, comparece em eventos e reuni\u00f5es promovidas por NDEs e Colegiados, realiza reuni\u00f5es individuais com coordenadores de cursos de Gradua\u00e7\u00e3o para discuss\u00e3o dos resultados do Enade e acompanha as visitas de avalia\u00e7\u00e3o in loco.<\/p>\n<p>Assim, a autoavalia\u00e7\u00e3o institucional \u00e9 sistematizada pela CPA e orientada pelas diretrizes previstas na legisla\u00e7\u00e3o, pelo <a href=\"https:\/\/www.ufmg.br\/dai\/wp-content\/uploads\/2023\/05\/roteiro_de_auto_avaliacao_institucional_2004.pdf\">Roteiro para Relat\u00f3rio de Autoavalia\u00e7\u00e3o Institucional<\/a> e pela <a href=\"https:\/\/www.ufmg.br\/dai\/wp-content\/uploads\/2021\/07\/nota_tecnica_n65_roteiro_relatorio_de_autoavaliacao_institucional.pdf\">Nota T\u00e9cnica Inep\/Daes\/Conaes n. 65\/2014.<\/a><\/p>\n<p>&nbsp;<\/p>\n<div id=\"sp-ea-233\" class=\"sp-ea-one sp-easy-accordion\" data-ex-icon=\"fa-minus\" data-col-icon=\"fa-plus\"  data-ea-active=\"ea-click\"  data-ea-mode=\"vertical\" data-preloader=\"\"><div class=\"ea-card  sp-ea-single\"><h3 class=\"ea-header\"><a class=\"collapsed\" data-sptoggle=\"spcollapse\" data-sptarget=\"#collapse2330\" href=\"javascript:void(0)\" aria-expanded=\"false\"><i class=\"ea-expand-icon fa fa-plus\"><\/i> Atribui\u00e7\u00f5es da CPA<\/a><\/h3><div class=\"sp-collapse spcollapse spcollapse\" id=\"collapse2330\" data-parent=\"#sp-ea-233\"><div class=\"ea-body\"> <p>De acordo com a <a href=\"https:\/\/www.ufmg.br\/dai\/wp-content\/uploads\/2021\/07\/RESOLUCAO-CEPE-15-2014_composicao-CPA.pdf\">Resolu\u00e7\u00e3o Cepe n. 15\/2014<\/a>, a CPA possui como atribui\u00e7\u00f5es:<\/p>\n<p>I - Sistematizar as informa\u00e7\u00f5es sobre a Universidade e seus cursos, visando \u00e0 implementa\u00e7\u00e3o dos processos avaliativos definidos no Sinaes;<\/p>\n<p>II - Examinar os resultados dos processos internos de avalia\u00e7\u00e3o institucional vinculados ao Sinaes e emitir parecer a respeito dessa mat\u00e9ria, para conhecimento da comunidade universit\u00e1ria e da sociedade;<\/p>\n<p>III - Solicitar \u00e0 DAI a realiza\u00e7\u00e3o de estudos com a finalidade de aprofundar o conhecimento sobre os aspectos da Educa\u00e7\u00e3o Superior que interferem nos processos acad\u00eamicos e na qualidade dos cursos oferecidos pela institui\u00e7\u00e3o;<\/p>\n<p>IV - Submeter aos colegiados superiores da UFMG os projetos de autoavalia\u00e7\u00e3o institucional e o relat\u00f3rio final.<\/p>\n <\/div><\/div><\/div><div class=\"ea-card  sp-ea-single\"><h3 class=\"ea-header\"><a class=\"collapsed\" data-sptoggle=\"spcollapse\" data-sptarget=\"#collapse2331\" href=\"javascript:void(0)\" aria-expanded=\"false\"><i class=\"ea-expand-icon fa fa-plus\"><\/i> Composi\u00e7\u00e3o Atual da CPA<\/a><\/h3><div class=\"sp-collapse spcollapse spcollapse\" id=\"collapse2331\" data-parent=\"#sp-ea-233\"><div class=\"ea-body\"> <p><b>Diretora de Avalia\u00e7\u00e3o Institucional<\/b><\/p>\n<p>Professora Viviane Santos Birchal<\/p>\n<p><b>Diretora Adjunta de Avalia\u00e7\u00e3o Institucional<\/b><\/p>\n<p>Micheline Sanches de Souza<\/p>\n<p><b>Servidores docentes (titulares e respectivos suplentes)<\/b><\/p>\n<p>Professora Anna Christina de Almeida (ICA) | Professora L\u00facia Pompeu de Freitas Campos (Escola de M\u00fasica)<\/p>\n<p>Professor Luis Felipe Soares Cherem (IGC) | Suplente em vac\u00e2ncia<\/p>\n<p>Professora Luciana Lucente (FALE) | Professor Meinhard Sesselmann (Escola de Engenharia)<\/p>\n<p>Professora Maria Rosimary Soares dos Santos (FAE) | Professora Marina Gon\u00e7alves Diniz (ICB)<\/p>\n<p>Professora Marlene Azevedo Magalh\u00e3es Monteiro (Escola de Enfermagem) | Professora Luciana Macedo de Resende (Faculdade de Medicina)<\/p>\n<p>Professora Roseane Baitucci Passos de Oliveira (Faculdade de Farm\u00e1cia) | Manuelina Maria Duarte C\u00e2ndido (ECI)<\/p>\n<p><b>Servidores t\u00e9cnico-administrativos em educa\u00e7\u00e3o (titulares e respectivos suplentes)<\/b><\/p>\n<p>Daniele Cl\u00e1udia Matta Fagundes Z\u00e1rate (DTI) | Janice Pereira da Costa (PROPLAN)<\/p>\n<p>Luiz Ant\u00f4nio de Faria Fonseca J\u00fanior (DAI) | Larissa do Nascimento Viana (DAI)<\/p>\n<p>Amanda Maria Silva Nogueira (PRPG) \/ Thales Valentim Assis (PRORH)<\/p>\n<p>Alexandre Flores Alkimim (PROGRAD) | D\u00e9bora Augusta Rossi Fantini (PRPQ)<\/p>\n<p>Vanessa Avelar Cappelle Fonseca (PROEX) | M\u00e1rcia Helena de Souza (PRAE)<\/p>\n<p><b>Discentes (titulares, suplentes em vac\u00e2ncia)<\/b><\/p>\n<p>Eloiza Augusta Gomes (Escola de Enfermagem) | Ana Laura Feitosa Matias (ICEX)<\/p>\n<p><b>Membros n\u00e3o pertencentes aos quadros da UFMG (titular e respectivo suplente)<\/b><\/p>\n<p>Professora Ana Maria Chagas Sette C\u00e2mara (EEFFTO) | Professora L\u00edgia Maria Moreira Dumont (ECI)<\/p>\n <\/div><\/div><\/div><div class=\"ea-card  sp-ea-single\"><h3 class=\"ea-header\"><a class=\"collapsed\" data-sptoggle=\"spcollapse\" data-sptarget=\"#collapse2332\" href=\"javascript:void(0)\" aria-expanded=\"false\"><i class=\"ea-expand-icon fa fa-plus\"><\/i> Portarias de Composi\u00e7\u00e3o da CPA<\/a><\/h3><div class=\"sp-collapse spcollapse spcollapse\" id=\"collapse2332\" data-parent=\"#sp-ea-233\"><div class=\"ea-body\"> <p><a href=\"https:\/\/www.ufmg.br\/dai\/wp-content\/uploads\/2021\/06\/Portaria-No-11233-2025-Designa-membros-da-Comissao-Propria-de-Avaliacao-CPA1.pdf\">Portaria n. 11.233, de 07 de novembro de 2025<\/a>. Altera a composi\u00e7\u00e3o da CPA - UFMG.<\/p>\n<p><a href=\"https:\/\/www.ufmg.br\/dai\/wp-content\/uploads\/2021\/06\/SEI_3822924_Portaria_11410.pdf\">Portaria n. 11.410, de 13 de dezembro de 2024<\/a>. Altera a composi\u00e7\u00e3o da CPA - UFMG<\/p>\n<p><a href=\"https:\/\/www.ufmg.br\/dai\/wp-content\/uploads\/2021\/06\/PORTARIA-No-4830-de-2023.pdf\">Portaria n. 4.830, de 29 de maio de 2023<\/a>. Altera a composi\u00e7\u00e3o da CPA - UFMG.<\/p>\n<p><a href=\"https:\/\/www.ufmg.br\/dai\/wp-content\/uploads\/2021\/06\/PORTARIA-No-7922-de-2022.pdf\">Portaria n. 7.922, de 27 de setembro de 2022<\/a>. Altera a composi\u00e7\u00e3o da CPA - UFMG.<\/p>\n<p><a href=\"https:\/\/www.ufmg.br\/dai\/wp-content\/uploads\/2021\/06\/PORTARIA-No-4723-DE-20-DE-JUNHO-DE-2022_RECOMPOSICAO-CPA.pdf\">Portaria n. 4.723, de 20 junho de 2022<\/a>. Recomp\u00f5e a CPA - UFMG.<\/p>\n<p><a href=\"https:\/\/www.ufmg.br\/dai\/wp-content\/uploads\/2021\/07\/Portaria-No-3868-CPA-2021.pdf\">Portaria Gabinete n. 3.868, de 31 de maio de 2021<\/a>.\u00a0 Altera a composi\u00e7\u00e3o da CPA - UFMG.<\/p>\n<p><a href=\"https:\/\/www.ufmg.br\/dai\/wp-content\/uploads\/2021\/07\/Portaria-N-269-2018-CPA-2018-2021.pdf\">Portaria Gabinete n. 269, de 7 de dezembro de 2018<\/a>. Recomp\u00f5e a CPA - UFMG.<\/p>\n<p><a href=\"https:\/\/www.ufmg.br\/dai\/wp-content\/uploads\/2021\/07\/Portaria-No-080-2015.pdf\">Portaria Gabinete n. 80, de 30 de setembro de 2015<\/a>. Altera a composi\u00e7\u00e3o da CPA - UFMG.<\/p>\n<p><a href=\"https:\/\/www.ufmg.br\/dai\/wp-content\/uploads\/2021\/07\/Portaria-no-171-2014.pdf\">Portaria Gabinete n. 171, de 03 de outubro de 2014<\/a>. Constitui a CPA - UFMG.<\/p>\n<p><a href=\"https:\/\/www.ufmg.br\/dai\/wp-content\/uploads\/2021\/07\/Portaria-no100-de-16-de-outubro-de-2012-Altera-a-composicao-da-Comissao-Propria-de-Avaliacao-CPA..pdf\">Portaria n. 100, de 16 de outubro de 2012<\/a>. Altera a composi\u00e7\u00e3o da CPA - UFMG.<\/p>\n<p><a href=\"https:\/\/www.ufmg.br\/dai\/wp-content\/uploads\/2021\/07\/Portaria-16-06-de-outubro-de-2010.pdf\">Portaria n. 16, de 06 de outubro de 2010<\/a>. Altera composi\u00e7\u00e3o da CPA - UFMG.<\/p>\n<p><a href=\"https:\/\/www.ufmg.br\/dai\/wp-content\/uploads\/2021\/07\/02-portaria-CPA-2009.pdf\">Portaria n. 02, de 02 de fevereiro de 2009<\/a>. Altera composi\u00e7\u00e3o da CPA - UFMG.<\/p>\n<p><a href=\"https:\/\/www.ufmg.br\/dai\/wp-content\/uploads\/2021\/07\/02-portaria-CPA-2007.pdf\">Portaria n. 02, de 30 de mar\u00e7o de 2007<\/a>. Altera composi\u00e7\u00e3o da CPA - UFMG.<\/p>\n<p><a href=\"https:\/\/www.ufmg.br\/dai\/wp-content\/uploads\/2021\/07\/Portaria-no064-de-25-de-abril-de-2006-Altera-composicao-da-Comissao-Propria-de-Avaliacao-CPA.pdf\">Portaria n. 64, de 25 de abril de 2006<\/a>. Altera composi\u00e7\u00e3o da CPA - UFMG.<\/p>\n <\/div><\/div><\/div><div class=\"ea-card  sp-ea-single\"><h3 class=\"ea-header\"><a class=\"collapsed\" data-sptoggle=\"spcollapse\" data-sptarget=\"#collapse2333\" href=\"javascript:void(0)\" aria-expanded=\"false\"><i class=\"ea-expand-icon fa fa-plus\"><\/i> Relat\u00f3rios de Autoavalia\u00e7\u00e3o Institucional<\/a><\/h3><div class=\"sp-collapse spcollapse spcollapse\" id=\"collapse2333\" data-parent=\"#sp-ea-233\"><div class=\"ea-body\"> <p>Todo o processo de trabalho da CPA, assim como os resultados analisados, \u00e9 consolidado em um Relat\u00f3rio de Autoavalia\u00e7\u00e3o Institucional. Trata-se de um relat\u00f3rio elaborado com base em um roteiro proposto pela Diretoria de Avalia\u00e7\u00e3o da Educa\u00e7\u00e3o Superior do Inep\/MEC e composto por um relat\u00f3rio de transi\u00e7\u00e3o, dois relat\u00f3rios parciais e um relat\u00f3rio integral. O Relat\u00f3rio da CPA, elaborado anualmente e publicado no Sistema e-MEC, tem por finalidade promover a cultura de autoavalia\u00e7\u00e3o e subsidiar os processos de avalia\u00e7\u00e3o externa. Al\u00e9m disso, tais relat\u00f3rios servem de refer\u00eancia para proposi\u00e7\u00e3o do processo de elabora\u00e7\u00e3o do PDI da UFMG.<\/p>\n<p><a href=\"https:\/\/www.ufmg.br\/dai\/wp-content\/uploads\/2021\/06\/Segundo-Relato\u0301rio-Parcial_CPA_UFMG_2025_v2.pdf\">Relat\u00f3rio de Autoavalia\u00e7\u00e3o Institucional 2025<\/a><\/p>\n<p><a href=\"https:\/\/www.ufmg.br\/dai\/wp-content\/uploads\/2021\/06\/RELATORIO-Primeiro-Parcial-CPA\u2013-UFMG-2024.pdf\">Relat\u00f3rio de Autoavalia\u00e7\u00e3o Institucional 2024<\/a><\/p>\n<p><a href=\"https:\/\/www.ufmg.br\/dai\/wp-content\/uploads\/2021\/06\/RELATORIO-Integral-CPA\u2013-UFMG-2021-2023.pdf\">Relat\u00f3rio de Autoavalia\u00e7\u00e3o Institucional 2023<\/a><\/p>\n<p><a href=\"https:\/\/www.ufmg.br\/dai\/wp-content\/uploads\/2021\/06\/775068_62.pdf\">Relat\u00f3rio de Autoavalia\u00e7\u00e3o Institucional 2022<\/a><\/p>\n<p><a href=\"https:\/\/www.ufmg.br\/dai\/wp-content\/uploads\/2021\/06\/Primeiro-Relatorio-Parcial-CPA-UFMG-2021.pdf\">Relat\u00f3rio de Autoavalia\u00e7\u00e3o Institucional 2021<\/a><\/p>\n<p><a href=\"https:\/\/www.ufmg.br\/dai\/wp-content\/uploads\/2021\/07\/Relatorio-Integral-de-Autoavaliacao-Institucional-UFMG-2018_2020_Marco-2021.pdf\">Relat\u00f3rio de Autoavalia\u00e7\u00e3o Institucional 2020<\/a><\/p>\n<p><a href=\"https:\/\/www.ufmg.br\/dai\/wp-content\/uploads\/2021\/07\/Relatorio-UFMG-2019-2020.pdf\">Relat\u00f3rio de Autoavalia\u00e7\u00e3o Institucional 2019<\/a><\/p>\n<p><a href=\"https:\/\/www.ufmg.br\/dai\/wp-content\/uploads\/2021\/07\/PrimeiroRelatorioParcial-Marco2019-CPA-UFMG.pdf\">Relat\u00f3rio de Autoavalia\u00e7\u00e3o Institucional 2018<\/a><\/p>\n<p><a href=\"https:\/\/www.ufmg.br\/dai\/wp-content\/uploads\/2021\/07\/RELATO-INSTITUCIONAL-2017-07MARC-1.pdf\">Relato Institucional 2017<\/a><\/p>\n<p><a href=\"https:\/\/www.ufmg.br\/dai\/wp-content\/uploads\/2021\/07\/CPA-UFMG-2014_2018-Integral.pdf\">Relat\u00f3rio de Autoavalia\u00e7\u00e3o Institucional 2017<\/a><\/p>\n<p><a href=\"https:\/\/www.ufmg.br\/dai\/wp-content\/uploads\/2021\/06\/RAI_CPA-UFMG_2017.pdf\">Relat\u00f3rio de Autoavalia\u00e7\u00e3o Institucional 2016<\/a><\/p>\n<p>Relat\u00f3rio de Autoavalia\u00e7\u00e3o Institucional 2015 (<a href=\"https:\/\/www.ufmg.br\/dai\/wp-content\/uploads\/2021\/07\/CPA-2016_Relatorio-Parcial_Parte-1.pdf\">Parte 1<\/a>, <a href=\"https:\/\/www.ufmg.br\/dai\/wp-content\/uploads\/2021\/07\/CPA-2016_Relatorio-Parcial_Parte-2.pdf\">Parte 2<\/a>, <a href=\"https:\/\/www.ufmg.br\/dai\/wp-content\/uploads\/2021\/07\/CPA-2016_Relatorio-Parcial_Parte-3.pdf\">Parte 3<\/a>)<\/p>\n<p><a href=\"https:\/\/www.ufmg.br\/dai\/wp-content\/uploads\/2021\/07\/relatorio-autoavaliacao-institucional-2015.pdf\">Relat\u00f3rio de Autoavalia\u00e7\u00e3o Institucional 2014<\/a><\/p>\n<p><a href=\"https:\/\/www.ufmg.br\/dai\/wp-content\/uploads\/2021\/07\/CPA_RAI_2013_2015.pdf\">Relat\u00f3rio de Autoavalia\u00e7\u00e3o Institucional 2013<\/a><\/p>\n<p><a href=\"https:\/\/www.ufmg.br\/dai\/wp-content\/uploads\/2021\/06\/Relatorio-UFMG-Ciclo-2010-2012.pdf\">Relat\u00f3rio de Autoavalia\u00e7\u00e3o Institucional 2012<\/a><\/p>\n<p><a href=\"https:\/\/www.ufmg.br\/dai\/wp-content\/uploads\/2021\/09\/Relatorio-CPA_UFMG-2011.pdf\">Relat\u00f3rio de Autoavalia\u00e7\u00e3o Institucional 2011<\/a><\/p>\n<p><a href=\"https:\/\/www.ufmg.br\/dai\/wp-content\/uploads\/2021\/07\/Relatorio-CPA_UFMG-2011.pdf\">Relat\u00f3rio de Autoavalia\u00e7\u00e3o Institucional 2010<\/a><\/p>\n<p><a href=\"https:\/\/www.ufmg.br\/dai\/wp-content\/uploads\/2021\/07\/CPA_RAI_2009.pdf\">Relat\u00f3rio de Autoavalia\u00e7\u00e3o Institucional 2009<\/a><\/p>\n<p><a href=\"https:\/\/www.ufmg.br\/dai\/wp-content\/uploads\/2021\/07\/CPA_RAI-2006_2008.pdf\">Relat\u00f3rio de Autoavalia\u00e7\u00e3o Institucional 2006 - 2008<\/a><\/p>\n<p><a href=\"https:\/\/www.ufmg.br\/dai\/wp-content\/uploads\/2021\/07\/avaliacao_institucional_2002-2005.pdf\">Relat\u00f3rio de Autoavalia\u00e7\u00e3o Institucional 2002 - 2005<\/a><\/p>\n <\/div><\/div><\/div><div class=\"ea-card  sp-ea-single\"><h3 class=\"ea-header\"><a class=\"collapsed\" data-sptoggle=\"spcollapse\" data-sptarget=\"#collapse2334\" href=\"javascript:void(0)\" aria-expanded=\"false\"><i class=\"ea-expand-icon fa fa-plus\"><\/i> Contato CPA<\/a><\/h3><div class=\"sp-collapse spcollapse spcollapse\" id=\"collapse2334\" data-parent=\"#sp-ea-233\"><div class=\"ea-body\"> <p>Secretaria da DAI | <a href=\"https:\/\/www.ufmg.br\/dai\/contato-info\/\">info@dai.ufmg.br<\/a> | (31) 3409-5516<\/p>\n <\/div><\/div><\/div><\/div>\n","protected":false},"excerpt":{"rendered":"<p>Trata-se a Comiss\u00e3o Pr\u00f3pria de Avalia\u00e7\u00e3o (CPA) de uma comiss\u00e3o [&hellip;]<\/p>\n","protected":false},"author":1,"featured_media":0,"parent":0,"menu_order":0,"comment_status":"closed","ping_status":"closed","template":"","meta":[],"_links":{"self":[{"href":"https:\/\/www.ufmg.br\/dai\/wp-json\/wp\/v2\/pages\/507"}],"collection":[{"href":"https:\/\/www.ufmg.br\/dai\/wp-json\/wp\/v2\/pages"}],"about":[{"href":"https:\/\/www.ufmg.br\/dai\/wp-json\/wp\/v2\/types\/page"}],"author":[{"embeddable":true,"href":"https:\/\/www.ufmg.br\/dai\/wp-json\/wp\/v2\/users\/1"}],"replies":[{"embeddable":true,"href":"https:\/\/www.ufmg.br\/dai\/wp-json\/wp\/v2\/comments?post=507"}],"version-history":[{"count":19,"href":"https:\/\/www.ufmg.br\/dai\/wp-json\/wp\/v2\/pages\/507\/revisions"}],"predecessor-version":[{"id":850,"href":"https:\/\/www.ufmg.br\/dai\/wp-json\/wp\/v2\/pages\/507\/revisions\/850"}],"wp:attachment":[{"href":"https:\/\/www.ufmg.br\/dai\/wp-json\/wp\/v2\/media?parent=507"}],"curies":[{"name":"wp","href":"https:\/\/api.w.org\/{rel}","templated":true}]}}