{"id":1048,"date":"2025-09-02T12:12:19","date_gmt":"2025-09-02T15:12:19","guid":{"rendered":"https:\/\/www.ufmg.br\/dedd\/esud2025\/?page_id=1048"},"modified":"2025-10-22T11:35:56","modified_gmt":"2025-10-22T14:35:56","slug":"chamada-para-monitores-voluntarios","status":"publish","type":"page","link":"https:\/\/www.ufmg.br\/dedd\/esud2025\/chamada-para-monitores-voluntarios\/","title":{"rendered":"Chamada para monitores volunt\u00e1rios"},"content":{"rendered":"\n<p>A organiza\u00e7\u00e3o do 21\u00ba Congresso de Ensino Superior a Dist\u00e2ncia (ESUD) e do 10\u00ba Congresso Internacional de Educa\u00e7\u00e3o Superior a Dist\u00e2ncia (CIESUD) recebe inscri\u00e7\u00f5es, at\u00e9 o dia 22\/9, para a sele\u00e7\u00e3o de interessados em atuar como volunt\u00e1rios nos eventos.<\/p>\n\n\n\n<p>Os monitores poder\u00e3o ser designados para diferentes fun\u00e7\u00f5es, tais como:<\/p>\n\n\n\n<ul class=\"wp-block-list\">\n<li>Assist\u00eancia no credenciamento;<\/li>\n\n\n\n<li>Apoio a mesas-redondas e audit\u00f3rios;<\/li>\n\n\n\n<li>Suporte em salas de apresenta\u00e7\u00f5es orais;<\/li>\n\n\n\n<li>Apoio \u00e0s oficinas e minicursos;<\/li>\n\n\n\n<li>Assist\u00eancia em m\u00eddia e comunica\u00e7\u00e3o;<\/li>\n\n\n\n<li>Log\u00edstica e organiza\u00e7\u00e3o geral;<\/li>\n\n\n\n<li>Apoio volante \u00e0 equipe do congresso.<\/li>\n<\/ul>\n\n\n\n<p><\/p>\n\n\n\n<p><strong><span style=\"text-decoration: underline;\">Escalas previstas <\/span><\/strong><\/p>\n\n\n\n<ul class=\"wp-block-list\">\n<li><strong>11\/11\/2025<\/strong> \u2013 manh\u00e3, tarde e noite<\/li>\n\n\n\n<li><strong>12\/11\/2025<\/strong> \u2013 manh\u00e3 e tarde<\/li>\n\n\n\n<li><strong>13\/11\/2025<\/strong> \u2013 manh\u00e3 e tarde<\/li>\n\n\n\n<li><strong>14\/11\/2025<\/strong> \u2013 manh\u00e3 e tarde<\/li>\n<\/ul>\n\n\n\n<p><\/p>\n\n\n\n<p><strong><span style=\"text-decoration: underline;\">Contrapartidas <\/span><\/strong><\/p>\n\n\n\n<ol start=\"1\" class=\"wp-block-list\">\n<li>Isen\u00e7\u00e3o da taxa de inscri\u00e7\u00e3o no congresso para os(as) volunt\u00e1rios(as) que atuarem em, no m\u00ednimo, 4 turnos, conforme a necessidade do evento;<\/li>\n\n\n\n<li>Certificado de trabalho volunt\u00e1rio no congresso;<\/li>\n\n\n\n<li>Treinamento online conforme a fun\u00e7\u00e3o designada (participa\u00e7\u00e3o obrigat\u00f3ria).<\/li>\n<\/ol>\n\n\n\n<p><\/p>\n\n\n\n<p>\u26a0 <strong>Observa\u00e7\u00e3o importante:<\/strong> o congresso <strong>n\u00e3o custear\u00e1 deslocamento, hospedagem ou alimenta\u00e7\u00e3o<\/strong> dos(as) volunt\u00e1rios(as).<\/p>\n\n\n\n<p><strong>Convoca\u00e7\u00e3o de monitores volunt\u00e1rios <\/strong><\/p>\n\n\n\n<p>Confira a<a href=\"https:\/\/www.ufmg.br\/dedd\/esud2025\/wp-content\/uploads\/2025\/10\/Convocacao-de-monitores-voluntarios-ESUD-2025.pdf\" data-type=\"link\" data-id=\"https:\/\/www.ufmg.br\/dedd\/esud2025\/wp-content\/uploads\/2025\/10\/Convocacao-de-monitores-voluntarios-ESUD-2025.pdf\"> rela\u00e7\u00e3o de candidatos selecionados <\/a>para atuarem como monitores volunt\u00e1rios no ESUD 2025. <\/p>\n\n\n\n<p>Os aprovados foram convocados, por mensagem enviada ao endere\u00e7o de email informado no ato de inscri\u00e7\u00f5es no dia 21\/10, para reuni\u00e3o com a organiza\u00e7\u00e3o do congresso. A presen\u00e7a \u00e9 obrigat\u00f3ria para os interessados em exercer a fun\u00e7\u00e3o. <\/p>\n\n\n\n<p>Os organizadores do ESUD 2025 agradecem a todos que participaram do processo seletivo. <\/p>\n\n\n\n<p><\/p>\n","protected":false},"excerpt":{"rendered":"<p>A organiza\u00e7\u00e3o do 21\u00ba Congresso de Ensino Superior a Dist\u00e2ncia (ESUD) e do 10\u00ba Congresso Internacional de Educa\u00e7\u00e3o Superior a Dist\u00e2ncia (CIESUD) recebe inscri\u00e7\u00f5es, at\u00e9 o dia 22\/9, para a sele\u00e7\u00e3o de interessados em atuar como volunt\u00e1rios nos eventos. Os monitores poder\u00e3o ser designados para diferentes fun\u00e7\u00f5es, tais como: Escalas previstas Contrapartidas \u26a0 Observa\u00e7\u00e3o importante: [&hellip;]<\/p>\n","protected":false},"author":9,"featured_media":0,"parent":0,"menu_order":0,"comment_status":"closed","ping_status":"closed","template":"","meta":{"_acf_changed":false,"footnotes":""},"class_list":["post-1048","page","type-page","status-publish","hentry"],"acf":[],"_links":{"self":[{"href":"https:\/\/www.ufmg.br\/dedd\/esud2025\/wp-json\/wp\/v2\/pages\/1048"}],"collection":[{"href":"https:\/\/www.ufmg.br\/dedd\/esud2025\/wp-json\/wp\/v2\/pages"}],"about":[{"href":"https:\/\/www.ufmg.br\/dedd\/esud2025\/wp-json\/wp\/v2\/types\/page"}],"author":[{"embeddable":true,"href":"https:\/\/www.ufmg.br\/dedd\/esud2025\/wp-json\/wp\/v2\/users\/9"}],"replies":[{"embeddable":true,"href":"https:\/\/www.ufmg.br\/dedd\/esud2025\/wp-json\/wp\/v2\/comments?post=1048"}],"version-history":[{"count":8,"href":"https:\/\/www.ufmg.br\/dedd\/esud2025\/wp-json\/wp\/v2\/pages\/1048\/revisions"}],"predecessor-version":[{"id":1673,"href":"https:\/\/www.ufmg.br\/dedd\/esud2025\/wp-json\/wp\/v2\/pages\/1048\/revisions\/1673"}],"wp:attachment":[{"href":"https:\/\/www.ufmg.br\/dedd\/esud2025\/wp-json\/wp\/v2\/media?parent=1048"}],"curies":[{"name":"wp","href":"https:\/\/api.w.org\/{rel}","templated":true}]}}