{"id":153,"date":"2024-08-02T15:16:52","date_gmt":"2024-08-02T18:16:52","guid":{"rendered":"http:\/\/localhost\/incubadora\/institucional\/?page_id=153"},"modified":"2025-09-26T11:23:02","modified_gmt":"2025-09-26T14:23:02","slug":"apresentacao","status":"publish","type":"page","link":"https:\/\/www.ufmg.br\/dedd\/esud2025\/apresentacao\/","title":{"rendered":"Apresenta\u00e7\u00e3o"},"content":{"rendered":"<h2>\n  <img decoding=\"async\" src=\"https:\/\/www.ufmg.br\/dedd\/esud2025\/wp-content\/uploads\/2025\/09\/Banner_Apresentacao.png\" alt=\"Apresenta\u00e7\u00e3o\">\n<\/h2>\n\n<p>O 21\u00ba ESUD e 10\u00ba CIESUD 2025 \u00e9 uma realiza\u00e7\u00e3o da Associa\u00e7\u00e3o Universidade em Rede (<a class=\"links\" href=\"https:\/\/www.aunirede.org.br\/\" data-type=\"link\" data-id=\"https:\/\/www.aunirede.org.br\/\" target=\"_blank\" rel=\"noreferrer noopener\">UniRede<\/a>) em parceria com a Universidade Federal de Minas Gerais (<a class=\"links\" href=\"https:\/\/www.ufmg.br\/\" data-type=\"link\" data-id=\"https:\/\/www.ufmg.br\/\" target=\"_blank\" rel=\"noreferrer noopener\">UFMG<\/a>), por meio da Diretoria de Educa\u00e7\u00e3o a Dist\u00e2ncia e Educa\u00e7\u00e3o Digital (<a class=\"links\" href=\"https:\/\/www.ufmg.br\/dedd\" data-type=\"link\" data-id=\"https:\/\/www.ufmg.br\/dedd\" target=\"_blank\" rel=\"noreferrer noopener\">DEDD<\/a>) da UFMG. O evento prop\u00f5e um espa\u00e7o de converg\u00eancia para debates sobre o futuro da Educa\u00e7\u00e3o a Dist\u00e2ncia no Brasil e no cen\u00e1rio internacional, sob o tema \u201cDisrup\u00e7\u00e3o Tecnol\u00f3gica e Pol\u00edtica na EAD\u201d, e tamb\u00e9m prop\u00f5e discutir como as inova\u00e7\u00f5es tecnol\u00f3gicas impactam as pr\u00e1ticas pedag\u00f3gicas e as pol\u00edticas educacionais, sobretudo diante das novas Diretrizes Curriculares Nacionais de 2024 e dos Referenciais de Qualidade para EaD.<\/p>\n\n\n\n\n<p>Com uma <a class='links' href=\"https:\/\/www.ufmg.br\/dedd\/esud2025\/programacao\/\" data-type=\"link\" data-id=\"https:\/\/www.ufmg.br\/dedd\/esud2025\/programacao\/\">programa\u00e7\u00e3o<\/a> que inclui palestras, pain\u00e9is tem\u00e1ticos, oficinas pr\u00e1ticas e apresenta\u00e7\u00f5es orais, o congresso reunir\u00e1 especialistas, pesquisadores, gestores, docentes e estudantes para debater os desafios e as oportunidades no contexto da Educa\u00e7\u00e3o a Dist\u00e2ncia. A agenda inclui discuss\u00f5es sobre transforma\u00e7\u00e3o digital, metodologias pedag\u00f3gicas inovadoras, pol\u00edticas p\u00fablicas inclusivas e modelos de gest\u00e3o acad\u00eamica que integram tecnologias emergentes.<\/p>\n\n\n\n<p>Ao promover a troca de experi\u00eancias entre institui\u00e7\u00f5es nacionais e internacionais, o 21\u00ba ESUD e 10\u00ba CIESUD reafirma seu compromisso com a dissemina\u00e7\u00e3o do conhecimento cient\u00edfico e a qualifica\u00e7\u00e3o de profissionais da educa\u00e7\u00e3o a dist\u00e2ncia, consolidando-se como um evento estrat\u00e9gico para o fortalecimento da EaD no Brasil. A Universidade Federal de Minas Gerais, anfitri\u00e3 do congresso, oferece uma estrutura acad\u00eamica e tecnol\u00f3gica que potencializa os debates e a realiza\u00e7\u00e3o de atividades pr\u00e1ticas, ampliando o alcance das discuss\u00f5es e favorecendo a constru\u00e7\u00e3o de redes colaborativas para o desenvolvimento da modalidade no pa\u00eds.<\/p>\n\n\n\n<p><\/p>\n","protected":false},"excerpt":{"rendered":"<p>O 21\u00ba ESUD e 10\u00ba CIESUD 2025 \u00e9 uma realiza\u00e7\u00e3o da Associa\u00e7\u00e3o Universidade em Rede (UniRede) em parceria com a Universidade Federal de Minas Gerais (UFMG), por meio da Diretoria de Educa\u00e7\u00e3o a Dist\u00e2ncia e Educa\u00e7\u00e3o Digital (DEDD) da UFMG. O evento prop\u00f5e um espa\u00e7o de converg\u00eancia para debates sobre o futuro da Educa\u00e7\u00e3o a [&hellip;]<\/p>\n","protected":false},"author":1,"featured_media":0,"parent":0,"menu_order":0,"comment_status":"closed","ping_status":"closed","template":"","meta":{"_acf_changed":false,"footnotes":""},"class_list":["post-153","page","type-page","status-publish","hentry"],"acf":[],"_links":{"self":[{"href":"https:\/\/www.ufmg.br\/dedd\/esud2025\/wp-json\/wp\/v2\/pages\/153"}],"collection":[{"href":"https:\/\/www.ufmg.br\/dedd\/esud2025\/wp-json\/wp\/v2\/pages"}],"about":[{"href":"https:\/\/www.ufmg.br\/dedd\/esud2025\/wp-json\/wp\/v2\/types\/page"}],"author":[{"embeddable":true,"href":"https:\/\/www.ufmg.br\/dedd\/esud2025\/wp-json\/wp\/v2\/users\/1"}],"replies":[{"embeddable":true,"href":"https:\/\/www.ufmg.br\/dedd\/esud2025\/wp-json\/wp\/v2\/comments?post=153"}],"version-history":[{"count":13,"href":"https:\/\/www.ufmg.br\/dedd\/esud2025\/wp-json\/wp\/v2\/pages\/153\/revisions"}],"predecessor-version":[{"id":1488,"href":"https:\/\/www.ufmg.br\/dedd\/esud2025\/wp-json\/wp\/v2\/pages\/153\/revisions\/1488"}],"wp:attachment":[{"href":"https:\/\/www.ufmg.br\/dedd\/esud2025\/wp-json\/wp\/v2\/media?parent=153"}],"curies":[{"name":"wp","href":"https:\/\/api.w.org\/{rel}","templated":true}]}}