{"id":179,"date":"2025-05-13T17:06:12","date_gmt":"2025-05-13T20:06:12","guid":{"rendered":"https:\/\/www.ufmg.br\/dedd\/esud2025\/?page_id=179"},"modified":"2025-09-24T15:01:47","modified_gmt":"2025-09-24T18:01:47","slug":"trilhas-tematicas","status":"publish","type":"page","link":"https:\/\/www.ufmg.br\/dedd\/esud2025\/trilhas-tematicas\/","title":{"rendered":"Trilhas Tem\u00e1ticas"},"content":{"rendered":"<h2>\n  <img decoding=\"async\" src=\"https:\/\/www.ufmg.br\/dedd\/esud2025\/wp-content\/uploads\/2025\/09\/0-trilhas-tematicas.png\" alt=\"Trilhas Tem\u00e1ticas\">\n<\/h2>\n\n<p>O 21\u00ba ESUD e 10\u00ba CIESUD organizam os trabalhos em seis trilhas tem\u00e1ticas, que abrangem diferentes \u00e1reas de discuss\u00e3o sobre a Educa\u00e7\u00e3o a Dist\u00e2ncia:<\/p>\n\n\n\n<ul class=\"wp-block-list\">\n<li><strong>Trilha Tem\u00e1tica I &#8211; Gest\u00e3o, Governan\u00e7a e Pol\u00edticas P\u00fablicas:<\/strong> estudos que discutem o uso de tecnologias nos processos de gest\u00e3o acad\u00eamica e pol\u00edticas p\u00fablicas aplicadas \u00e0 EAD.<\/li>\n\n\n\n<li><strong>Trilha Tem\u00e1tica II &#8211; Qualidade e Institucionaliza\u00e7\u00e3o da EAD<\/strong>: reflex\u00f5es sobre a qualidade dos materiais digitais, forma\u00e7\u00e3o docente e institucionaliza\u00e7\u00e3o da EAD no ensino superior.<\/li>\n\n\n\n<li><strong>Trilha Tem\u00e1tica III &#8211; Modelos Pedag\u00f3gicos, Trilhas de Aprendizagem e Metodologias:<\/strong> abordagens sobre metodologias pedag\u00f3gicas inovadoras, trilhas de aprendizagem e acessibilidade.<\/li>\n\n\n\n<li><strong>Trilha Tem\u00e1tica IV &#8211; Transforma\u00e7\u00e3o Digital, Inova\u00e7\u00e3o e Produ\u00e7\u00e3o de Materiais Did\u00e1ticos:<\/strong> debates sobre produ\u00e7\u00e3o de materiais did\u00e1ticos digitais, acessibilidade e aplica\u00e7\u00e3o de tecnologias emergentes na EAD.<\/li>\n\n\n\n<li><strong>Trilha Tem\u00e1tica V &#8211; Forma\u00e7\u00e3o Docente para Atua\u00e7\u00e3o na EAD: <\/strong>pr\u00e1ticas e experi\u00eancias na forma\u00e7\u00e3o de professores para a EAD, com destaque para abordagens pedag\u00f3gicas inclusivas.<\/li>\n\n\n\n<li><strong>Trilha Tem\u00e1tica VI &#8211; Assist\u00eancia Estudantil, Acessibilidade e Inclus\u00e3o na EAD:<\/strong> discuss\u00f5es sobre assist\u00eancia estudantil e estrat\u00e9gias para promover a acessibilidade e inclus\u00e3o nos cursos a dist\u00e2ncia.<\/li>\n<\/ul>\n","protected":false},"excerpt":{"rendered":"<p>O 21\u00ba ESUD e 10\u00ba CIESUD organizam os trabalhos em seis trilhas tem\u00e1ticas, que abrangem diferentes \u00e1reas de discuss\u00e3o sobre a Educa\u00e7\u00e3o a Dist\u00e2ncia:<\/p>\n","protected":false},"author":2,"featured_media":0,"parent":0,"menu_order":0,"comment_status":"closed","ping_status":"closed","template":"","meta":{"_acf_changed":false,"footnotes":""},"class_list":["post-179","page","type-page","status-publish","hentry"],"acf":[],"_links":{"self":[{"href":"https:\/\/www.ufmg.br\/dedd\/esud2025\/wp-json\/wp\/v2\/pages\/179"}],"collection":[{"href":"https:\/\/www.ufmg.br\/dedd\/esud2025\/wp-json\/wp\/v2\/pages"}],"about":[{"href":"https:\/\/www.ufmg.br\/dedd\/esud2025\/wp-json\/wp\/v2\/types\/page"}],"author":[{"embeddable":true,"href":"https:\/\/www.ufmg.br\/dedd\/esud2025\/wp-json\/wp\/v2\/users\/2"}],"replies":[{"embeddable":true,"href":"https:\/\/www.ufmg.br\/dedd\/esud2025\/wp-json\/wp\/v2\/comments?post=179"}],"version-history":[{"count":2,"href":"https:\/\/www.ufmg.br\/dedd\/esud2025\/wp-json\/wp\/v2\/pages\/179\/revisions"}],"predecessor-version":[{"id":1407,"href":"https:\/\/www.ufmg.br\/dedd\/esud2025\/wp-json\/wp\/v2\/pages\/179\/revisions\/1407"}],"wp:attachment":[{"href":"https:\/\/www.ufmg.br\/dedd\/esud2025\/wp-json\/wp\/v2\/media?parent=179"}],"curies":[{"name":"wp","href":"https:\/\/api.w.org\/{rel}","templated":true}]}}