{"id":201,"date":"2025-05-15T11:17:26","date_gmt":"2025-05-15T14:17:26","guid":{"rendered":"https:\/\/www.ufmg.br\/dedd\/esud2025\/?page_id=201"},"modified":"2025-10-31T14:38:28","modified_gmt":"2025-10-31T17:38:28","slug":"submissoes","status":"publish","type":"page","link":"https:\/\/www.ufmg.br\/dedd\/esud2025\/submissoes\/","title":{"rendered":"Submiss\u00f5es"},"content":{"rendered":"<h2>\n  <img decoding=\"async\" src=\"https:\/\/www.ufmg.br\/dedd\/esud2025\/wp-content\/uploads\/2025\/09\/0-submissoes.png\" alt=\"Submiss\u00f5es\"><br \/>\n<\/h2>\n\n\n<p>O sistema de submiss\u00f5es do ESUD 2025 \u00e9 a plataforma oficial para envio, avalia\u00e7\u00e3o e acompanhamento de trabalhos cient\u00edficos e relatos de experi\u00eancia do evento. <br>Acesse em:<a class=\"links\" href=\"https:\/\/submissoes.netel.ufabc.edu.br\/index.php\/esud2025\/about\/submissions\"> Sistema de Submiss\u00f5es do NETEL<\/a> <\/p>\n\n\n\n<h3 class=\"wp-block-heading\">ORIENTA\u00c7\u00d5ES PARA TRABALHOS APROVADOS \u2013 ESUD\/CIESUD 2025<\/h3>\n\n\n\n<p><\/p>\n\n\n\n<p><strong>Prezados(as) participantes,<\/strong><\/p>\n\n\n\n<p><strong>Segue o cronograma com as principais datas e procedimentos referentes \u00e0 apresenta\u00e7\u00e3o dos trabalhos aprovados:<\/strong><\/p>\n\n\n\n<p><strong>\ud83d\udccc Divulga\u00e7\u00e3o da programa\u00e7\u00e3o das apresenta\u00e7\u00f5es orais \u2013 31\/10\/2025<\/strong><\/p>\n\n\n\n<p>Confira a<a class=\"links\" href=\"https:\/\/www.ufmg.br\/dedd\/esud2025\/wp-content\/uploads\/2025\/10\/Programacao_ApresentacoesOrais_ESUD_2025.docx.pdf\" target=\"_blank\" data-type=\"link\" data-id=\"https:\/\/www.ufmg.br\/dedd\/esud2025\/wp-content\/uploads\/2025\/10\/Programacao_ApresentacoesOrais_ESUD_2025.docx.pdf\" rel=\"noopener\"> programa\u00e7\u00e3o das apresenta\u00e7\u00f5es orais<\/a> com as datas, hor\u00e1rios e salas de apresenta\u00e7\u00e3o de cada trabalho.<\/p>\n\n\n\n<p><strong>\ud83d\udccc Divulga\u00e7\u00e3o dos trabalhos aprovados \u2013 26\/09\/2025<\/strong><\/p>\n\n\n\n<p>Confira<a class=\"links\" href=\"https:\/\/www.ufmg.br\/dedd\/esud2025\/wp-content\/uploads\/2025\/10\/Artigos-e-Relatos-Aprovados_ESUD_2025.17-10-25.pdf\" data-type=\"link\" data-id=\"https:\/\/www.ufmg.br\/dedd\/esud2025\/wp-content\/uploads\/2025\/10\/Artigos-e-Relatos-Aprovados_ESUD_2025.17-10-25.pdf\"> a rela\u00e7\u00e3o de artigos e de relatos de experi\u00eancia aprovados para o ESUD 2025<\/a>. <\/p>\n\n\n\n<ul class=\"wp-block-list\">\n<li>Para que o artigo\/relato seja publicado e apresentado no evento, \u00e9 necess\u00e1rio que pelo menos um dos autores esteja devidamente inscrito, com o pagamento efetuado at\u00e9 26\/10\/2025. Solicitamos aten\u00e7\u00e3o \u00e0s altera\u00e7\u00f5es nos valores conforme os diferentes lotes de inscri\u00e7\u00e3o.<\/li>\n<\/ul>\n\n\n\n<p><\/p>\n\n\n\n<p><strong>\ud83d\udccc Envio do slide de apresenta\u00e7\u00e3o \u2013 prorrogado at\u00e9 7\/11\/2025 (at\u00e9 as 17h, no hor\u00e1rio de Bras\u00edlia)<\/strong><\/p>\n\n\n\n<ul class=\"wp-block-list\">\n<li>A apresenta\u00e7\u00e3o de cada trabalho dever\u00e1 ser elaborada em PowerPoint, utilizando o template oficial dispon\u00edvel em:<br><a class=\"links\" href=\"https:\/\/www.ufmg.br\/dedd\/esud2025\/wp-content\/uploads\/2025\/10\/Modelo-de-Apresentacao_ESUD_2025.pptx\" target=\"_blank\" rel=\"noreferrer noopener\">Link para o template<\/a><\/li>\n<\/ul>\n\n\n\n<p><\/p>\n\n\n\n<ul class=\"wp-block-list\">\n<li>As apresenta\u00e7\u00f5es dever\u00e3o ser enviadas exclusivamente pelo formul\u00e1rio:<br><a class=\"links\" href=\"https:\/\/gpi.caed.ufmg.br\/index.php\/415919?lang=pt-BR\" target=\"_blank\" rel=\"noreferrer noopener\"><\/a><a href=\"https:\/\/gpi.caed.ufmg.br\/index.php\/415919?lang=pt-BR\" target=\"_blank\" rel=\"noreferrer noopener\">Link para envio<\/a><\/li>\n<\/ul>\n\n\n\n<p><\/p>\n\n\n\n<p><\/p>\n","protected":false},"excerpt":{"rendered":"<p>O sistema de submiss\u00f5es do ESUD 2025 \u00e9 a plataforma oficial para envio, avalia\u00e7\u00e3o e acompanhamento de trabalhos cient\u00edficos e relatos de experi\u00eancia do evento. Acesse em: Sistema de Submiss\u00f5es do NETEL ORIENTA\u00c7\u00d5ES PARA TRABALHOS APROVADOS \u2013 ESUD\/CIESUD 2025 Prezados(as) participantes, Segue o cronograma com as principais datas e procedimentos referentes \u00e0 apresenta\u00e7\u00e3o dos trabalhos [&hellip;]<\/p>\n","protected":false},"author":2,"featured_media":0,"parent":0,"menu_order":0,"comment_status":"closed","ping_status":"closed","template":"","meta":{"_acf_changed":false,"footnotes":""},"class_list":["post-201","page","type-page","status-publish","hentry"],"acf":[],"_links":{"self":[{"href":"https:\/\/www.ufmg.br\/dedd\/esud2025\/wp-json\/wp\/v2\/pages\/201"}],"collection":[{"href":"https:\/\/www.ufmg.br\/dedd\/esud2025\/wp-json\/wp\/v2\/pages"}],"about":[{"href":"https:\/\/www.ufmg.br\/dedd\/esud2025\/wp-json\/wp\/v2\/types\/page"}],"author":[{"embeddable":true,"href":"https:\/\/www.ufmg.br\/dedd\/esud2025\/wp-json\/wp\/v2\/users\/2"}],"replies":[{"embeddable":true,"href":"https:\/\/www.ufmg.br\/dedd\/esud2025\/wp-json\/wp\/v2\/comments?post=201"}],"version-history":[{"count":51,"href":"https:\/\/www.ufmg.br\/dedd\/esud2025\/wp-json\/wp\/v2\/pages\/201\/revisions"}],"predecessor-version":[{"id":1917,"href":"https:\/\/www.ufmg.br\/dedd\/esud2025\/wp-json\/wp\/v2\/pages\/201\/revisions\/1917"}],"wp:attachment":[{"href":"https:\/\/www.ufmg.br\/dedd\/esud2025\/wp-json\/wp\/v2\/media?parent=201"}],"curies":[{"name":"wp","href":"https:\/\/api.w.org\/{rel}","templated":true}]}}