{"id":229,"date":"2025-05-28T15:51:16","date_gmt":"2025-05-28T18:51:16","guid":{"rendered":"https:\/\/www.ufmg.br\/dedd\/esud2025\/?page_id=229"},"modified":"2025-10-14T09:57:39","modified_gmt":"2025-10-14T12:57:39","slug":"inscricoes","status":"publish","type":"page","link":"https:\/\/www.ufmg.br\/dedd\/esud2025\/inscricoes\/","title":{"rendered":"Inscri\u00e7\u00f5es"},"content":{"rendered":"<h2>\n  <img decoding=\"async\" src=\"https:\/\/www.ufmg.br\/dedd\/esud2025\/wp-content\/uploads\/2025\/09\/0-Inscricoes.png\" alt=\"Inscri\u00e7\u00f5es\"><br \/>\n<\/h2>\n\n\n<p><a class=\"links\" href=\"https:\/\/www.aunirede.org.br\/sistemas\/eventos\/evento\/esud-2025\" target=\"_blank\" rel=\"noreferrer noopener\">Acesse o site<\/a> para fazer sua inscri\u00e7\u00e3o nesse evento.<\/p>\n\n\n\n<p>Confira os valores das inscri\u00e7\u00f5es de acordo com os lotes e com os p\u00fablicos. <\/p>\n\n\n\n<p><strong>CONDI\u00c7\u00d5ES ESPECIAIS PARA INSCRI\u00c7\u00d5ES<\/strong><\/p>\n\n\n\n<p>1) Filiados \u00e0 UniRede possuem 10% de desconto no valor da inscri\u00e7\u00e3o.<\/p>\n\n\n\n<p>2) Inscri\u00e7\u00f5es em grupo ter\u00e3o desconto no valor total das inscri\u00e7\u00f5es na seguinte propor\u00e7\u00e3o:&nbsp;<\/p>\n\n\n\n<p>&#8211; De 10 a 15 inscri\u00e7\u00f5es: 15% de desconto<br>&#8211; De 16 a 20 inscri\u00e7\u00f5es: 18% de desconto<br>&#8211; 21 ou mais inscri\u00e7\u00f5es: 20% de desconto<\/p>\n\n\n\n<p>3) Para realizar a inscri\u00e7\u00e3o de grupos pelo sistema, siga as instru\u00e7\u00f5es<a class=\"links\" href=\"https:\/\/www.ufmg.br\/dedd\/esud2025\/wp-content\/uploads\/2025\/08\/INSTRUCOES-PARA-INSCRICAO-EM-GRUPO.pdf\" data-type=\"link\" data-id=\"https:\/\/www.ufmg.br\/dedd\/esud2025\/wp-content\/uploads\/2025\/08\/INSTRUCOES-PARA-INSCRICAO-EM-GRUPO.pdf\" target=\"_blank\" rel=\"noopener\"> deste manual<\/a>.&nbsp;<\/p>\n\n\n\n<figure class=\"wp-block-table\"><table class=\"has-fixed-layout\"><tbody><tr><td><\/td><td class=\"has-text-align-left\" data-align=\"left\"><strong>2\u00ba lote (prorrogado at\u00e9 27\/10\/25)<\/strong><\/td><td><strong>3\u00ba lote (at\u00e9 11\/11\/25)<\/strong> <\/td><\/tr><tr><td><strong>Atores do Sistema UAB\/Capes e-Trc; Professor, Tutor, Coordenador de Tutoria, Assistente \u00e0 Doc\u00eancia, Coordenador de Polo e Coordenador Institucional (Geral ou Adjunto)&nbsp;<\/strong><\/td><td class=\"has-text-align-left\" data-align=\"left\">R$ 420&nbsp;<\/td><td>R$ 470 <\/td><\/tr><tr><td><strong>Demais profissionais&nbsp;<\/strong><\/td><td class=\"has-text-align-left\" data-align=\"left\">R$ 440&nbsp;<\/td><td>R$ 490&nbsp;<\/td><\/tr><tr><td><strong>Estudante de Gradua\u00e7\u00e3o&nbsp;<\/strong><\/td><td class=\"has-text-align-left\" data-align=\"left\">R$ 200&nbsp;<\/td><td>R$ 220&nbsp;<\/td><\/tr><tr><td><strong>Estudante de P\u00f3s-Gradua\u00e7\u00e3o&nbsp;<\/strong><\/td><td class=\"has-text-align-left\" data-align=\"left\">R$ 250&nbsp;<\/td><td>R$ 280&nbsp;<\/td><\/tr><tr><td><strong>Professores da Educa\u00e7\u00e3o B\u00e1sica&nbsp;<\/strong><\/td><td class=\"has-text-align-left\" data-align=\"left\">R$ 310&nbsp;<\/td><td>R$ 350&nbsp;<\/td><\/tr><tr><td><strong>Servidores (professores e t\u00e9cnicos) das Institui\u00e7\u00f5es de Ensino Superior&nbsp;<\/strong><\/td><td class=\"has-text-align-left\" data-align=\"left\"> R$ 430&nbsp;<\/td><td>R$ 480&nbsp;<\/td><\/tr><\/tbody><\/table><\/figure>\n","protected":false},"excerpt":{"rendered":"<p>Acesse o site para fazer sua inscri\u00e7\u00e3o nesse evento. Confira os valores das inscri\u00e7\u00f5es de acordo com os lotes e com os p\u00fablicos. CONDI\u00c7\u00d5ES ESPECIAIS PARA INSCRI\u00c7\u00d5ES 1) Filiados \u00e0 UniRede possuem 10% de desconto no valor da inscri\u00e7\u00e3o. 2) Inscri\u00e7\u00f5es em grupo ter\u00e3o desconto no valor total das inscri\u00e7\u00f5es na seguinte propor\u00e7\u00e3o:&nbsp; &#8211; De [&hellip;]<\/p>\n","protected":false},"author":5,"featured_media":0,"parent":0,"menu_order":0,"comment_status":"closed","ping_status":"closed","template":"","meta":{"_acf_changed":false,"footnotes":""},"class_list":["post-229","page","type-page","status-publish","hentry"],"acf":[],"_links":{"self":[{"href":"https:\/\/www.ufmg.br\/dedd\/esud2025\/wp-json\/wp\/v2\/pages\/229"}],"collection":[{"href":"https:\/\/www.ufmg.br\/dedd\/esud2025\/wp-json\/wp\/v2\/pages"}],"about":[{"href":"https:\/\/www.ufmg.br\/dedd\/esud2025\/wp-json\/wp\/v2\/types\/page"}],"author":[{"embeddable":true,"href":"https:\/\/www.ufmg.br\/dedd\/esud2025\/wp-json\/wp\/v2\/users\/5"}],"replies":[{"embeddable":true,"href":"https:\/\/www.ufmg.br\/dedd\/esud2025\/wp-json\/wp\/v2\/comments?post=229"}],"version-history":[{"count":22,"href":"https:\/\/www.ufmg.br\/dedd\/esud2025\/wp-json\/wp\/v2\/pages\/229\/revisions"}],"predecessor-version":[{"id":1613,"href":"https:\/\/www.ufmg.br\/dedd\/esud2025\/wp-json\/wp\/v2\/pages\/229\/revisions\/1613"}],"wp:attachment":[{"href":"https:\/\/www.ufmg.br\/dedd\/esud2025\/wp-json\/wp\/v2\/media?parent=229"}],"curies":[{"name":"wp","href":"https:\/\/api.w.org\/{rel}","templated":true}]}}