{"id":401,"date":"2025-06-02T14:11:01","date_gmt":"2025-06-02T17:11:01","guid":{"rendered":"https:\/\/www.ufmg.br\/dedd\/esud2025\/?page_id=401"},"modified":"2025-10-31T14:14:46","modified_gmt":"2025-10-31T17:14:46","slug":"cronograma","status":"publish","type":"page","link":"https:\/\/www.ufmg.br\/dedd\/esud2025\/cronograma\/","title":{"rendered":"Cronograma"},"content":{"rendered":"<h2>\n  <img decoding=\"async\" src=\"https:\/\/www.ufmg.br\/dedd\/esud2025\/wp-content\/uploads\/2025\/09\/0-Cronograma_1.png\" alt=\"Cronograma\">\n<\/h2>\n\n<figure class=\"wp-block-table is-style-stripes\"><table class=\"has-fixed-layout\"><tbody><tr><td><a class=\"links\" href=\"https:\/\/www.ufmg.br\/dedd\/esud2025\/submissoes\/\">Abertura da submiss\u00e3o de artigos<\/a><\/td><td class=\"has-text-align-right\" data-align=\"right\"><\/td><td>02\/06\/2025<\/td><\/tr><tr><td><a class=\"links\" href=\"https:\/\/www.ufmg.br\/dedd\/esud2025\/inscricoes\/\" data-type=\"page\" data-id=\"229\">In\u00edcio das inscri\u00e7\u00f5es (Lote 1)<\/a><\/td><td class=\"has-text-align-right\" data-align=\"right\"><\/td><td>02\/06\/2025<\/td><\/tr><tr><td>Fim do prazo de submiss\u00e3o de artigos<\/td><td class=\"has-text-align-right\" data-align=\"right\"><\/td><td>25\/08\/2025<\/td><\/tr><tr><td>Divulga\u00e7\u00e3o dos artigos selecionados<\/td><td class=\"has-text-align-right\" data-align=\"right\">a partir do dia<\/td><td>12\/09\/2025<\/td><\/tr><tr><td><a class=\"links\" href=\"https:\/\/www.ufmg.br\/dedd\/esud2025\/inscricoes\/\" data-type=\"page\" data-id=\"229\">In\u00edcio do Lote 2<\/a><\/td><td class=\"has-text-align-right\" data-align=\"right\"><\/td><td>08\/09\/2025<\/td><\/tr><tr><td><a class=\"links\" href=\"https:\/\/forms.gle\/WGzykJVQczRjQmHo7\" data-type=\"page\" data-id=\"229\">Envio do slide de apresenta\u00e7\u00e3o<\/a><\/td><td class=\"has-text-align-right\" data-align=\"right\"><\/td><td>24\/10\/2025 (at\u00e9 \u00e0s 17h)<\/td><\/tr><tr><td><a class=\"links\" href=\"https:\/\/www.ufmg.br\/dedd\/esud2025\/inscricoes\/\" data-type=\"page\" data-id=\"229\">In\u00edcio do Lote 3<\/a><\/td><td class=\"has-text-align-right\" data-align=\"right\"><\/td><td>28\/10\/2025<\/td><\/tr><tr><td><a class=\"links\" href=\"https:\/\/www.ufmg.br\/dedd\/esud2025\/wp-content\/uploads\/2025\/10\/Programacao_ApresentacoesOrais_ESUD_2025.docx.pdf\" target=\"_blank\" data-type=\"link\" data-id=\"https:\/\/www.ufmg.br\/dedd\/esud2025\/wp-content\/uploads\/2025\/10\/Programacao_ApresentacoesOrais_ESUD_2025.docx.pdf\" rel=\"noopener\">Programa\u00e7\u00e3o das apresenta\u00e7\u00f5es orais<\/a><\/td><td class=\"has-text-align-right\" data-align=\"right\"><\/td><td>30\/10\/2025<\/td><\/tr><tr><td><a class=\"links\" href=\"https:\/\/www.ufmg.br\/dedd\/esud2025\/programacao\/\" data-type=\"page\" data-id=\"195\">In\u00edcio do Evento<\/a><\/td><td class=\"has-text-align-right\" data-align=\"right\"><\/td><td>11\/11\/2025<\/td><\/tr><tr><td><a class=\"links\" href=\"https:\/\/gpi.caed.ufmg.br\/index.php\/641981?lang=pt-BR\" data-type=\"page\" data-id=\"195\">Inscri\u00e7\u00f5es nas Oficinas<\/a><\/td><td class=\"has-text-align-right\" data-align=\"right\">at\u00e9 o dia<\/td><td>13\/11\/2025<\/td><\/tr><\/tbody><\/table><\/figure>\n\n\n\n<div class=\"row\">\n  <div class=\"col-sm-6 col-lg-5 mb-3 mb-sm-0\">\n    <div data-coreui-locale=\"en-US\" data-coreui-toggle=\"date-picker\"><\/div>\n  <\/div>\n  <div class=\"col-sm-6 col-lg-5\">\n    <div data-coreui-date=\"2023\/03\/15\" data-coreui-locale=\"en-US\" data-coreui-toggle=\"date-picker\"><\/div>\n  <\/div>\n<\/div>\n","protected":false},"excerpt":{"rendered":"<p>Abertura da submiss\u00e3o de artigos 02\/06\/2025 In\u00edcio das inscri\u00e7\u00f5es (Lote 1) 02\/06\/2025 Fim do prazo de submiss\u00e3o de artigos 25\/08\/2025 Divulga\u00e7\u00e3o dos artigos selecionados a partir do dia 12\/09\/2025 In\u00edcio do Lote 2 08\/09\/2025 Envio do slide de apresenta\u00e7\u00e3o 24\/10\/2025 (at\u00e9 \u00e0s 17h) In\u00edcio do Lote 3 28\/10\/2025 Programa\u00e7\u00e3o das apresenta\u00e7\u00f5es orais 30\/10\/2025 In\u00edcio do [&hellip;]<\/p>\n","protected":false},"author":4,"featured_media":0,"parent":0,"menu_order":0,"comment_status":"closed","ping_status":"closed","template":"","meta":{"_acf_changed":false,"footnotes":""},"class_list":["post-401","page","type-page","status-publish","hentry"],"acf":[],"_links":{"self":[{"href":"https:\/\/www.ufmg.br\/dedd\/esud2025\/wp-json\/wp\/v2\/pages\/401"}],"collection":[{"href":"https:\/\/www.ufmg.br\/dedd\/esud2025\/wp-json\/wp\/v2\/pages"}],"about":[{"href":"https:\/\/www.ufmg.br\/dedd\/esud2025\/wp-json\/wp\/v2\/types\/page"}],"author":[{"embeddable":true,"href":"https:\/\/www.ufmg.br\/dedd\/esud2025\/wp-json\/wp\/v2\/users\/4"}],"replies":[{"embeddable":true,"href":"https:\/\/www.ufmg.br\/dedd\/esud2025\/wp-json\/wp\/v2\/comments?post=401"}],"version-history":[{"count":26,"href":"https:\/\/www.ufmg.br\/dedd\/esud2025\/wp-json\/wp\/v2\/pages\/401\/revisions"}],"predecessor-version":[{"id":1911,"href":"https:\/\/www.ufmg.br\/dedd\/esud2025\/wp-json\/wp\/v2\/pages\/401\/revisions\/1911"}],"wp:attachment":[{"href":"https:\/\/www.ufmg.br\/dedd\/esud2025\/wp-json\/wp\/v2\/media?parent=401"}],"curies":[{"name":"wp","href":"https:\/\/api.w.org\/{rel}","templated":true}]}}