{"id":640,"date":"2025-06-06T15:08:34","date_gmt":"2025-06-06T18:08:34","guid":{"rendered":"https:\/\/www.ufmg.br\/dedd\/esud2025\/?page_id=640"},"modified":"2025-10-03T09:22:45","modified_gmt":"2025-10-03T12:22:45","slug":"comissao-organizadora","status":"publish","type":"page","link":"https:\/\/www.ufmg.br\/dedd\/esud2025\/comissao-organizadora\/","title":{"rendered":"Comiss\u00e3o Organizadora"},"content":{"rendered":"<p><script src=\"https:\/\/cdn.jsdelivr.net\/npm\/bootstrap@5.3.6\/dist\/js\/bootstrap.bundle.min.js\" integrity=\"sha384-j1CDi7MgGQ12Z7Qab0qlWQ\/Qqz24Gc6BM0thvEMVjHnfYGF0rmFCozFSxQBxwHKO\" crossorigin=\"anonymous\"><\/script><\/p>\n<div id=\"accordionExample\" class=\"accordion\">\n<div class=\"accordion-item\">\n<h2>\n  <img decoding=\"async\" src=\"https:\/\/www.ufmg.br\/dedd\/esud2025\/wp-content\/uploads\/2025\/09\/0-Comissao-Organizadora.png\" alt=\"Comiss\u00e3o Organizadora\">\n<\/h2>\n<h3>\n  <img decoding=\"async\" src=\"https:\/\/www.ufmg.br\/dedd\/esud2025\/wp-content\/uploads\/2025\/09\/1-Coordenadora-Geral.png\" alt=\"Coordenadora Geral\">\n<\/h3>\n<div id=\"CO1\" class=\"accordion-collapse collapse\" data-bs-parent=\"#accordionExample\">\n<div class=\"accordion-body\">\n<p>Prof\u00aa. Dra. Vilma L\u00facia Macagnan Carvalho (UFMG)<br><strong>Lattes:<\/strong> <a href=\"http:\/\/lattes.cnpq.br\/0055074066500262\">http:\/\/lattes.cnpq.br\/0055074066500262<\/a><\/p>\n<\/div>\n<\/div>\n<\/div>\n<div class=\"accordion-item\">\n<h3>\n  <img decoding=\"async\" src=\"https:\/\/www.ufmg.br\/dedd\/esud2025\/wp-content\/uploads\/2025\/09\/2-Coordenador-Adjunto.png\" alt=\"Coordenador Adjunto\">\n<\/h3>\n<div id=\"CO2\" class=\"accordion-collapse collapse\" data-bs-parent=\"#accordionExample\">\n<div class=\"accordion-body\">\n<p>Prof. Dr. Samuel de Oliveira Durso (UFMG)<br><strong>Lattes:<\/strong> <a href=\"http:\/\/lattes.cnpq.br\/4451958018981638\">http:\/\/lattes.cnpq.br\/4451958018981638<\/a><\/p>\n<\/div>\n<\/div>\n<\/div>\n<div class=\"accordion-item\">\n<h3>\n  <img decoding=\"async\" src=\"https:\/\/www.ufmg.br\/dedd\/esud2025\/wp-content\/uploads\/2025\/09\/3-Comite-de-Programacao.png\" alt=\"Comit\u00ea de Programa\u00e7\u00e3o\">\n<\/h3>\n<div id=\"CO3\" class=\"accordion-collapse collapse\" data-bs-parent=\"#accordionExample\">\n<div class=\"accordion-body\">\n<p>Prof\u00aa. Dra. Vilma L\u00facia Macagnan Carvalho (UFMG) &#8211; Coordenadora<br><strong>Lattes:<\/strong> <a href=\"http:\/\/lattes.cnpq.br\/0055074066500262\">http:\/\/lattes.cnpq.br\/0055074066500262<\/a><\/p>\n<p>Prof\u00aa. Dra. Maria Carmem Freire Di\u00f3genes R\u00eago (UniRede\/UFRN)<br><strong>Lattes:<\/strong> <a href=\"http:\/\/lattes.cnpq.br\/9793207619191846\">http:\/\/lattes.cnpq.br\/9793207619191846<\/a><\/p>\n<p>Prof. Dr. Samuel de Oliveira Durso (UFMG)<br><strong>Lattes:<\/strong> <a href=\"http:\/\/lattes.cnpq.br\/4451958018981638\">http:\/\/lattes.cnpq.br\/4451958018981638<\/a><\/p>\n<p>Prof. Dr. Valter Gomes Campos (UniRede\/UFRN)<br><strong>Lattes:<\/strong> <a href=\"http:\/\/lattes.cnpq.br\/2468267281702373\">http:\/\/lattes.cnpq.br\/2468267281702373<\/a><\/p>\n<\/div>\n<\/div>\n<\/div>\n<div class=\"accordion-item\">\n<h3>\n  <img decoding=\"async\" src=\"https:\/\/www.ufmg.br\/dedd\/esud2025\/wp-content\/uploads\/2025\/09\/4-Comite-Cientifico.png\" alt=\"Comit\u00ea Cient\u00edfico\">\n<\/h3>\n<div id=\"CO4\" class=\"accordion-collapse collapse\" data-bs-parent=\"#accordionExample\">\n<div class=\"accordion-body\">\n<p>Dra. Ana Carolina Correia Almeida (DEDD\/UFMG) &#8211; Coordenadora<br><strong>Lattes:<\/strong> <a href=\"http:\/\/lattes.cnpq.br\/4196379507740936\">http:\/\/lattes.cnpq.br\/4196379507740936<\/a><\/p>\n<p>Prof\u00aa. Dra. Angela Terumi Fushita (UniRede\/UFABC)<br><strong>Lattes:<\/strong> <a href=\"http:\/\/lattes.cnpq.br\/1078644223231926\">http:\/\/lattes.cnpq.br\/1078644223231926<\/a><\/p>\n<p>Dra. Cristina Gon\u00e7alves Ferreira de Souza (DEDD\/UFMG)<br><strong>Lattes:<\/strong> <a href=\"http:\/\/lattes.cnpq.br\/8201774137667865\">http:\/\/lattes.cnpq.br\/8201774137667865<\/a><\/p>\n<p>Dra. M\u00e1rcia Mar\u00edlia Teixeira Alves de Souza Duarte (DEDD\/UFMG)<br><strong>Lattes:<\/strong> <a href=\"http:\/\/lattes.cnpq.br\/4008680996925947\">http:\/\/lattes.cnpq.br\/4008680996925947<\/a><\/p>\n<p>L\u00facia de Salvo Oliveira (DEDD\/UFMG)<br><strong>Lattes:<\/strong> <a href=\"http:\/\/lattes.cnpq.br\/0266698377166548\">http:\/\/lattes.cnpq.br\/0266698377166548<\/a><\/p>\n<p>Dr. Ramiro Barbosa Oliveira (DEDD\/UFMG)<br><strong>Lattes:<\/strong> <a href=\"http:\/\/lattes.cnpq.br\/8099510743391414\">http:\/\/lattes.cnpq.br\/8099510743391414<\/a><\/p>\n<p>Dr. Adalgimar Gomes Gon\u00e7alves (DEDD\/UFMG)<br><strong>Lattes:<\/strong> <a href=\"http:\/\/lattes.cnpq.br\/2587047579372211\">http:\/\/lattes.cnpq.br\/2587047579372211<\/a><\/p>\n<\/div>\n<\/div>\n<\/div>\n<div class=\"accordion-item\">\n<h3>\n  <img decoding=\"async\" src=\"https:\/\/www.ufmg.br\/dedd\/esud2025\/wp-content\/uploads\/2025\/09\/5-Comite-de-Logistica.png\" alt=\"Comit\u00ea de Log\u00edstica\">\n<\/h3>\n<div id=\"CO5\" class=\"accordion-collapse collapse\" data-bs-parent=\"#accordionExample\">\n<div class=\"accordion-body\">\n<p>Diego Macedo Rodrigues (UFMG) &#8211; Coordenador<br><strong>Lattes:<\/strong> <a href=\"http:\/\/lattes.cnpq.br\/0805217613268162\">http:\/\/lattes.cnpq.br\/0805217613268162<\/a><\/p>\n<p>Prof\u00aa. Dra. Jennifer de Carvalho Medeiros (UniRede\/IFB)<br><strong>Lattes:<\/strong> <a href=\"http:\/\/lattes.cnpq.br\/8807721588706306\">http:\/\/lattes.cnpq.br\/8807721588706306<\/a><\/p>\n<p>Cl\u00e1udio Gilberto da Silva (DEDD\/UFMG)<\/p>\n<p>Gizelle Barbosa Tel\u00e9sforo (DEDD\/UFMG)<\/p>\n<p>Fabr\u00edcio de Assis Duque Estrada (DEDD\/UFMG)<\/p>\n<\/div>\n<\/div>\n<\/div>\n<div class=\"accordion-item\">\n<h3>\n  <img decoding=\"async\" src=\"https:\/\/www.ufmg.br\/dedd\/esud2025\/wp-content\/uploads\/2025\/09\/6-Comite-Financeiro-e-de-Projetos.png\" alt=\"Comit\u00ea Financeiro e de Projetos\">\n<\/h3>\n<div id=\"CO6\" class=\"accordion-collapse collapse\" data-bs-parent=\"#accordionExample\">\n<div class=\"accordion-body\">\n<p>Prof. Dr. Lu\u00eds Fernando Silva Andrade (UFMG) &#8211; Coordenador<br><strong>Lattes:<\/strong> <a href=\"http:\/\/lattes.cnpq.br\/2468899725153535\">http:\/\/lattes.cnpq.br\/2468899725153535<\/a><\/p>\n<p>Prof. Dr. Alexandre Martins dos Anjos (UniRede\/UFMT)<br><strong>Lattes:<\/strong> <a href=\"http:\/\/lattes.cnpq.br\/0553455764192879\">http:\/\/lattes.cnpq.br\/0553455764192879<\/a><\/p>\n<p>Prof. Dr. Samuel de Oliveira Durso (UFMG)<br><strong>Lattes:<\/strong> <a href=\"http:\/\/lattes.cnpq.br\/4451958018981638\">http:\/\/lattes.cnpq.br\/4451958018981638<\/a><\/p>\n<p>Marcelo Roberto Gomes dos Santos (DEDD\/UFMG)<br><strong>Lattes:<\/strong> <a href=\"http:\/\/lattes.cnpq.br\/8048160929446566\">http:\/\/lattes.cnpq.br\/8048160929446566<\/a><\/p>\n<\/div>\n<\/div>\n<\/div>\n<div class=\"accordion-item\">\n<h3>\n  <img decoding=\"async\" src=\"https:\/\/www.ufmg.br\/dedd\/esud2025\/wp-content\/uploads\/2025\/09\/7-Comite-de-Infraestrutura-Tecnologica-.png\" alt=\"Comit\u00ea de Infraestrutura Tecnol\u00f3gica\">\n<\/h3>\n<div id=\"CO7\" class=\"accordion-collapse collapse\" data-bs-parent=\"#accordionExample\">\n<div class=\"accordion-body\">\n<p>Thiago Belchior Pinto (DEDD\/UFMG) &#8211; Coordenador<br><strong>Lattes:<\/strong> <a href=\"http:\/\/lattes.cnpq.br\/4522119710089887\">http:\/\/lattes.cnpq.br\/4522119710089887<\/a><\/p>\n<p>Prof\u00aa. Dra. Vanessa Battestin (UniRede\/IFES)<br><strong>Lattes:<\/strong> <a href=\"http:\/\/lattes.cnpq.br\/3807286914973470\">http:\/\/lattes.cnpq.br\/3807286914973470<\/a><\/p>\n<p>Prof. Dr. Raymundo Carlos Machado Ferreira Filho (UniRede\/IFSUL)<br><strong>Lattes:<\/strong> <a href=\"http:\/\/lattes.cnpq.br\/1297246206844791\">http:\/\/lattes.cnpq.br\/1297246206844791<\/a><\/p>\n<p>Felipe Moreira de Assun\u00e7\u00e3o (LCC\/UFMG)<br><strong>Lattes:<\/strong> <a href=\"http:\/\/lattes.cnpq.br\/4926043479130073\">http:\/\/lattes.cnpq.br\/4926043479130073<\/a><\/p>\n<p>Leonardo Nunes Batista (DEDD\/UFMG)<br><strong>Lattes:<\/strong> <a href=\"http:\/\/lattes.cnpq.br\/9005279139309409\">http:\/\/lattes.cnpq.br\/9005279139309409<\/a><\/p>\n<p>Leonardo Jaud Candel\u00e1rio (DEDD\/UFMG)<\/p>\n<\/div>\n<\/div>\n<\/div>\n<div class=\"accordion-item\">\n<h3>\n  <img decoding=\"async\" src=\"https:\/\/www.ufmg.br\/dedd\/esud2025\/wp-content\/uploads\/2025\/09\/8-Comite-de-Comunicacao-e-Cultura.png\" alt=\"Comit\u00ea de Comunica\u00e7\u00e3o e Cultura\">\n<\/h3>\n<div id=\"CO8\" class=\"accordion-collapse collapse\" data-bs-parent=\"#accordionExample\">\n<div class=\"accordion-body\">\n<p>Desir\u00e9e Ant\u00f4nio (DEDD\/UFMG) &#8211; Coordenadora<br><strong>Lattes:<\/strong> <a href=\"http:\/\/lattes.cnpq.br\/9372228896860684\">http:\/\/lattes.cnpq.br\/9372228896860684<\/a><\/p>\n<p>Prof\u00aa. Dra. Fernanda Chocron Miranda (UniRede\/UFPA)<br><strong>Lattes:<\/strong> <a href=\"http:\/\/lattes.cnpq.br\/3101500469419928\">http:\/\/lattes.cnpq.br\/3101500469419928<\/a><\/p>\n<p>Ernane Henrique de Oliveira (DEDD\/UFMG)<br><strong>Lattes:<\/strong> <a href=\"http:\/\/lattes.cnpq.br\/3925430321671251\">http:\/\/lattes.cnpq.br\/3925430321671251<\/a><\/p>\n<p>Carolina Caldeira Vilhena Campos (DEDD\/UFMG)<br><strong>Lattes:<\/strong> <a href=\"http:\/\/lattes.cnpq.br\/4684576576411969\">http:\/\/lattes.cnpq.br\/4684576576411969<\/a><\/p>\n<\/div>\n<\/div>\n<\/div>\n<div class=\"accordion-item\">\n<h3>\n  <img decoding=\"async\" src=\"https:\/\/www.ufmg.br\/dedd\/esud2025\/wp-content\/uploads\/2025\/09\/9-Secretaria.png\" alt=\"Secretaria\">\n<\/h3>\n<div id=\"CO9\" class=\"accordion-collapse collapse\" data-bs-parent=\"#accordionExample\">\n<div class=\"accordion-body\">\n<p>Tayrone Ferreira Silva Rosa (DEDD\/UFMG) &#8211; Coordenador<br><strong>Lattes:<\/strong> <a href=\"http:\/\/lattes.cnpq.br\/6943072107236727\">http:\/\/lattes.cnpq.br\/6943072107236727<\/a><\/p>\n<p>Mariana Vanessa Soares Camargo (DEDD\/UFMG)<\/p>\n<p>Nat\u00e1lia Niquini Ribeiro (DEDD\/UFMG)<\/p>\n<p>Paloma Gomes dos Santos Oliveira (DEDD\/UFMG)<\/p>\n<\/div>\n<\/div>\n<\/div>\n<\/div>\n\n\n<p><\/p>\n","protected":false},"excerpt":{"rendered":"<p>Prof\u00aa. Dra. Vilma L\u00facia Macagnan Carvalho (UFMG)Lattes: http:\/\/lattes.cnpq.br\/0055074066500262 Prof. Dr. Samuel de Oliveira Durso (UFMG)Lattes: http:\/\/lattes.cnpq.br\/4451958018981638 Prof\u00aa. Dra. Vilma L\u00facia Macagnan Carvalho (UFMG) &#8211; CoordenadoraLattes: http:\/\/lattes.cnpq.br\/0055074066500262 Prof\u00aa. Dra. Maria Carmem Freire Di\u00f3genes R\u00eago (UniRede\/UFRN)Lattes: http:\/\/lattes.cnpq.br\/9793207619191846 Prof. Dr. Samuel de Oliveira Durso (UFMG)Lattes: http:\/\/lattes.cnpq.br\/4451958018981638 Prof. Dr. Valter Gomes Campos (UniRede\/UFRN)Lattes: http:\/\/lattes.cnpq.br\/2468267281702373 Dra. Ana Carolina Correia Almeida [&hellip;]<\/p>\n","protected":false},"author":5,"featured_media":0,"parent":0,"menu_order":0,"comment_status":"closed","ping_status":"closed","template":"","meta":{"_acf_changed":false,"footnotes":""},"class_list":["post-640","page","type-page","status-publish","hentry"],"acf":[],"_links":{"self":[{"href":"https:\/\/www.ufmg.br\/dedd\/esud2025\/wp-json\/wp\/v2\/pages\/640"}],"collection":[{"href":"https:\/\/www.ufmg.br\/dedd\/esud2025\/wp-json\/wp\/v2\/pages"}],"about":[{"href":"https:\/\/www.ufmg.br\/dedd\/esud2025\/wp-json\/wp\/v2\/types\/page"}],"author":[{"embeddable":true,"href":"https:\/\/www.ufmg.br\/dedd\/esud2025\/wp-json\/wp\/v2\/users\/5"}],"replies":[{"embeddable":true,"href":"https:\/\/www.ufmg.br\/dedd\/esud2025\/wp-json\/wp\/v2\/comments?post=640"}],"version-history":[{"count":72,"href":"https:\/\/www.ufmg.br\/dedd\/esud2025\/wp-json\/wp\/v2\/pages\/640\/revisions"}],"predecessor-version":[{"id":1577,"href":"https:\/\/www.ufmg.br\/dedd\/esud2025\/wp-json\/wp\/v2\/pages\/640\/revisions\/1577"}],"wp:attachment":[{"href":"https:\/\/www.ufmg.br\/dedd\/esud2025\/wp-json\/wp\/v2\/media?parent=640"}],"curies":[{"name":"wp","href":"https:\/\/api.w.org\/{rel}","templated":true}]}}