{"id":10133,"date":"2023-06-02T14:10:33","date_gmt":"2023-06-02T17:10:33","guid":{"rendered":"https:\/\/www.ufmg.br\/dedd\/?page_id=10133"},"modified":"2024-07-03T15:53:34","modified_gmt":"2024-07-03T18:53:34","slug":"edital-004-2019-processo-seletivo-de-graduando-em-pedagogia-para-bolsa-de-monitoria","status":"publish","type":"page","link":"https:\/\/www.ufmg.br\/dedd\/servicos-o-que-fazemos\/edital-004-2019-processo-seletivo-de-graduando-em-pedagogia-para-bolsa-de-monitoria\/","title":{"rendered":"Edital 004 2019 Processo seletivo de graduando em pedagogia para bolsa de monitoria"},"content":{"rendered":"<p><a href=\"https:\/\/www.ufmg.br\/dedd\/wp-content\/uploads\/2023\/06\/004-Edital-Programa-Monitoria-de-Graduacao-CAED.pdf\">Edital 004\/2019\u00a0 &#8212; Sele\u00e7\u00e3o de graduando em Pedagogia para atua\u00e7\u00e3o no Programa de Monitoria de Gradua\u00e7\u00e3o<\/a> (publicado em 26\/03\/2019)<\/p>\n<p><a href=\"https:\/\/www.ufmg.br\/dedd\/wp-content\/uploads\/2023\/06\/Resultado-Edital-004-2019.pdf\">Resultado\u00a0 Edital 004\/2019 &#8212; Sele\u00e7\u00e3o de graduando em Pedagogia para atua\u00e7\u00e3o no Programa de Monitoria de Gradua\u00e7\u00e3o<\/a> (publicado em 09\/04\/2019)<\/p>\n<p>&nbsp;<\/p>\n","protected":false},"excerpt":{"rendered":"<p>Edital 004\/2019\u00a0 &#8212; Sele\u00e7\u00e3o de graduando em Pedagogia para atua\u00e7\u00e3o [&hellip;]<\/p>\n","protected":false},"author":5,"featured_media":0,"parent":9337,"menu_order":0,"comment_status":"closed","ping_status":"closed","template":"","meta":[],"categories":[220,209],"tags":[],"acf":[],"_links":{"self":[{"href":"https:\/\/www.ufmg.br\/dedd\/wp-json\/wp\/v2\/pages\/10133"}],"collection":[{"href":"https:\/\/www.ufmg.br\/dedd\/wp-json\/wp\/v2\/pages"}],"about":[{"href":"https:\/\/www.ufmg.br\/dedd\/wp-json\/wp\/v2\/types\/page"}],"author":[{"embeddable":true,"href":"https:\/\/www.ufmg.br\/dedd\/wp-json\/wp\/v2\/users\/5"}],"replies":[{"embeddable":true,"href":"https:\/\/www.ufmg.br\/dedd\/wp-json\/wp\/v2\/comments?post=10133"}],"version-history":[{"count":5,"href":"https:\/\/www.ufmg.br\/dedd\/wp-json\/wp\/v2\/pages\/10133\/revisions"}],"predecessor-version":[{"id":10170,"href":"https:\/\/www.ufmg.br\/dedd\/wp-json\/wp\/v2\/pages\/10133\/revisions\/10170"}],"up":[{"embeddable":true,"href":"https:\/\/www.ufmg.br\/dedd\/wp-json\/wp\/v2\/pages\/9337"}],"wp:attachment":[{"href":"https:\/\/www.ufmg.br\/dedd\/wp-json\/wp\/v2\/media?parent=10133"}],"wp:term":[{"taxonomy":"category","embeddable":true,"href":"https:\/\/www.ufmg.br\/dedd\/wp-json\/wp\/v2\/categories?post=10133"},{"taxonomy":"post_tag","embeddable":true,"href":"https:\/\/www.ufmg.br\/dedd\/wp-json\/wp\/v2\/tags?post=10133"}],"curies":[{"name":"wp","href":"https:\/\/api.w.org\/{rel}","templated":true}]}}