{"id":10171,"date":"2023-07-05T16:05:01","date_gmt":"2023-07-05T19:05:01","guid":{"rendered":"https:\/\/www.ufmg.br\/dedd\/?page_id=10171"},"modified":"2024-07-03T15:44:53","modified_gmt":"2024-07-03T18:44:53","slug":"edital-001-2018-selecao-de-estagiario-para-o-setor-de-tics","status":"publish","type":"page","link":"https:\/\/www.ufmg.br\/dedd\/edital-001-2018-selecao-de-estagiario-para-o-setor-de-tics\/","title":{"rendered":"Edital 001\/2018 \u2013 Sele\u00e7\u00e3o de estagi\u00e1rio para o setor de TICs"},"content":{"rendered":"<p><a href=\"https:\/\/www.ufmg.br\/dedd\/wp-content\/uploads\/2022\/04\/Edital-01-2018-Estagiario-TIC.pdf\">Edital 001\/2018 &#8212; Sele\u00e7\u00e3o de estagi\u00e1rio para o setor de TICs<\/a> (publicado em 22\/01\/2018)<\/p>\n<p><a href=\"https:\/\/www.ufmg.br\/dedd\/wp-content\/uploads\/2022\/04\/Edital-01-2018-Resultado-Parcial.pdf\">Resultado parcial<\/a> \u00a0(publicado em 20\/02\/2018)<\/p>\n<p><a href=\"https:\/\/www.ufmg.br\/dedd\/wp-content\/uploads\/2022\/04\/Edital-02-2018-Resultado-Final.pdf\">Resultado final<\/a> (publicado em 20\/02\/2018)<\/p>\n","protected":false},"excerpt":{"rendered":"<p>Edital 001\/2018 &#8212; Sele\u00e7\u00e3o de estagi\u00e1rio para o setor de [&hellip;]<\/p>\n","protected":false},"author":5,"featured_media":0,"parent":0,"menu_order":0,"comment_status":"closed","ping_status":"closed","template":"","meta":[],"categories":[220,209],"tags":[],"acf":[],"_links":{"self":[{"href":"https:\/\/www.ufmg.br\/dedd\/wp-json\/wp\/v2\/pages\/10171"}],"collection":[{"href":"https:\/\/www.ufmg.br\/dedd\/wp-json\/wp\/v2\/pages"}],"about":[{"href":"https:\/\/www.ufmg.br\/dedd\/wp-json\/wp\/v2\/types\/page"}],"author":[{"embeddable":true,"href":"https:\/\/www.ufmg.br\/dedd\/wp-json\/wp\/v2\/users\/5"}],"replies":[{"embeddable":true,"href":"https:\/\/www.ufmg.br\/dedd\/wp-json\/wp\/v2\/comments?post=10171"}],"version-history":[{"count":3,"href":"https:\/\/www.ufmg.br\/dedd\/wp-json\/wp\/v2\/pages\/10171\/revisions"}],"predecessor-version":[{"id":10174,"href":"https:\/\/www.ufmg.br\/dedd\/wp-json\/wp\/v2\/pages\/10171\/revisions\/10174"}],"wp:attachment":[{"href":"https:\/\/www.ufmg.br\/dedd\/wp-json\/wp\/v2\/media?parent=10171"}],"wp:term":[{"taxonomy":"category","embeddable":true,"href":"https:\/\/www.ufmg.br\/dedd\/wp-json\/wp\/v2\/categories?post=10171"},{"taxonomy":"post_tag","embeddable":true,"href":"https:\/\/www.ufmg.br\/dedd\/wp-json\/wp\/v2\/tags?post=10171"}],"curies":[{"name":"wp","href":"https:\/\/api.w.org\/{rel}","templated":true}]}}