{"id":10178,"date":"2023-07-05T17:03:51","date_gmt":"2023-07-05T20:03:51","guid":{"rendered":"https:\/\/www.ufmg.br\/dedd\/?page_id=10178"},"modified":"2024-07-03T15:47:51","modified_gmt":"2024-07-03T18:47:51","slug":"edital-1382-2023-processo-seletivo-para-coordenador-de-curso-i-ou-ii-para-atuar-no-curso-de-especializacao-em-ensino-de-artes-visuais-e-tecnologias-contemporaneas","status":"publish","type":"page","link":"https:\/\/www.ufmg.br\/dedd\/edital-1382-2023-processo-seletivo-para-coordenador-de-curso-i-ou-ii-para-atuar-no-curso-de-especializacao-em-ensino-de-artes-visuais-e-tecnologias-contemporaneas\/","title":{"rendered":"Edital 1382\/2023 \u2014 Processo seletivo para Coordenador de Curso I ou II para atuar no curso de Especializa\u00e7\u00e3o em Ensino de Artes Visuais e Tecnologias Contempor\u00e2neas\u00a0"},"content":{"rendered":"<p><a href=\"https:\/\/www.ufmg.br\/dedd\/wp-content\/uploads\/2024\/06\/Edital-1382-2023-Convocacao-de-selecionado.pdf\">Convoca\u00e7\u00e3o de candidato aprovado<\/a>\u00a0(publicado em 24\/10\/2023)<\/p>\n<p><a href=\"https:\/\/www.ufmg.br\/dedd\/wp-content\/uploads\/2024\/06\/Edital-1382-2023-Resultado-Final.pdf\">Respostas aos Recursos e Resultado Final<\/a>\u00a0(publicado em 03\/08\/2023)<\/p>\n<p><a href=\"https:\/\/gpi.caed.ufmg.br\/index.php\/327469?lang=pt-BR\">Formul\u00e1rio para recursos<\/a>\u00a0(dispon\u00edvel at\u00e9 as 17h do dia 28\/07\/2023)<\/p>\n<p><a href=\"https:\/\/www.ufmg.br\/dedd\/wp-content\/uploads\/2024\/06\/Edital-1382-2023-Resultado-Preliminar.pdf\">Resultado preliminar<\/a>\u00a0(publicado em 18\/07\/2023)<\/p>\n<p><a href=\"https:\/\/www.ufmg.br\/dedd\/wp-content\/uploads\/2024\/06\/Edital-1382-2023-Portaria-de-Comissao-de-Selecao.pdf\">Portaria de nomea\u00e7\u00e3o da Comiss\u00e3o de Sele\u00e7\u00e3o<\/a>\u00a0(publicado em 14\/07\/2023)<\/p>\n<p><a href=\"https:\/\/gpi.caed.ufmg.br\/index.php\/847734?lang=pt-BR\">Formul\u00e1rio de inscri\u00e7\u00f5es<\/a> (dispon\u00edvel do dia 3\/7 at\u00e9 as 17h do dia 13\/7)<\/p>\n<p class=\"has-text-align-left\"><a href=\"https:\/\/www.ufmg.br\/dedd\/wp-content\/uploads\/2024\/06\/Edital-1382-2023-Edital.pdf\">Edital 1382\/2023 \u2013 Processo seletivo para Coordenador de Curso I ou II para atuar no curso de Especializa\u00e7\u00e3o em Ensino de Artes Visuais e Tecnologias Contempor\u00e2neas<\/a>\u00a0(publicado em 14\/06\/2023)<\/p>\n","protected":false},"excerpt":{"rendered":"<p>Convoca\u00e7\u00e3o de candidato aprovado\u00a0(publicado em 24\/10\/2023) Respostas aos Recursos e [&hellip;]<\/p>\n","protected":false},"author":5,"featured_media":0,"parent":0,"menu_order":0,"comment_status":"closed","ping_status":"closed","template":"","meta":[],"categories":[220,209],"tags":[],"acf":[],"_links":{"self":[{"href":"https:\/\/www.ufmg.br\/dedd\/wp-json\/wp\/v2\/pages\/10178"}],"collection":[{"href":"https:\/\/www.ufmg.br\/dedd\/wp-json\/wp\/v2\/pages"}],"about":[{"href":"https:\/\/www.ufmg.br\/dedd\/wp-json\/wp\/v2\/types\/page"}],"author":[{"embeddable":true,"href":"https:\/\/www.ufmg.br\/dedd\/wp-json\/wp\/v2\/users\/5"}],"replies":[{"embeddable":true,"href":"https:\/\/www.ufmg.br\/dedd\/wp-json\/wp\/v2\/comments?post=10178"}],"version-history":[{"count":8,"href":"https:\/\/www.ufmg.br\/dedd\/wp-json\/wp\/v2\/pages\/10178\/revisions"}],"predecessor-version":[{"id":10780,"href":"https:\/\/www.ufmg.br\/dedd\/wp-json\/wp\/v2\/pages\/10178\/revisions\/10780"}],"wp:attachment":[{"href":"https:\/\/www.ufmg.br\/dedd\/wp-json\/wp\/v2\/media?parent=10178"}],"wp:term":[{"taxonomy":"category","embeddable":true,"href":"https:\/\/www.ufmg.br\/dedd\/wp-json\/wp\/v2\/categories?post=10178"},{"taxonomy":"post_tag","embeddable":true,"href":"https:\/\/www.ufmg.br\/dedd\/wp-json\/wp\/v2\/tags?post=10178"}],"curies":[{"name":"wp","href":"https:\/\/api.w.org\/{rel}","templated":true}]}}