{"id":10184,"date":"2023-07-05T18:00:13","date_gmt":"2023-07-05T21:00:13","guid":{"rendered":"https:\/\/www.ufmg.br\/dedd\/?page_id=10184"},"modified":"2024-07-03T15:47:51","modified_gmt":"2024-07-03T18:47:51","slug":"edital-1388-2023-selecao-para-tutor-do-curso-de-especializacao-em-ensino-de-artes-visuais-e-tecnologias-contemporaneas","status":"publish","type":"page","link":"https:\/\/www.ufmg.br\/dedd\/edital-1388-2023-selecao-para-tutor-do-curso-de-especializacao-em-ensino-de-artes-visuais-e-tecnologias-contemporaneas\/","title":{"rendered":"Edital 1388\/2023 \u2014 Sele\u00e7\u00e3o para tutor do curso de especializa\u00e7\u00e3o em Ensino de Artes Visuais e Tecnologias Contempor\u00e2neas"},"content":{"rendered":"<p><a href=\"https:\/\/www.ufmg.br\/dedd\/wp-content\/uploads\/2023\/07\/Edital-1388-2023-Ato-de-retificacao.pdf\">Ato de retifica\u00e7\u00e3o n. 46\/2023 \u2014 Corrige reda\u00e7\u00e3o do item 3.3 do edital de sele\u00e7\u00e3o<\/a>\u00a0(publicado em 30\/06\/2023)<\/p>\n<p><a href=\"https:\/\/gpi.caed.ufmg.br\/index.php\/395213?lang=pt-BR\">Formul\u00e1rio de inscri\u00e7\u00f5es\u00a0<\/a>(dispon\u00edvel do dia 23\/6 at\u00e9 as 17h do dia 13\/7)<\/p>\n<p><a href=\"https:\/\/www.ufmg.br\/dedd\/wp-content\/uploads\/2023\/07\/Edital-1388-2023-1.pdf\">Edital 1388\/2023 \u2014 Sele\u00e7\u00e3o para tutor do curso de especializa\u00e7\u00e3o em Ensino de Artes Visuais e Tecnologias Contempor\u00e2neas\u00a0<\/a>(publicado em 14\/06\/2023)<\/p>\n","protected":false},"excerpt":{"rendered":"<p>Ato de retifica\u00e7\u00e3o n. 46\/2023 \u2014 Corrige reda\u00e7\u00e3o do item [&hellip;]<\/p>\n","protected":false},"author":5,"featured_media":0,"parent":0,"menu_order":0,"comment_status":"closed","ping_status":"closed","template":"","meta":[],"categories":[220,209],"tags":[],"acf":[],"_links":{"self":[{"href":"https:\/\/www.ufmg.br\/dedd\/wp-json\/wp\/v2\/pages\/10184"}],"collection":[{"href":"https:\/\/www.ufmg.br\/dedd\/wp-json\/wp\/v2\/pages"}],"about":[{"href":"https:\/\/www.ufmg.br\/dedd\/wp-json\/wp\/v2\/types\/page"}],"author":[{"embeddable":true,"href":"https:\/\/www.ufmg.br\/dedd\/wp-json\/wp\/v2\/users\/5"}],"replies":[{"embeddable":true,"href":"https:\/\/www.ufmg.br\/dedd\/wp-json\/wp\/v2\/comments?post=10184"}],"version-history":[{"count":1,"href":"https:\/\/www.ufmg.br\/dedd\/wp-json\/wp\/v2\/pages\/10184\/revisions"}],"predecessor-version":[{"id":10188,"href":"https:\/\/www.ufmg.br\/dedd\/wp-json\/wp\/v2\/pages\/10184\/revisions\/10188"}],"wp:attachment":[{"href":"https:\/\/www.ufmg.br\/dedd\/wp-json\/wp\/v2\/media?parent=10184"}],"wp:term":[{"taxonomy":"category","embeddable":true,"href":"https:\/\/www.ufmg.br\/dedd\/wp-json\/wp\/v2\/categories?post=10184"},{"taxonomy":"post_tag","embeddable":true,"href":"https:\/\/www.ufmg.br\/dedd\/wp-json\/wp\/v2\/tags?post=10184"}],"curies":[{"name":"wp","href":"https:\/\/api.w.org\/{rel}","templated":true}]}}