{"id":10284,"date":"2024-01-19T11:09:34","date_gmt":"2024-01-19T13:09:34","guid":{"rendered":"https:\/\/www.ufmg.br\/dedd\/?page_id=10284"},"modified":"2024-12-02T15:32:19","modified_gmt":"2024-12-02T18:32:19","slug":"edital-1681-2023-selecao-para-professor-formador-da-especializacao-em-geoprocessamento-levantamento-e-interpretacao-de-solos","status":"publish","type":"page","link":"https:\/\/www.ufmg.br\/dedd\/edital-1681-2023-selecao-para-professor-formador-da-especializacao-em-geoprocessamento-levantamento-e-interpretacao-de-solos\/","title":{"rendered":"Edital 1681\/2023 \u2014 Sele\u00e7\u00e3o para professor formador da especializa\u00e7\u00e3o em Geoprocessamento, Levantamento e Interpreta\u00e7\u00e3o de Solos"},"content":{"rendered":"<p><a href=\"https:\/\/www.ufmg.br\/dedd\/wp-content\/uploads\/2024\/12\/SEI_3739513_Ato_132-2.pdf\" target=\"_blank\" rel=\"noopener\">Ato de Convoca\u00e7\u00e3o &#8211; Disciplina Convencional &#8211; Geoprocessamento<\/a> (publicado em 02\/12\/2024)<\/p>\n<p><a href=\"https:\/\/www.ufmg.br\/dedd\/wp-content\/uploads\/2024\/08\/SEI_3447784_Ato_100.pdf\">Ato de Convoca\u00e7\u00e3o &#8211; Disciplina Convencional \u2013 Professor Formador I ou II<\/a>\u00a0\u2013 GLIS (publicado em 19\/08\/2024)<\/p>\n<p><a href=\"https:\/\/www.ufmg.br\/dedd\/wp-content\/uploads\/2024\/01\/Edital-1681-2023-Resultado-Final.pdf\">Resultado final \u2013 Edital n\u00ba 1681\/2023 \u2013 Professor Formador I ou II \u2013 Disciplina convencional<\/a> \u2013 GLIS (publicado em 06\/09\/2023)<\/p>\n<p><a href=\"https:\/\/gpi.caed.ufmg.br\/index.php\/547643\">Formul\u00e1rio de recursos<\/a> (dispon\u00edvel at\u00e9 as 17h do dia 04\/09\/2023)<\/p>\n<p><a href=\"https:\/\/www.ufmg.br\/dedd\/wp-content\/uploads\/2024\/01\/Edital-1681-2023-Resultado-preliminar.pdf\">Resultado preliminar<\/a> (publicado em 25\/08\/2023)<\/p>\n<p><a href=\"https:\/\/gpi.caed.ufmg.br\/index.php\/476115?lang=pt-BR\">Formul\u00e1rio de inscri\u00e7\u00e3o<\/a> (publicado em 03\/08\/2023)<\/p>\n<p><a href=\"https:\/\/www.ufmg.br\/dedd\/wp-content\/uploads\/2024\/01\/Edital-1681-2023-Portaria-de-comissao.pdf\">Portaria de nomea\u00e7\u00e3o banca de sele\u00e7\u00e3o edital professor formador \u2013 Especializa\u00e7\u00e3o em Solos<\/a> (publicada em 21\/08\/2023)<\/p>\n<p><a href=\"https:\/\/www.ufmg.br\/dedd\/wp-content\/uploads\/2024\/01\/Edital-1618-2023-Selecao-para-professor-formador-Geoprocessamento.pdf\">Edital 1681\/2023 \u2014 Sele\u00e7\u00e3o para professor formador da especializa\u00e7\u00e3o em Geoprocessamento, Levantamento e Interpreta\u00e7\u00e3o de Solos<\/a> (publicado em 21\/07\/2023)<\/p>\n","protected":false},"excerpt":{"rendered":"<p>Ato de Convoca\u00e7\u00e3o &#8211; Disciplina Convencional &#8211; Geoprocessamento (publicado em [&hellip;]<\/p>\n","protected":false},"author":5,"featured_media":0,"parent":0,"menu_order":0,"comment_status":"closed","ping_status":"closed","template":"","meta":[],"categories":[220,209],"tags":[],"acf":[],"_links":{"self":[{"href":"https:\/\/www.ufmg.br\/dedd\/wp-json\/wp\/v2\/pages\/10284"}],"collection":[{"href":"https:\/\/www.ufmg.br\/dedd\/wp-json\/wp\/v2\/pages"}],"about":[{"href":"https:\/\/www.ufmg.br\/dedd\/wp-json\/wp\/v2\/types\/page"}],"author":[{"embeddable":true,"href":"https:\/\/www.ufmg.br\/dedd\/wp-json\/wp\/v2\/users\/5"}],"replies":[{"embeddable":true,"href":"https:\/\/www.ufmg.br\/dedd\/wp-json\/wp\/v2\/comments?post=10284"}],"version-history":[{"count":11,"href":"https:\/\/www.ufmg.br\/dedd\/wp-json\/wp\/v2\/pages\/10284\/revisions"}],"predecessor-version":[{"id":12585,"href":"https:\/\/www.ufmg.br\/dedd\/wp-json\/wp\/v2\/pages\/10284\/revisions\/12585"}],"wp:attachment":[{"href":"https:\/\/www.ufmg.br\/dedd\/wp-json\/wp\/v2\/media?parent=10284"}],"wp:term":[{"taxonomy":"category","embeddable":true,"href":"https:\/\/www.ufmg.br\/dedd\/wp-json\/wp\/v2\/categories?post=10284"},{"taxonomy":"post_tag","embeddable":true,"href":"https:\/\/www.ufmg.br\/dedd\/wp-json\/wp\/v2\/tags?post=10284"}],"curies":[{"name":"wp","href":"https:\/\/api.w.org\/{rel}","templated":true}]}}