{"id":10296,"date":"2024-01-19T11:40:38","date_gmt":"2024-01-19T13:40:38","guid":{"rendered":"https:\/\/www.ufmg.br\/dedd\/?page_id=10296"},"modified":"2024-07-03T15:47:52","modified_gmt":"2024-07-03T18:47:52","slug":"edital-1711-2023-selecao-para-alunos-do-curso-de-especializacao-em-educacao-em-ciencias","status":"publish","type":"page","link":"https:\/\/www.ufmg.br\/dedd\/edital-1711-2023-selecao-para-alunos-do-curso-de-especializacao-em-educacao-em-ciencias\/","title":{"rendered":"Edital 1711\/2023 \u2014 Sele\u00e7\u00e3o para alunos do curso de especializa\u00e7\u00e3o em Educa\u00e7\u00e3o em Ci\u00eancias"},"content":{"rendered":"<p><a href=\"https:\/\/www.ufmg.br\/dedd\/wp-content\/uploads\/2024\/01\/Edital-1711-2023-Retificacao-ao-Resultado-final-das-etapas-I-e-II.pdf\">Retifica\u00e7\u00e3o ao Resultado final do Edital n\u00ba 1711\/2023<\/a> (publicado em 27\/09\/2023)<\/p>\n<p><a href=\"https:\/\/www.ufmg.br\/dedd\/wp-content\/uploads\/2024\/01\/Edital-1711-2023-RESULTADO-final-das-inscricoes-homologadas.pdf\">Resultado Final \u2013 Edital n\u00ba 1711\/2023 \u2013 ALUNOS \u2013 CECI<\/a> (publicado em 15\/09\/2023)<\/p>\n<p><a href=\"https:\/\/www.ufmg.br\/dedd\/wp-content\/uploads\/2024\/01\/Edital-1711-2023-RESULTADO-PRELIMINAR-inscricoes-homologadas.pdf\">Resultado Preliminar das Etapas I e II referente ao edital n\u00ba 1711\/2023<\/a> (publicado em 06\/09\/2023)<\/p>\n<p><a href=\"https:\/\/www.ufmg.br\/dedd\/wp-content\/uploads\/2024\/01\/Edital-1711-2023-RESULTADO-final-das-inscricoes-homologadas.pdf\">Resultado Final das inscri\u00e7\u00f5es homologadas<\/a> (publicado em 1\u00ba\/09\/2023)<\/p>\n<p><a href=\"https:\/\/www.ufmg.br\/dedd\/wp-content\/uploads\/2024\/01\/Edital-1711-2023-RESULTADO-PRELIMINAR-inscricoes-homologadas.pdf\">Resultado Preliminar das inscri\u00e7\u00f5es homologadas<\/a> (publicado em 29\/08\/2023)<\/p>\n<p><a href=\"https:\/\/gpi.caed.ufmg.br\/index.php\/232481\">Formul\u00e1rio para inscri\u00e7\u00f5es<\/a> (dispon\u00edvel de 01\/08 at\u00e9 as 23h59 do dia 25\/08\/2023)<\/p>\n<p><a href=\"https:\/\/www.ufmg.br\/dedd\/wp-content\/uploads\/2024\/01\/Edital-1711-2023-Retificacao-ao-edital-1.pdf\">Retifica\u00e7\u00e3o ao Edital Regular n\u00ba 1711\/2023<\/a> \u2013 ESPECIALIZA\u00c7\u00c3O 2023 (publicado em 16\/08\/2023)<\/p>\n<p><a href=\"https:\/\/www.ufmg.br\/dedd\/wp-content\/uploads\/2024\/01\/Edital-1711-2023-Selecao-de-alunos-CeCi.pdf\">Edital 1711\/2023 \u2014 Sele\u00e7\u00e3o para alunos do curso de especializa\u00e7\u00e3o em Educa\u00e7\u00e3o em Ci\u00eancias<\/a> (publicado em 27\/07\/2023)<\/p>\n","protected":false},"excerpt":{"rendered":"<p>Retifica\u00e7\u00e3o ao Resultado final do Edital n\u00ba 1711\/2023 (publicado em [&hellip;]<\/p>\n","protected":false},"author":5,"featured_media":0,"parent":0,"menu_order":0,"comment_status":"closed","ping_status":"closed","template":"","meta":[],"categories":[220,209],"tags":[],"acf":[],"_links":{"self":[{"href":"https:\/\/www.ufmg.br\/dedd\/wp-json\/wp\/v2\/pages\/10296"}],"collection":[{"href":"https:\/\/www.ufmg.br\/dedd\/wp-json\/wp\/v2\/pages"}],"about":[{"href":"https:\/\/www.ufmg.br\/dedd\/wp-json\/wp\/v2\/types\/page"}],"author":[{"embeddable":true,"href":"https:\/\/www.ufmg.br\/dedd\/wp-json\/wp\/v2\/users\/5"}],"replies":[{"embeddable":true,"href":"https:\/\/www.ufmg.br\/dedd\/wp-json\/wp\/v2\/comments?post=10296"}],"version-history":[{"count":7,"href":"https:\/\/www.ufmg.br\/dedd\/wp-json\/wp\/v2\/pages\/10296\/revisions"}],"predecessor-version":[{"id":10310,"href":"https:\/\/www.ufmg.br\/dedd\/wp-json\/wp\/v2\/pages\/10296\/revisions\/10310"}],"wp:attachment":[{"href":"https:\/\/www.ufmg.br\/dedd\/wp-json\/wp\/v2\/media?parent=10296"}],"wp:term":[{"taxonomy":"category","embeddable":true,"href":"https:\/\/www.ufmg.br\/dedd\/wp-json\/wp\/v2\/categories?post=10296"},{"taxonomy":"post_tag","embeddable":true,"href":"https:\/\/www.ufmg.br\/dedd\/wp-json\/wp\/v2\/tags?post=10296"}],"curies":[{"name":"wp","href":"https:\/\/api.w.org\/{rel}","templated":true}]}}