{"id":10318,"date":"2024-01-19T12:27:34","date_gmt":"2024-01-19T14:27:34","guid":{"rendered":"https:\/\/www.ufmg.br\/dedd\/?page_id=10318"},"modified":"2024-07-03T15:47:52","modified_gmt":"2024-07-03T18:47:52","slug":"edital-1781-2023-selecao-para-alunos-do-curso-de-especializacao-em-ensino-de-artes-visuais-e-tecnologias-contemporaneas","status":"publish","type":"page","link":"https:\/\/www.ufmg.br\/dedd\/edital-1781-2023-selecao-para-alunos-do-curso-de-especializacao-em-ensino-de-artes-visuais-e-tecnologias-contemporaneas\/","title":{"rendered":"Edital 1781\/2023 \u2013 Sele\u00e7\u00e3o para alunos do curso de especializa\u00e7\u00e3o em Ensino de Artes Visuais e Tecnologias Contempor\u00e2neas"},"content":{"rendered":"<p><a href=\"https:\/\/www.ufmg.br\/dedd\/wp-content\/uploads\/2024\/01\/Edital-1781-2023-Relacao-final-de-alunos-matriculados.pdf\">Rela\u00e7\u00e3o final de alunos matriculados\u00a0 \u2013 Edital n\u00ba 1781\/2023<\/a> \u2013 CEEAV \u2013 SELE\u00c7\u00c3O DE ALUNOS (publicado em 27\/10\/2023)<\/p>\n<p><a href=\"https:\/\/www.ufmg.br\/dedd\/wp-content\/uploads\/2024\/01\/Edital-1781-2023-Respostas-aos-recursos-e-resultado-final.pdf\">Respostas aos Recursos e Resultado Final \u2013Sele\u00e7\u00e3o de alunos do CEEAV referente ao edital n\u00ba 1781\/2023<\/a> (publicado em 03\/10\/2023)<\/p>\n<p><a href=\"https:\/\/gpi.caed.ufmg.br\/index.php\/741317?lang=pt-BR\">Formul\u00e1rio para recursos<\/a> (dispon\u00edvel at\u00e9 as 21h do dia 24\/09\/2023)<\/p>\n<p><a href=\"https:\/\/www.ufmg.br\/dedd\/wp-content\/uploads\/2024\/01\/Edital-1781-2023-Resultado-final-das-inscricoes-homologadas.pdf\">Resultado Preliminar das Etapas I e II da sele\u00e7\u00e3o de alunos do Curso de Especializa\u00e7\u00e3o em Ensino de Artes Visuais<\/a> (publicado em 15\/09\/2023)<\/p>\n<p><a href=\"https:\/\/www.ufmg.br\/dedd\/wp-content\/uploads\/2024\/01\/Edital-1781-2023-Resultado-final-das-inscricoes-homologadas.pdf\">Resultado Final das inscri\u00e7\u00f5es Homologadas \u2013 Edital n\u00ba 1781\/2023<\/a> \u2013 Alunos Artes Visuais (publicado em 13\/09\/2023)<\/p>\n<p><a href=\"https:\/\/www.ufmg.br\/dedd\/wp-content\/uploads\/2024\/01\/Edital-1781-2023-Retificacao-2.pdf\">Ato n\u00ba 91\/2023 \u2014 Segunda Retifica\u00e7\u00e3o ao Edital Regular n\u00ba 1781\/2023<\/a> \u2013 Sele\u00e7\u00e3o de alunos \u2013 CEEAV (publicado em 13\/09\/2023)<\/p>\n<p><a href=\"https:\/\/www.ufmg.br\/dedd\/wp-content\/uploads\/2024\/01\/Edital-1781-2023-Resultado-das-inscricoes-homologadas.pdf\">Resultado das inscri\u00e7\u00f5es homologadas \u2013 Edital n\u00ba 1781\/2023 \u2013 Sele\u00e7\u00e3o de alunos<\/a> \u2013 CEEAV (publicado em 06\/09\/2023)<\/p>\n<p><a href=\"https:\/\/gpi.caed.ufmg.br\/index.php\/734384\">Formul\u00e1rio para inscri\u00e7\u00f5es<\/a> (dispon\u00edvel de 11\/08\/2023 a 01\/09\/2023)<\/p>\n<p><a href=\"https:\/\/www.ufmg.br\/dedd\/wp-content\/uploads\/2024\/01\/Edital-1781-2023-Retificacao-1.pdf\">Ato n\u00ba 76 \u2013 Retifica\u00e7\u00e3o ao Edital Regular n\u00ba 1781\/2023 \u2013 Especializa\u00e7\u00e3o em Ensino de Artes Visuais e Tecnologias Contempor\u00e2neas 2023<\/a> (publicado em 25\/08\/2023)<\/p>\n<p><a href=\"https:\/\/www.ufmg.br\/dedd\/wp-content\/uploads\/2024\/01\/Edital-1781-2023.pdf\">Edital 1781\/2023 \u2014 Sele\u00e7\u00e3o para alunos do curso de especializa\u00e7\u00e3o em Artes Visuais e Tecnologias Contempor\u00e2neas<\/a> (publicado em 07\/08\/2023)<\/p>\n","protected":false},"excerpt":{"rendered":"<p>Rela\u00e7\u00e3o final de alunos matriculados\u00a0 \u2013 Edital n\u00ba 1781\/2023 \u2013 [&hellip;]<\/p>\n","protected":false},"author":5,"featured_media":0,"parent":0,"menu_order":0,"comment_status":"closed","ping_status":"closed","template":"","meta":[],"categories":[220,209],"tags":[],"acf":[],"_links":{"self":[{"href":"https:\/\/www.ufmg.br\/dedd\/wp-json\/wp\/v2\/pages\/10318"}],"collection":[{"href":"https:\/\/www.ufmg.br\/dedd\/wp-json\/wp\/v2\/pages"}],"about":[{"href":"https:\/\/www.ufmg.br\/dedd\/wp-json\/wp\/v2\/types\/page"}],"author":[{"embeddable":true,"href":"https:\/\/www.ufmg.br\/dedd\/wp-json\/wp\/v2\/users\/5"}],"replies":[{"embeddable":true,"href":"https:\/\/www.ufmg.br\/dedd\/wp-json\/wp\/v2\/comments?post=10318"}],"version-history":[{"count":9,"href":"https:\/\/www.ufmg.br\/dedd\/wp-json\/wp\/v2\/pages\/10318\/revisions"}],"predecessor-version":[{"id":10334,"href":"https:\/\/www.ufmg.br\/dedd\/wp-json\/wp\/v2\/pages\/10318\/revisions\/10334"}],"wp:attachment":[{"href":"https:\/\/www.ufmg.br\/dedd\/wp-json\/wp\/v2\/media?parent=10318"}],"wp:term":[{"taxonomy":"category","embeddable":true,"href":"https:\/\/www.ufmg.br\/dedd\/wp-json\/wp\/v2\/categories?post=10318"},{"taxonomy":"post_tag","embeddable":true,"href":"https:\/\/www.ufmg.br\/dedd\/wp-json\/wp\/v2\/tags?post=10318"}],"curies":[{"name":"wp","href":"https:\/\/api.w.org\/{rel}","templated":true}]}}