{"id":10371,"date":"2024-01-22T10:57:21","date_gmt":"2024-01-22T12:57:21","guid":{"rendered":"https:\/\/www.ufmg.br\/dedd\/?page_id=10371"},"modified":"2024-10-04T16:57:25","modified_gmt":"2024-10-04T19:57:25","slug":"edital-1828-2023-selecao-de-professor-formador-para-a-especializacao-em-ensino-de-artes-visuais-e-tecnologias-contemporaneas","status":"publish","type":"page","link":"https:\/\/www.ufmg.br\/dedd\/edital-1828-2023-selecao-de-professor-formador-para-a-especializacao-em-ensino-de-artes-visuais-e-tecnologias-contemporaneas\/","title":{"rendered":"Edital 1828\/2023 \u2014 Sele\u00e7\u00e3o de professor formador para a especializa\u00e7\u00e3o em Ensino de Artes Visuais e Tecnologias Contempor\u00e2neas"},"content":{"rendered":"<p><a href=\"https:\/\/www.ufmg.br\/dedd\/wp-content\/uploads\/2024\/10\/SEI_3609967_Ato_110-1.pdf\" target=\"_blank\" rel=\"noopener\">Convoca\u00e7\u00e3o Edital n\u00ba 1828\/2023 &#8211; Sele\u00e7\u00e3o de Professor Formador &#8211; Disciplina Convencional &#8211; CEEAV<\/a> (publicado em 04\/10\/2024)<\/p>\n<p><a href=\"https:\/\/www.ufmg.br\/dedd\/wp-content\/uploads\/2024\/01\/Edital-1828-2023-Resultado-final.pdf\">Resultado final<\/a> (publicado em 04\/10\/2023)<\/p>\n<p><a href=\"https:\/\/www.ufmg.br\/dedd\/wp-content\/uploads\/2024\/01\/Edital-1828-2023-Resposta-Analise-dos-Recursos.pdf\">Resposta aos Recursos \u2013 PROFESSOR FORMADOR \u2013 DISCIPLINA CONVENCIONAL \u2013 CEEAV referente ao edital n\u00ba 1828\/2023<\/a> (publicado em 03\/10\/2023)<\/p>\n<p><a href=\"https:\/\/gpi.caed.ufmg.br\/index.php\/887772?lang=pt-BR\">Formul\u00e1rio de recurso<\/a> (publicado em 20\/09\/2023)<\/p>\n<p><a href=\"https:\/\/www.ufmg.br\/dedd\/wp-content\/uploads\/2024\/01\/Edital-1828-2023-Resultado-Preliminar-Etapas-I-e-II.pdf\">Resultado Preliminar Etapas I e II \u2013 Professor Formador \u2013 Disciplina Convencional \u2013 CEEAV \u2013 Edital n\u00ba 1828\/2023<\/a> (publicado em 19\/09\/2023)<\/p>\n<p><a href=\"https:\/\/www.ufmg.br\/dedd\/wp-content\/uploads\/2024\/01\/Edital-1828-2023-Retificacao-Designacao-de-Comissao.pdf\">Portaria de n\u00ba 8192 \u2013 Retifica\u00e7\u00e3o \u00e0 portaria que designa Comiss\u00e3o de Sele\u00e7\u00e3o referente ao edital n\u00ba 1828\/2023 -PROFESSOR FORMADOR\/DISCIPLINA CONVENCIONAL \u2013 ARTES VISUAIS<\/a> (publicado em 12\/09\/2023)<\/p>\n<p><a href=\"https:\/\/www.ufmg.br\/dedd\/wp-content\/uploads\/2024\/01\/Edital-1828-2023-Portaria-Designacao-de-Comissao.pdf\">Portaria de n\u00ba 8102 \u2013 Nomeia Comiss\u00e3o de Sele\u00e7\u00e3o referente ao edital n\u00ba 1828\/2023 -PROFESSOR FORMADOR\/DISCIPLINA CONVENCIONAL \u2013 ARTES VISUAIS<\/a> (publicado em 12\/09\/2023)<\/p>\n<p><a href=\"https:\/\/gpi.caed.ufmg.br\/index.php\/136979?lang=pt-BR\">Formul\u00e1rio para inscri\u00e7\u00f5es<\/a> (dispon\u00edvel de 16\/08 a 11\/09\/2023)<\/p>\n<p><a href=\"https:\/\/www.ufmg.br\/dedd\/wp-content\/uploads\/2024\/01\/Edital-1828-2023.pdf\">Edital 1828\/2023 \u2014 Sele\u00e7\u00e3o de professor formador para a especializa\u00e7\u00e3o em Ensino de Artes Visuais e Tecnologias Contempor\u00e2neas<\/a> (publicado em 11\/08\/2023)<\/p>\n","protected":false},"excerpt":{"rendered":"<p>Convoca\u00e7\u00e3o Edital n\u00ba 1828\/2023 &#8211; Sele\u00e7\u00e3o de Professor Formador &#8211; [&hellip;]<\/p>\n","protected":false},"author":5,"featured_media":0,"parent":0,"menu_order":0,"comment_status":"closed","ping_status":"closed","template":"","meta":[],"categories":[220,209],"tags":[],"acf":[],"_links":{"self":[{"href":"https:\/\/www.ufmg.br\/dedd\/wp-json\/wp\/v2\/pages\/10371"}],"collection":[{"href":"https:\/\/www.ufmg.br\/dedd\/wp-json\/wp\/v2\/pages"}],"about":[{"href":"https:\/\/www.ufmg.br\/dedd\/wp-json\/wp\/v2\/types\/page"}],"author":[{"embeddable":true,"href":"https:\/\/www.ufmg.br\/dedd\/wp-json\/wp\/v2\/users\/5"}],"replies":[{"embeddable":true,"href":"https:\/\/www.ufmg.br\/dedd\/wp-json\/wp\/v2\/comments?post=10371"}],"version-history":[{"count":12,"href":"https:\/\/www.ufmg.br\/dedd\/wp-json\/wp\/v2\/pages\/10371\/revisions"}],"predecessor-version":[{"id":12476,"href":"https:\/\/www.ufmg.br\/dedd\/wp-json\/wp\/v2\/pages\/10371\/revisions\/12476"}],"wp:attachment":[{"href":"https:\/\/www.ufmg.br\/dedd\/wp-json\/wp\/v2\/media?parent=10371"}],"wp:term":[{"taxonomy":"category","embeddable":true,"href":"https:\/\/www.ufmg.br\/dedd\/wp-json\/wp\/v2\/categories?post=10371"},{"taxonomy":"post_tag","embeddable":true,"href":"https:\/\/www.ufmg.br\/dedd\/wp-json\/wp\/v2\/tags?post=10371"}],"curies":[{"name":"wp","href":"https:\/\/api.w.org\/{rel}","templated":true}]}}