{"id":10468,"date":"2024-01-23T10:37:50","date_gmt":"2024-01-23T12:37:50","guid":{"rendered":"https:\/\/www.ufmg.br\/dedd\/?page_id=10468"},"modified":"2024-07-03T15:52:00","modified_gmt":"2024-07-03T18:52:00","slug":"edital-no-2119-2023-selecao-de-alunos-curso-de-especializacao-em-educacao-em-ciencias-vagas-remanescentes-2","status":"publish","type":"page","link":"https:\/\/www.ufmg.br\/dedd\/edital-no-2119-2023-selecao-de-alunos-curso-de-especializacao-em-educacao-em-ciencias-vagas-remanescentes-2\/","title":{"rendered":"Edital n\u00ba 2119\/2023 \u2013 Sele\u00e7\u00e3o de Alunos \u2013 Curso de Especializa\u00e7\u00e3o em Educa\u00e7\u00e3o em Ci\u00eancias \u2013 Vagas Remanescentes"},"content":{"rendered":"<p><a href=\"https:\/\/www.ufmg.br\/dedd\/wp-content\/uploads\/2024\/01\/Edital-2119-2023-Resultado-final.pdf\">Resultado final<\/a> (publicado em 24\/10\/2023)<\/p>\n<p><a href=\"https:\/\/www.ufmg.br\/dedd\/wp-content\/uploads\/2024\/01\/Edital-2119-2023-Resultado-preliminar-das-etapas-I-e-II.pdf\">Resultado preliminar \u2014 Etapas I e II<\/a> (publicado em 11\/10\/2023)<\/p>\n<p><a href=\"https:\/\/www.ufmg.br\/dedd\/wp-content\/uploads\/2024\/01\/Edital-2119-2023-Resultado-final-inscricoes-homologadas.pdf\">Resultado final das inscri\u00e7\u00f5es homologadas<\/a> (publicado em 05\/10\/2023)<\/p>\n<p><a href=\"https:\/\/www.ufmg.br\/dedd\/wp-content\/uploads\/2024\/01\/Edital-2119-Resultado-preliminar.pdf\">Resultado preliminar das inscri\u00e7\u00f5es homologadas<\/a> (publicado em 03\/10\/2023)<\/p>\n<p><a href=\"https:\/\/gpi.caed.ufmg.br\/index.php\/542513?lang=pt-BR\">Formul\u00e1rio para inscri\u00e7\u00f5es<\/a> (dispon\u00edvel at\u00e9 \u00e1s 23h59 do dia 28\/09\/2023)<\/p>\n<p><a href=\"https:\/\/www.ufmg.br\/dedd\/wp-content\/uploads\/2024\/01\/Edital-2119-2023-Retificacao.pdf\">Retifica\u00e7\u00e3o ao Edital n\u00ba 2119\/2023 \u2013 Sele\u00e7\u00e3o de Alunos \u2013 Curso de Especializa\u00e7\u00e3o em Educa\u00e7\u00e3o em Ci\u00eancias \u2013 Vagas Remanescentes<\/a> (publicado em 15\/09\/2023)<\/p>\n<p><a href=\"https:\/\/www.ufmg.br\/dedd\/wp-content\/uploads\/2024\/01\/Edital-2119-2023.pdf\">Edital n\u00ba 2119\/2023 \u2013 Sele\u00e7\u00e3o de Alunos \u2013 Curso de Especializa\u00e7\u00e3o em Educa\u00e7\u00e3o em Ci\u00eancias \u2013 Vagas Remanescentes<\/a> (publicado em 15\/09\/2023)<\/p>\n","protected":false},"excerpt":{"rendered":"<p>Resultado final (publicado em 24\/10\/2023) Resultado preliminar \u2014 Etapas I [&hellip;]<\/p>\n","protected":false},"author":5,"featured_media":0,"parent":0,"menu_order":0,"comment_status":"closed","ping_status":"closed","template":"","meta":[],"categories":[220,209],"tags":[],"acf":[],"_links":{"self":[{"href":"https:\/\/www.ufmg.br\/dedd\/wp-json\/wp\/v2\/pages\/10468"}],"collection":[{"href":"https:\/\/www.ufmg.br\/dedd\/wp-json\/wp\/v2\/pages"}],"about":[{"href":"https:\/\/www.ufmg.br\/dedd\/wp-json\/wp\/v2\/types\/page"}],"author":[{"embeddable":true,"href":"https:\/\/www.ufmg.br\/dedd\/wp-json\/wp\/v2\/users\/5"}],"replies":[{"embeddable":true,"href":"https:\/\/www.ufmg.br\/dedd\/wp-json\/wp\/v2\/comments?post=10468"}],"version-history":[{"count":9,"href":"https:\/\/www.ufmg.br\/dedd\/wp-json\/wp\/v2\/pages\/10468\/revisions"}],"predecessor-version":[{"id":10483,"href":"https:\/\/www.ufmg.br\/dedd\/wp-json\/wp\/v2\/pages\/10468\/revisions\/10483"}],"wp:attachment":[{"href":"https:\/\/www.ufmg.br\/dedd\/wp-json\/wp\/v2\/media?parent=10468"}],"wp:term":[{"taxonomy":"category","embeddable":true,"href":"https:\/\/www.ufmg.br\/dedd\/wp-json\/wp\/v2\/categories?post=10468"},{"taxonomy":"post_tag","embeddable":true,"href":"https:\/\/www.ufmg.br\/dedd\/wp-json\/wp\/v2\/tags?post=10468"}],"curies":[{"name":"wp","href":"https:\/\/api.w.org\/{rel}","templated":true}]}}