{"id":10484,"date":"2024-01-23T11:12:29","date_gmt":"2024-01-23T13:12:29","guid":{"rendered":"https:\/\/www.ufmg.br\/dedd\/?page_id=10484"},"modified":"2024-07-03T15:51:59","modified_gmt":"2024-07-03T18:51:59","slug":"edital-no-2057-2023-selecao-de-tutores-do-curso-de-especializacao-em-geoprocessamento-levantamento-e-interpretacao-de-solos","status":"publish","type":"page","link":"https:\/\/www.ufmg.br\/dedd\/edital-no-2057-2023-selecao-de-tutores-do-curso-de-especializacao-em-geoprocessamento-levantamento-e-interpretacao-de-solos\/","title":{"rendered":"Edital n\u00ba 2057\/2023 \u2013 Sele\u00e7\u00e3o de tutores do Curso de Especializa\u00e7\u00e3o em Geoprocessamento, Levantamento e Interpreta\u00e7\u00e3o de Solos"},"content":{"rendered":"<p><a href=\"https:\/\/www.ufmg.br\/dedd\/wp-content\/uploads\/2024\/01\/Edital-2057-2023-Resultado-Final.pdf\">Resultado final<\/a> (publicado em 07\/11\/2023)<\/p>\n<p><a href=\"https:\/\/www.ufmg.br\/dedd\/wp-content\/uploads\/2024\/01\/Edital-2057-2023-Resposta-aos-recursos.pdf\">Resposta aos recursos<\/a> (publicado em 07\/11\/2023)<\/p>\n<p><a href=\"https:\/\/gpi.caed.ufmg.br\/index.php\/555726?lang=pt-BR\">Formul\u00e1rio para recursos<\/a> (dispon\u00edvel at\u00e9 as 17h do dia 3\/11\/2023)<\/p>\n<p><a href=\"https:\/\/www.ufmg.br\/dedd\/wp-content\/uploads\/2024\/01\/Edital-2057-2023-Resultado-preliminar-das-etapas-I-e-II.pdf\">Resultado preliminar \u2014 Etapas I e II<\/a> (publicado em 24\/10\/2023)<\/p>\n<p><a href=\"https:\/\/www.ufmg.br\/dedd\/wp-content\/uploads\/2024\/01\/Edital-2057-2023-Retificacao-ao-edital.pdf\">Retifica\u00e7\u00e3o ao edital de sele\u00e7\u00e3o<\/a> (publicado em 23\/10\/2023)<\/p>\n<p><a href=\"https:\/\/www.ufmg.br\/dedd\/wp-content\/uploads\/2024\/01\/Edital-2057-2023-Portaria-de-Designacao-de-Comissao.pdf\">Portaria de Comiss\u00e3o de Sele\u00e7\u00e3o<\/a> (dispon\u00edvel em 16\/10\/2023)<\/p>\n<p><a href=\"https:\/\/gpi.caed.ufmg.br\/index.php\/771877?lang=pt-BR\">Formul\u00e1rio de inscri\u00e7\u00e3o<\/a> (dispon\u00edvel de 20\/09\/2023 at\u00e9 as 17h do dia 15\/10\/2023)<\/p>\n<p><a href=\"https:\/\/www.ufmg.br\/dedd\/wp-content\/uploads\/2024\/01\/Edital-2057-2023.pdf\">Edital n\u00ba 2057\/2023 \u2013 Sele\u00e7\u00e3o de tutores do Curso de Especializa\u00e7\u00e3o em Geoprocessamento, Levantamento e Interpreta\u00e7\u00e3o de Solos<\/a> (publicado em 14\/09\/2023)<\/p>\n","protected":false},"excerpt":{"rendered":"<p>Resultado final (publicado em 07\/11\/2023) Resposta aos recursos (publicado em [&hellip;]<\/p>\n","protected":false},"author":5,"featured_media":0,"parent":0,"menu_order":0,"comment_status":"closed","ping_status":"closed","template":"","meta":[],"categories":[220,209],"tags":[],"acf":[],"_links":{"self":[{"href":"https:\/\/www.ufmg.br\/dedd\/wp-json\/wp\/v2\/pages\/10484"}],"collection":[{"href":"https:\/\/www.ufmg.br\/dedd\/wp-json\/wp\/v2\/pages"}],"about":[{"href":"https:\/\/www.ufmg.br\/dedd\/wp-json\/wp\/v2\/types\/page"}],"author":[{"embeddable":true,"href":"https:\/\/www.ufmg.br\/dedd\/wp-json\/wp\/v2\/users\/5"}],"replies":[{"embeddable":true,"href":"https:\/\/www.ufmg.br\/dedd\/wp-json\/wp\/v2\/comments?post=10484"}],"version-history":[{"count":8,"href":"https:\/\/www.ufmg.br\/dedd\/wp-json\/wp\/v2\/pages\/10484\/revisions"}],"predecessor-version":[{"id":10499,"href":"https:\/\/www.ufmg.br\/dedd\/wp-json\/wp\/v2\/pages\/10484\/revisions\/10499"}],"wp:attachment":[{"href":"https:\/\/www.ufmg.br\/dedd\/wp-json\/wp\/v2\/media?parent=10484"}],"wp:term":[{"taxonomy":"category","embeddable":true,"href":"https:\/\/www.ufmg.br\/dedd\/wp-json\/wp\/v2\/categories?post=10484"},{"taxonomy":"post_tag","embeddable":true,"href":"https:\/\/www.ufmg.br\/dedd\/wp-json\/wp\/v2\/tags?post=10484"}],"curies":[{"name":"wp","href":"https:\/\/api.w.org\/{rel}","templated":true}]}}