{"id":10500,"date":"2024-01-23T11:59:48","date_gmt":"2024-01-23T13:59:48","guid":{"rendered":"https:\/\/www.ufmg.br\/dedd\/?page_id=10500"},"modified":"2024-07-03T15:50:08","modified_gmt":"2024-07-03T18:50:08","slug":"edital-2179-2023-selecao-para-alunos-do-curso-de-especializacao-em-ensino-de-artes-visuais-e-tecnologias-contemporaneas-vagas-remanescentes","status":"publish","type":"page","link":"https:\/\/www.ufmg.br\/dedd\/edital-2179-2023-selecao-para-alunos-do-curso-de-especializacao-em-ensino-de-artes-visuais-e-tecnologias-contemporaneas-vagas-remanescentes\/","title":{"rendered":"Edital 2179\/2023 \u2014 Sele\u00e7\u00e3o para alunos do Curso de Especializa\u00e7\u00e3o em Ensino de Artes Visuais e Tecnologias Contempor\u00e2neas \u2013 Vagas Remanescentes"},"content":{"rendered":"<p><a href=\"https:\/\/www.ufmg.br\/dedd\/wp-content\/uploads\/2024\/01\/Edital-2179-2023-Resultado-final-das-etapas-I-e-II.pdf\">Resultado final<\/a> (publicado em 31\/10\/2023)<\/p>\n<p><a href=\"https:\/\/gpi.caed.ufmg.br\/index.php\/478446?lang=pt-BR\">Formul\u00e1rio para recursos<\/a> (dispon\u00edvel at\u00e9 as 17h do dia 26\/10\/2023)<\/p>\n<p><a href=\"https:\/\/www.ufmg.br\/dedd\/wp-content\/uploads\/2024\/01\/Edital-2179-2023-Resultado-preliminar-das-etapas-I-e-II.pdf\">Resultado Preliminar Etapas I e II<\/a> (publicado em 16\/10\/2023)<\/p>\n<p><a href=\"https:\/\/www.ufmg.br\/dedd\/wp-content\/uploads\/2024\/01\/Edital-2179-2023-Resultado-final-das-inscricoes-homologadas.pdf\">Resultado Final das Inscri\u00e7\u00f5es Homologadas<\/a> (publicado em 11\/10\/2023)<\/p>\n<p><a href=\"https:\/\/www.ufmg.br\/dedd\/wp-content\/uploads\/2024\/01\/Edital-2179-2023-Respostas-aos-recursos.pdf\">Respostas aos recursos das inscri\u00e7\u00f5es homologadas<\/a> (publicado em 11\/10\/2023)<\/p>\n<p><a href=\"https:\/\/gpi.caed.ufmg.br\/index.php\/192178?lang=pt-BR\">Formul\u00e1rio para recursos ao resultado preliminar de inscri\u00e7\u00f5es<\/a> (dispon\u00edvel at\u00e9 as 23h59 do dia 10\/10\/2023)<\/p>\n<p><a href=\"https:\/\/www.ufmg.br\/dedd\/wp-content\/uploads\/2024\/01\/Edital-2179-2023-Resultado-preliminar-das-inscricoes-homologadas.pdf\">Resultado Preliminar das Inscri\u00e7\u00f5es Homologadas<\/a> (publicado em 06\/10\/2023)<\/p>\n<p><a href=\"https:\/\/gpi.caed.ufmg.br\/index.php\/192178?lang=pt-BR\">Formul\u00e1rio para inscri\u00e7\u00e3o<\/a> (dispon\u00edvel at\u00e9 as 23h59 do dia 05\/10\/2023)<\/p>\n<p><a href=\"https:\/\/www.ufmg.br\/dedd\/wp-content\/uploads\/2024\/01\/Edital-2179-2023.pdf\">Edital 2179\/2023 \u2013 Processo de sele\u00e7\u00e3o de alunos \u2013 Vagas Remanescentes<\/a> (publicado em 29\/09\/2023)<\/p>\n","protected":false},"excerpt":{"rendered":"<p>Resultado final (publicado em 31\/10\/2023) Formul\u00e1rio para recursos (dispon\u00edvel at\u00e9 [&hellip;]<\/p>\n","protected":false},"author":5,"featured_media":0,"parent":0,"menu_order":0,"comment_status":"closed","ping_status":"closed","template":"","meta":[],"categories":[220,209],"tags":[],"acf":[],"_links":{"self":[{"href":"https:\/\/www.ufmg.br\/dedd\/wp-json\/wp\/v2\/pages\/10500"}],"collection":[{"href":"https:\/\/www.ufmg.br\/dedd\/wp-json\/wp\/v2\/pages"}],"about":[{"href":"https:\/\/www.ufmg.br\/dedd\/wp-json\/wp\/v2\/types\/page"}],"author":[{"embeddable":true,"href":"https:\/\/www.ufmg.br\/dedd\/wp-json\/wp\/v2\/users\/5"}],"replies":[{"embeddable":true,"href":"https:\/\/www.ufmg.br\/dedd\/wp-json\/wp\/v2\/comments?post=10500"}],"version-history":[{"count":9,"href":"https:\/\/www.ufmg.br\/dedd\/wp-json\/wp\/v2\/pages\/10500\/revisions"}],"predecessor-version":[{"id":10515,"href":"https:\/\/www.ufmg.br\/dedd\/wp-json\/wp\/v2\/pages\/10500\/revisions\/10515"}],"wp:attachment":[{"href":"https:\/\/www.ufmg.br\/dedd\/wp-json\/wp\/v2\/media?parent=10500"}],"wp:term":[{"taxonomy":"category","embeddable":true,"href":"https:\/\/www.ufmg.br\/dedd\/wp-json\/wp\/v2\/categories?post=10500"},{"taxonomy":"post_tag","embeddable":true,"href":"https:\/\/www.ufmg.br\/dedd\/wp-json\/wp\/v2\/tags?post=10500"}],"curies":[{"name":"wp","href":"https:\/\/api.w.org\/{rel}","templated":true}]}}