{"id":10516,"date":"2024-01-25T08:58:34","date_gmt":"2024-01-25T10:58:34","guid":{"rendered":"https:\/\/www.ufmg.br\/dedd\/?page_id=10516"},"modified":"2024-07-03T15:52:00","modified_gmt":"2024-07-03T18:52:00","slug":"edital-no-2517-2023-selecao-para-alunos-da-especializacao-em-ensino-de-artes-visuais-e-tecnologias-contemporaneas-vagas-remanescentes","status":"publish","type":"page","link":"https:\/\/www.ufmg.br\/dedd\/edital-no-2517-2023-selecao-para-alunos-da-especializacao-em-ensino-de-artes-visuais-e-tecnologias-contemporaneas-vagas-remanescentes\/","title":{"rendered":"Edital n\u00ba 2517\/2023 \u2013 Sele\u00e7\u00e3o para alunos da especializa\u00e7\u00e3o em Ensino de Artes Visuais e Tecnologias Contempor\u00e2neas \u2013 Vagas remanescentes"},"content":{"rendered":"<p><a href=\"https:\/\/www.ufmg.br\/dedd\/wp-content\/uploads\/2024\/01\/Edital-2517-2023-Resultado-final.pdf\">Resultado final<\/a> (publicado em 14\/12\/2023)<\/p>\n<p><a href=\"https:\/\/www.ufmg.br\/dedd\/wp-content\/uploads\/2024\/01\/Edital-2517-2023-Retificacao-ao-resultado-preliminar.pdf\">Retifica\u00e7\u00e3o do resultado preliminar etapas I e II<\/a> (publicada em 12\/12\/2023)<\/p>\n<p><a href=\"https:\/\/www.ufmg.br\/dedd\/wp-content\/uploads\/2024\/01\/Edital-2517-2023-Respostas-aos-recursos.pdf\">Respostas aos recursos<\/a> (publicada em 12\/12\/2023)<\/p>\n<p><a href=\"https:\/\/www.ufmg.br\/dedd\/wp-content\/uploads\/2024\/01\/Edital-2517-2023-Ato-retificacao.pdf\">Retifica\u00e7\u00e3o ao edital de sele\u00e7\u00e3o<\/a> (publicada em 06\/12\/2023)<\/p>\n<p><a href=\"https:\/\/gpi.caed.ufmg.br\/index.php\/447542?lang=pt-BR\">Formul\u00e1rio para recurso<\/a> (dispon\u00edvel at\u00e9 as 17h00 do dia 04\/12\/2023)<\/p>\n<p><a href=\"https:\/\/www.ufmg.br\/dedd\/wp-content\/uploads\/2024\/01\/Edital-2517-2023-Resultado-preliminar-das-etapas-I-e-II.pdf\">Resultado preliminar das etapas I e II<\/a>\u00a0(publicado em 23\/11\/2023)<\/p>\n<p><a href=\"https:\/\/www.ufmg.br\/dedd\/wp-content\/uploads\/2024\/01\/Edital-2517-2023-Resultado-final-das-inscricoes-homologadas.pdf\">Resultado final das inscri\u00e7\u00f5es homologadas<\/a> (publicado em 14\/11\/2023)<\/p>\n<p><a href=\"https:\/\/www.ufmg.br\/dedd\/wp-content\/uploads\/2024\/01\/Edital-2517-2023-Relacao-preliminar-de-inscricoes-homologadas.pdf\">Rela\u00e7\u00e3o preliminar de inscri\u00e7\u00f5es homologadas<\/a> (publicado em 13\/11\/2023)<\/p>\n<p><a href=\"https:\/\/gpi.caed.ufmg.br\/index.php\/298877?lang=pt-BR\">Formul\u00e1rio para inscri\u00e7\u00f5es<\/a> (dispon\u00edvel at\u00e9 as 23h59 do dia 10\/11\/2023)<\/p>\n<p><a href=\"https:\/\/www.ufmg.br\/dedd\/wp-content\/uploads\/2024\/01\/Matriz-Curricular-Especializacao-em-Ensino-de-Artes-Visuais.pdf\">Matriz da especializa\u00e7\u00e3o<\/a><\/p>\n<p><a href=\"https:\/\/www.ufmg.br\/dedd\/wp-content\/uploads\/2024\/01\/Edital-2517-2023.pdf\">Edital n\u00ba 2517\/2023 \u2013 Sele\u00e7\u00e3o para alunos da especializa\u00e7\u00e3o em Ensino de Artes Visuais e Tecnologias Contempor\u00e2neas \u2013 Vagas remanescentes<\/a> (publicado em 30\/10\/2023)<\/p>\n","protected":false},"excerpt":{"rendered":"<p>Resultado final (publicado em 14\/12\/2023) Retifica\u00e7\u00e3o do resultado preliminar etapas [&hellip;]<\/p>\n","protected":false},"author":5,"featured_media":0,"parent":0,"menu_order":0,"comment_status":"closed","ping_status":"closed","template":"","meta":[],"categories":[220,209],"tags":[],"acf":[],"_links":{"self":[{"href":"https:\/\/www.ufmg.br\/dedd\/wp-json\/wp\/v2\/pages\/10516"}],"collection":[{"href":"https:\/\/www.ufmg.br\/dedd\/wp-json\/wp\/v2\/pages"}],"about":[{"href":"https:\/\/www.ufmg.br\/dedd\/wp-json\/wp\/v2\/types\/page"}],"author":[{"embeddable":true,"href":"https:\/\/www.ufmg.br\/dedd\/wp-json\/wp\/v2\/users\/5"}],"replies":[{"embeddable":true,"href":"https:\/\/www.ufmg.br\/dedd\/wp-json\/wp\/v2\/comments?post=10516"}],"version-history":[{"count":7,"href":"https:\/\/www.ufmg.br\/dedd\/wp-json\/wp\/v2\/pages\/10516\/revisions"}],"predecessor-version":[{"id":10550,"href":"https:\/\/www.ufmg.br\/dedd\/wp-json\/wp\/v2\/pages\/10516\/revisions\/10550"}],"wp:attachment":[{"href":"https:\/\/www.ufmg.br\/dedd\/wp-json\/wp\/v2\/media?parent=10516"}],"wp:term":[{"taxonomy":"category","embeddable":true,"href":"https:\/\/www.ufmg.br\/dedd\/wp-json\/wp\/v2\/categories?post=10516"},{"taxonomy":"post_tag","embeddable":true,"href":"https:\/\/www.ufmg.br\/dedd\/wp-json\/wp\/v2\/tags?post=10516"}],"curies":[{"name":"wp","href":"https:\/\/api.w.org\/{rel}","templated":true}]}}