{"id":10790,"date":"2024-06-14T09:25:19","date_gmt":"2024-06-14T12:25:19","guid":{"rendered":"https:\/\/www.ufmg.br\/dedd\/?page_id=10790"},"modified":"2025-01-30T10:23:09","modified_gmt":"2025-01-30T13:23:09","slug":"selecoes-2024","status":"publish","type":"page","link":"https:\/\/www.ufmg.br\/dedd\/selecoes-2024\/","title":{"rendered":"Sele\u00e7\u00f5es &#8211; 2024"},"content":{"rendered":"\n<p><\/p>\n\n\n<p><a href=\"https:\/\/www.ufmg.br\/dedd\/edital-2901-2024\/\" target=\"_blank\" rel=\"noopener\">Edital N\u00ba 2901\/2024 &#8211; Sele\u00e7\u00e3o para Bolsista do Programa Universidade Aberta do Brasil (UAB) para Atuar no Curso de Extens\u00e3o em Educa\u00e7\u00e3o Especial na Perspectiva da Educa\u00e7\u00e3o Inclusiva<\/a><\/p>\n<p><a href=\"https:\/\/www.ufmg.br\/dedd\/edital-2884-2024\/\" target=\"_blank\" rel=\"noopener\"><span style=\"font-weight: 400;\">EDITAL N\u00ba 2.884\/2024 &#8211; Sele\u00e7\u00e3o para bolsista do programa Universidade Aberta Do Brasil (UAB), na fun\u00e7\u00e3o de professor formador &#8211; orienta\u00e7\u00e3o para Trabalho De Conclus\u00e3o De Curso (TCC) para atuar no Curso De Especializa\u00e7\u00e3o em Ensino de Artes Visuais e Tecnologias Contempor\u00e2neas \u2013 CEEAV<\/span><\/a><\/p>\n<p><a href=\"https:\/\/www.ufmg.br\/dedd\/edital-2670-2024-selecao-bolsista-na-funcao-de-professor-formador-para-atuar-no-curso-de-geoprocessamento-uab\/\" target=\"_blank\" rel=\"noopener\">Edital n\u00ba 2670\/2024 &#8211; Sele\u00e7\u00e3o de bolsista do programa Universidade Aberta do Brasil (UAB), na fun\u00e7\u00e3o de Professor Formador &#8211; Orienta\u00e7\u00e3o para trabalho de conclus\u00e3o de curso (TCC) para atuar no curso de especializa\u00e7\u00e3o em GEOPROCESSAMENTO,\u00a0LEVANTAMENTO E INTERPRETA\u00c7\u00c3O DE SOLOS<\/a><\/p>\n<p><a href=\"https:\/\/www.ufmg.br\/dedd\/edital-2734-2024\/\" target=\"_blank\" rel=\"noopener\">Edital 2734\/2024 &#8211; Processo de Sele\u00e7\u00e3o de Alunos no Curso de Extens\u00e3o em Educa\u00e7\u00e3o Especial na Perspectiva da Educa\u00e7\u00e3o Inclusiva no \u00c2mbito do Sistema Universidade Aberta do Brasil \u2013 UAB<\/a><\/p>\n<p><a href=\"https:\/\/www.ufmg.br\/dedd\/?page_id=12588&amp;preview=true\" target=\"_blank\" rel=\"noreferrer noopener\" data-type=\"URL\" data-id=\"https:\/\/www.ufmg.br\/dedd\/?page_id=12588&amp;preview=true\" data-rich-text-format-boundary=\"true\">Edital 2710\/2024 &#8211; Processo Seletivo Simplificado para contrata\u00e7\u00e3o de profissional de Design Gr\u00e1fico e Web.<\/a><\/p>\n<p><a href=\"https:\/\/www.ufmg.br\/dedd\/edital-2339-2024-selecao-para-concessao-de-afastamento-para-participacao-em-programa-de-pos-graduacao-stricto-sensu-e-acoes-de-desenvolvimento\/\">Edital 2358\/2024 \u2014 Sele\u00e7\u00e3o para concess\u00e3o de afastamento para participa\u00e7\u00e3o em programa de p\u00f3s-gradua\u00e7\u00e3o stricto sensu e a\u00e7\u00f5es de desenvolvimento\u00a0<\/a><\/p>\n<p><a href=\"https:\/\/www.ufmg.br\/dedd\/edital-1945-2024-selecao-para-estagiario-de-design-para-atuacao-na-especializacao-em-soldagem\">Edital 1945\/2024 \u2013 Sele\u00e7\u00e3o de estagi\u00e1rio da \u00e1rea de design para atua\u00e7\u00e3o na especializa\u00e7\u00e3o em Soldagem<\/a><\/p>\n<p><a href=\"https:\/\/www.ufmg.br\/dedd\/edital-1656-2024-selecao-para-estagiario-para-atuacao-na-especializacao-em-soldagem\/\">Edital 1656\/2024 &#8211; Sele\u00e7\u00e3o para estagi\u00e1rio para atua\u00e7\u00e3o na Especializa\u00e7\u00e3o em Soldagem<\/a><\/p>\n<p><a href=\"https:\/\/www.ufmg.br\/dedd\/edital-42-2024-selecao-de-estagiario\/\">Edital 42\/2024 &#8211; Sele\u00e7\u00e3o para estagi\u00e1rio de Audiovisual<\/a><\/p>\n<p><a href=\"https:\/\/www.ufmg.br\/dedd\/ed01\/\" target=\"_blank\" rel=\"noopener\">Edital 1272\/2024 &#8211; Sele\u00e7\u00e3o para estagi\u00e1rio do Curso de Especializa\u00e7\u00e3o em Educa\u00e7\u00e3o em Ci\u00eancias (CECI)<\/a><\/p>\n<p><a href=\"https:\/\/www.ufmg.br\/dedd\/edital-707-2024-selecao-de-professor-conteudista-para-formacao-de-equipe-multidisciplinar\/\">Edital 707\/2024 \u2013 Sele\u00e7\u00e3o de Professor Conteudista para forma\u00e7\u00e3o de Equipe Multidisciplinar\u00a0<\/a><\/p>\n<p><a href=\"https:\/\/www.ufmg.br\/dedd\/edital-638-2024-selecao-para-alunos-de-cursos-de-extensao-sobre-temas-ligados-a-educacao-a-distancia-ofertados-pelo-caed\/\">Edital 638\/2024 \u2014 Sele\u00e7\u00e3o para alunos de cursos de extens\u00e3o sobre temas ligados \u00e0 educa\u00e7\u00e3o a dist\u00e2ncia, ofertados pelo Caed<\/a><\/p>\n<p><a href=\"https:\/\/www.ufmg.br\/dedd\/edital-460-2024-selecao-para-contratacao-de-assistente-de-projetos-via-clt-por-tempo-determinado\/\">Edital 460\/2024 \u2013 Sele\u00e7\u00e3o para contrata\u00e7\u00e3o de assistente de projetos, via CLT, por tempo determinado<\/a><\/p>\n<p><a href=\"https:\/\/www.ufmg.br\/dedd\/edital-02-2024-selecao-para-estagiario-do-mestrado-profissional-em-ensino-de-biologia-em-rede-nacional-profbio\/\">Edital 02\/2024 \u2013 Sele\u00e7\u00e3o para estagi\u00e1rio do Mestrado Profissional em Ensino de Biologia em Rede Nacional (Profbio)<\/a><\/p>\n<p><a href=\"https:\/\/www.ufmg.br\/dedd\/edital-220-2024-selecao-para-estagiario-para-atuacao-na-especializacao-em-educacao-em-ciencias\/\">Edital 220\/2024 \u2013 Sele\u00e7\u00e3o para estagi\u00e1rio para atua\u00e7\u00e3o na especializa\u00e7\u00e3o em Educa\u00e7\u00e3o em Ci\u00eancias<\/a><\/p>\n<p><a href=\"https:\/\/www.ufmg.br\/dedd\/edital-107-2024-selecao-para-afastamento-para-participacao-em-programas-de-pos-graduacao-stricto-sensu\/\">Edital 107\/2024 \u2013 Sele\u00e7\u00e3o para afastamento para participa\u00e7\u00e3o em programas de p\u00f3s-gradua\u00e7\u00e3o stricto sensu<\/a><\/p>\n<p><a href=\"https:\/\/www.ufmg.br\/dedd\/edital-1656-2024-selecao-para-estagiario-para-atuacao-na-especializacao-em-soldagem\/\">Edital 1656\/2024 &#8211; Sele\u00e7\u00e3o para estagi\u00e1rio para atua\u00e7\u00e3o na especializa\u00e7\u00e3o em Soldagem<\/a><\/p>\n<p><a href=\"https:\/\/www.ufmg.br\/dedd\/edital-42-2024-selecao-de-estagiario\/\">Edital 42\/2024 &#8211; Sele\u00e7\u00e3o para estagi\u00e1rio de Audiovisual<\/a><\/p>\n<p><a href=\"https:\/\/www.ufmg.br\/dedd\/ed01\/\" target=\"_blank\" rel=\"noopener\">Edital 1272\/2024 &#8211; Sele\u00e7\u00e3o para estagi\u00e1rio do Curso de Especializa\u00e7\u00e3o em Educa\u00e7\u00e3o em Ci\u00eancias (CECI)<\/a><\/p>\n<p><a href=\"https:\/\/www.ufmg.br\/dedd\/edital-707-2024-selecao-de-professor-conteudista-para-formacao-de-equipe-multidisciplinar\/\">Edital 707\/2024 \u2013 Sele\u00e7\u00e3o de Professor Conteudista para forma\u00e7\u00e3o de Equipe Multidisciplinar\u00a0<\/a><\/p>\n<p><a href=\"https:\/\/www.ufmg.br\/dedd\/edital-638-2024-selecao-para-alunos-de-cursos-de-extensao-sobre-temas-ligados-a-educacao-a-distancia-ofertados-pelo-caed\/\">Edital 638\/2024 \u2014 Sele\u00e7\u00e3o para alunos de cursos de extens\u00e3o sobre temas ligados \u00e0 educa\u00e7\u00e3o a dist\u00e2ncia, ofertados pelo Caed<\/a><\/p>\n<p><a href=\"https:\/\/www.ufmg.br\/dedd\/edital-460-2024-selecao-para-contratacao-de-assistente-de-projetos-via-clt-por-tempo-determinado\/\">Edital 460\/2024 \u2013 Sele\u00e7\u00e3o para contrata\u00e7\u00e3o de assistente de projetos, via CLT, por tempo determinado<\/a><\/p>\n<p><a href=\"https:\/\/www.ufmg.br\/dedd\/edital-02-2024-selecao-para-estagiario-do-mestrado-profissional-em-ensino-de-biologia-em-rede-nacional-profbio\/\">Edital 02\/2024 \u2013 Sele\u00e7\u00e3o para estagi\u00e1rio do Mestrado Profissional em Ensino de Biologia em Rede Nacional (Profbio)<\/a><\/p>\n<p><a href=\"https:\/\/www.ufmg.br\/dedd\/edital-220-2024-selecao-para-estagiario-para-atuacao-na-especializacao-em-educacao-em-ciencias\/\">Edital 220\/2024 \u2013 Sele\u00e7\u00e3o para estagi\u00e1rio para atua\u00e7\u00e3o na especializa\u00e7\u00e3o em Educa\u00e7\u00e3o em Ci\u00eancias<\/a><\/p>\n<p><a href=\"https:\/\/www.ufmg.br\/dedd\/edital-107-2024-selecao-para-afastamento-para-participacao-em-programas-de-pos-graduacao-stricto-sensu\/\">Edital 107\/2024 \u2013 Sele\u00e7\u00e3o para afastamento para participa\u00e7\u00e3o em programas de p\u00f3s-gradua\u00e7\u00e3o stricto sensu<\/a><\/p>\n\n\n<p><\/p>\n\n\n\n<p><\/p>\n\n\n\n<p><\/p>\n","protected":false},"excerpt":{"rendered":"<p>Edital N\u00ba 2901\/2024 &#8211; Sele\u00e7\u00e3o para Bolsista do Programa Universidade [&hellip;]<\/p>\n","protected":false},"author":5,"featured_media":0,"parent":0,"menu_order":0,"comment_status":"closed","ping_status":"closed","template":"","meta":[],"categories":[],"tags":[],"acf":[],"_links":{"self":[{"href":"https:\/\/www.ufmg.br\/dedd\/wp-json\/wp\/v2\/pages\/10790"}],"collection":[{"href":"https:\/\/www.ufmg.br\/dedd\/wp-json\/wp\/v2\/pages"}],"about":[{"href":"https:\/\/www.ufmg.br\/dedd\/wp-json\/wp\/v2\/types\/page"}],"author":[{"embeddable":true,"href":"https:\/\/www.ufmg.br\/dedd\/wp-json\/wp\/v2\/users\/5"}],"replies":[{"embeddable":true,"href":"https:\/\/www.ufmg.br\/dedd\/wp-json\/wp\/v2\/comments?post=10790"}],"version-history":[{"count":45,"href":"https:\/\/www.ufmg.br\/dedd\/wp-json\/wp\/v2\/pages\/10790\/revisions"}],"predecessor-version":[{"id":12883,"href":"https:\/\/www.ufmg.br\/dedd\/wp-json\/wp\/v2\/pages\/10790\/revisions\/12883"}],"wp:attachment":[{"href":"https:\/\/www.ufmg.br\/dedd\/wp-json\/wp\/v2\/media?parent=10790"}],"wp:term":[{"taxonomy":"category","embeddable":true,"href":"https:\/\/www.ufmg.br\/dedd\/wp-json\/wp\/v2\/categories?post=10790"},{"taxonomy":"post_tag","embeddable":true,"href":"https:\/\/www.ufmg.br\/dedd\/wp-json\/wp\/v2\/tags?post=10790"}],"curies":[{"name":"wp","href":"https:\/\/api.w.org\/{rel}","templated":true}]}}