{"id":10794,"date":"2024-06-14T09:29:18","date_gmt":"2024-06-14T12:29:18","guid":{"rendered":"https:\/\/www.ufmg.br\/dedd\/?page_id=10794"},"modified":"2024-07-03T15:52:32","modified_gmt":"2024-07-03T18:52:32","slug":"edital-638-2024-selecao-para-alunos-de-cursos-de-extensao-sobre-temas-ligados-a-educacao-a-distancia-ofertados-pelo-caed","status":"publish","type":"page","link":"https:\/\/www.ufmg.br\/dedd\/edital-638-2024-selecao-para-alunos-de-cursos-de-extensao-sobre-temas-ligados-a-educacao-a-distancia-ofertados-pelo-caed\/","title":{"rendered":"Edital 638\/2024 \u2014 Sele\u00e7\u00e3o para alunos de cursos de extens\u00e3o sobre temas ligados \u00e0 educa\u00e7\u00e3o a dist\u00e2ncia, ofertados pelo Caed"},"content":{"rendered":"<p><a href=\"https:\/\/www.ufmg.br\/dedd\/wp-content\/uploads\/2024\/06\/Edital-638-2024-Orientacoes-aos-candidatos-selecionados.pdf\">Resultado final \u2014 orienta\u00e7\u00f5es para candidatos selecionados<\/a> (publicado em 29\/04\/2024)<\/p>\n<p><a href=\"https:\/\/www.ufmg.br\/dedd\/wp-content\/uploads\/2024\/06\/Edital-638-2024-Resultado-final-candidatos-excedentes.pdf\">Resultado Final \u2013 Edital 638\/2024 \u2013 Candidatos excedentes<\/a> (publicado em 26\/04\/2024)<\/p>\n<p><a href=\"https:\/\/www.ufmg.br\/dedd\/wp-content\/uploads\/2024\/06\/Edital-638-2024-Resultado-final-candidatos-selecionados.pdf\">Resultado Final \u2013 Edital 638\/2024 \u2013 Candidatos selecionados<\/a> (publicado em 26\/04\/2024)<\/p>\n<p><a href=\"https:\/\/www.ufmg.br\/dedd\/wp-content\/uploads\/2024\/06\/Edital-638-2024-Resultado-dos-Recursos.pdf\">Resposta aos recursos<\/a> (publicada em 24\/04\/2024)<\/p>\n<p><a href=\"https:\/\/www.ufmg.br\/dedd\/wp-content\/uploads\/2024\/06\/Edital-638-2024-Resultado-provisorio-candidatos-excedentes.pdf\">Resultado Provis\u00f3rio \u2013 Edital 638\/2024 \u2013 Candidatos excedentes \u2013 Lista de Classifica\u00e7\u00e3o de Processo Seletivo<\/a> (publicado em 17\/04\/2024)<\/p>\n<p><a href=\"https:\/\/www.ufmg.br\/dedd\/wp-content\/uploads\/2024\/06\/Edital-638-2024-Resultado-provisorio-candidatos-selecionados.pdf\">Resultado Provis\u00f3rio \u2013 Edital 638\/2024 \u2013 Candidatos selecionados \u2013 Lista de Classifica\u00e7\u00e3o de Processo Seletivo<\/a> (publicado em 17\/04\/2024)<\/p>\n<p><a href=\"https:\/\/www.ufmg.br\/dedd\/wp-content\/uploads\/2024\/06\/Edital-638-2024-Comunicado-de-processo-seletivo.pdf\">Comunicado de Processo Seletivo \u2013 Edital 638\/2024<\/a> (publicado em 17\/04\/2024)<\/p>\n<p><a href=\"https:\/\/gpi.caed.ufmg.br\/index.php\/949732?lang=pt-BR\">Formul\u00e1rio para inscri\u00e7\u00f5es<\/a> (dispon\u00edvel das 9h do dia 8\/4 at\u00e9 as 17h do dia 12\/4\/2024)<\/p>\n<p><a href=\"https:\/\/www.ufmg.br\/dedd\/wp-content\/uploads\/2024\/06\/Edital-1382-2023-Portaria-de-Comissao-de-Selecao-1.pdf\">Portaria 638\/2024 \u2014 Designa membros para compor a comiss\u00e3o respons\u00e1vel pelo processo seletivo<\/a> (publicado em 27\/03\/2024)<\/p>\n<p><a href=\"https:\/\/www.ufmg.br\/dedd\/wp-content\/uploads\/2024\/06\/Edital-638-2024-Edital.pdf\">Edital 638\/2024 \u2014 Sele\u00e7\u00e3o para alunos de cursos de extens\u00e3o sobre temas ligados \u00e0 educa\u00e7\u00e3o a dist\u00e2ncia, ofertados pelo Caed<\/a> (publicado em 27\/03\/2024)<\/p>\n","protected":false},"excerpt":{"rendered":"<p>Resultado final \u2014 orienta\u00e7\u00f5es para candidatos selecionados (publicado em 29\/04\/2024) [&hellip;]<\/p>\n","protected":false},"author":5,"featured_media":0,"parent":0,"menu_order":0,"comment_status":"closed","ping_status":"closed","template":"","meta":[],"categories":[209,211],"tags":[],"acf":[],"_links":{"self":[{"href":"https:\/\/www.ufmg.br\/dedd\/wp-json\/wp\/v2\/pages\/10794"}],"collection":[{"href":"https:\/\/www.ufmg.br\/dedd\/wp-json\/wp\/v2\/pages"}],"about":[{"href":"https:\/\/www.ufmg.br\/dedd\/wp-json\/wp\/v2\/types\/page"}],"author":[{"embeddable":true,"href":"https:\/\/www.ufmg.br\/dedd\/wp-json\/wp\/v2\/users\/5"}],"replies":[{"embeddable":true,"href":"https:\/\/www.ufmg.br\/dedd\/wp-json\/wp\/v2\/comments?post=10794"}],"version-history":[{"count":9,"href":"https:\/\/www.ufmg.br\/dedd\/wp-json\/wp\/v2\/pages\/10794\/revisions"}],"predecessor-version":[{"id":10813,"href":"https:\/\/www.ufmg.br\/dedd\/wp-json\/wp\/v2\/pages\/10794\/revisions\/10813"}],"wp:attachment":[{"href":"https:\/\/www.ufmg.br\/dedd\/wp-json\/wp\/v2\/media?parent=10794"}],"wp:term":[{"taxonomy":"category","embeddable":true,"href":"https:\/\/www.ufmg.br\/dedd\/wp-json\/wp\/v2\/categories?post=10794"},{"taxonomy":"post_tag","embeddable":true,"href":"https:\/\/www.ufmg.br\/dedd\/wp-json\/wp\/v2\/tags?post=10794"}],"curies":[{"name":"wp","href":"https:\/\/api.w.org\/{rel}","templated":true}]}}