{"id":10835,"date":"2024-06-14T10:52:55","date_gmt":"2024-06-14T13:52:55","guid":{"rendered":"https:\/\/www.ufmg.br\/dedd\/?page_id=10835"},"modified":"2024-07-03T15:50:43","modified_gmt":"2024-07-03T18:50:43","slug":"edital-220-2024-selecao-para-estagiario-para-atuacao-na-especializacao-em-educacao-em-ciencias","status":"publish","type":"page","link":"https:\/\/www.ufmg.br\/dedd\/edital-220-2024-selecao-para-estagiario-para-atuacao-na-especializacao-em-educacao-em-ciencias\/","title":{"rendered":"Edital 220\/2024 &#8212; Sele\u00e7\u00e3o para estagi\u00e1rio para atua\u00e7\u00e3o na especializa\u00e7\u00e3o em Educa\u00e7\u00e3o em Ci\u00eancias"},"content":{"rendered":"<p><a href=\"https:\/\/www.ufmg.br\/dedd\/wp-content\/uploads\/2024\/06\/Edital-220-2024-Resultado-Final.pdf\">Resultado da Final do edital n\u00ba 220\/2024<\/a> (publicado em 29\/02\/2024)<\/p>\n<p><a href=\"https:\/\/www.ufmg.br\/dedd\/wp-content\/uploads\/2024\/06\/Edital-220-2024-Resultado-Preliminar.pdf\">Resultado 1\u00aa Etapa CECI \u2013 Edital 220\/2024 \u2013 Sele\u00e7\u00e3o para estagi\u00e1rio<\/a> (publicado em 27\/02\/2024)<\/p>\n<p><a href=\"https:\/\/gpi.caed.ufmg.br\/index.php\/783557\">Formul\u00e1rio para inscri\u00e7\u00f5es<\/a> (dispon\u00edvel de 19\/02 at\u00e9 as 17h do dia 22\/02\/2024)<\/p>\n<p><a href=\"https:\/\/www.ufmg.br\/dedd\/wp-content\/uploads\/2024\/06\/Edital-220-2024-Edital.pdf\">Edital 220\/2024 \u2013 Sele\u00e7\u00e3o para estagi\u00e1rio para atua\u00e7\u00e3o na especializa\u00e7\u00e3o em Educa\u00e7\u00e3o em Ci\u00eancias<\/a> (publicado em 09\/02\/2024)<\/p>\n","protected":false},"excerpt":{"rendered":"<p>Resultado da Final do edital n\u00ba 220\/2024 (publicado em 29\/02\/2024) [&hellip;]<\/p>\n","protected":false},"author":5,"featured_media":0,"parent":0,"menu_order":0,"comment_status":"closed","ping_status":"closed","template":"","meta":[],"categories":[209,211],"tags":[],"acf":[],"_links":{"self":[{"href":"https:\/\/www.ufmg.br\/dedd\/wp-json\/wp\/v2\/pages\/10835"}],"collection":[{"href":"https:\/\/www.ufmg.br\/dedd\/wp-json\/wp\/v2\/pages"}],"about":[{"href":"https:\/\/www.ufmg.br\/dedd\/wp-json\/wp\/v2\/types\/page"}],"author":[{"embeddable":true,"href":"https:\/\/www.ufmg.br\/dedd\/wp-json\/wp\/v2\/users\/5"}],"replies":[{"embeddable":true,"href":"https:\/\/www.ufmg.br\/dedd\/wp-json\/wp\/v2\/comments?post=10835"}],"version-history":[{"count":6,"href":"https:\/\/www.ufmg.br\/dedd\/wp-json\/wp\/v2\/pages\/10835\/revisions"}],"predecessor-version":[{"id":10846,"href":"https:\/\/www.ufmg.br\/dedd\/wp-json\/wp\/v2\/pages\/10835\/revisions\/10846"}],"wp:attachment":[{"href":"https:\/\/www.ufmg.br\/dedd\/wp-json\/wp\/v2\/media?parent=10835"}],"wp:term":[{"taxonomy":"category","embeddable":true,"href":"https:\/\/www.ufmg.br\/dedd\/wp-json\/wp\/v2\/categories?post=10835"},{"taxonomy":"post_tag","embeddable":true,"href":"https:\/\/www.ufmg.br\/dedd\/wp-json\/wp\/v2\/tags?post=10835"}],"curies":[{"name":"wp","href":"https:\/\/api.w.org\/{rel}","templated":true}]}}