{"id":10847,"date":"2024-06-14T11:15:10","date_gmt":"2024-06-14T14:15:10","guid":{"rendered":"https:\/\/www.ufmg.br\/dedd\/?page_id=10847"},"modified":"2024-07-03T15:49:05","modified_gmt":"2024-07-03T18:49:05","slug":"edital-107-2024-selecao-para-afastamento-para-participacao-em-programas-de-pos-graduacao-stricto-sensu","status":"publish","type":"page","link":"https:\/\/www.ufmg.br\/dedd\/edital-107-2024-selecao-para-afastamento-para-participacao-em-programas-de-pos-graduacao-stricto-sensu\/","title":{"rendered":"Edital 107\/2024 \u2013 Sele\u00e7\u00e3o para afastamento para participa\u00e7\u00e3o em programas de p\u00f3s-gradua\u00e7\u00e3o stricto sensu"},"content":{"rendered":"<p><a href=\"https:\/\/www.ufmg.br\/dedd\/wp-content\/uploads\/2024\/06\/Edital-220-2024-Resultado-Final.pdf\">Resultado Final \u2013 Edital 107\/2024 \u2013 Afastamentos 2024<\/a> (publicado em 28\/02\/2024)<\/p>\n<p><a href=\"https:\/\/www.ufmg.br\/dedd\/wp-content\/uploads\/2024\/06\/Edital-220-2024-Resultado-Preliminar.pdf\">Resultado preliminar \u2013 Edital 107\/2024 \u2013 Afastamento 2024<\/a> (publicado em 23\/02\/2024)<\/p>\n<p><a href=\"https:\/\/www.ufmg.br\/dedd\/wp-content\/uploads\/2024\/06\/Edital-107-2024-Portaria-de-Comissao.pdf\">Portaria Comiss\u00e3o Afastamentos 2024<\/a> (publicado em 16\/02\/2024)<\/p>\n<p><a href=\"https:\/\/www.ufmg.br\/dedd\/wp-content\/uploads\/2024\/06\/Edital-107-2024-Comunicado-de-Processo-Seletivo.pdf\">Comunicado de Processo Seletivo Afastamentos 2024<\/a> (publicado em 16\/02\/2024)<\/p>\n<p><a href=\"https:\/\/www.ufmg.br\/dedd\/wp-content\/uploads\/2024\/06\/Edital-220-2024-Edital.pdf\">Edital 107\/2024 \u2014 Sele\u00e7\u00e3o para afastamento para participa\u00e7\u00e3o em programas de p\u00f3s-gradua\u00e7\u00e3o stricto sensu<\/a> (publicado em 26\/01\/2024)<\/p>\n<p>&nbsp;<\/p>\n","protected":false},"excerpt":{"rendered":"<p>Resultado Final \u2013 Edital 107\/2024 \u2013 Afastamentos 2024 (publicado em [&hellip;]<\/p>\n","protected":false},"author":5,"featured_media":0,"parent":0,"menu_order":0,"comment_status":"closed","ping_status":"closed","template":"","meta":[],"categories":[209,211],"tags":[],"acf":[],"_links":{"self":[{"href":"https:\/\/www.ufmg.br\/dedd\/wp-json\/wp\/v2\/pages\/10847"}],"collection":[{"href":"https:\/\/www.ufmg.br\/dedd\/wp-json\/wp\/v2\/pages"}],"about":[{"href":"https:\/\/www.ufmg.br\/dedd\/wp-json\/wp\/v2\/types\/page"}],"author":[{"embeddable":true,"href":"https:\/\/www.ufmg.br\/dedd\/wp-json\/wp\/v2\/users\/5"}],"replies":[{"embeddable":true,"href":"https:\/\/www.ufmg.br\/dedd\/wp-json\/wp\/v2\/comments?post=10847"}],"version-history":[{"count":5,"href":"https:\/\/www.ufmg.br\/dedd\/wp-json\/wp\/v2\/pages\/10847\/revisions"}],"predecessor-version":[{"id":10854,"href":"https:\/\/www.ufmg.br\/dedd\/wp-json\/wp\/v2\/pages\/10847\/revisions\/10854"}],"wp:attachment":[{"href":"https:\/\/www.ufmg.br\/dedd\/wp-json\/wp\/v2\/media?parent=10847"}],"wp:term":[{"taxonomy":"category","embeddable":true,"href":"https:\/\/www.ufmg.br\/dedd\/wp-json\/wp\/v2\/categories?post=10847"},{"taxonomy":"post_tag","embeddable":true,"href":"https:\/\/www.ufmg.br\/dedd\/wp-json\/wp\/v2\/tags?post=10847"}],"curies":[{"name":"wp","href":"https:\/\/api.w.org\/{rel}","templated":true}]}}