{"id":10860,"date":"2024-06-14T12:19:27","date_gmt":"2024-06-14T15:19:27","guid":{"rendered":"https:\/\/www.ufmg.br\/dedd\/?page_id=10860"},"modified":"2024-07-03T15:44:54","modified_gmt":"2024-07-03T18:44:54","slug":"edital-03-2023-selecao-de-bolsistas-para-o-programa-aproxime-se","status":"publish","type":"page","link":"https:\/\/www.ufmg.br\/dedd\/edital-03-2023-selecao-de-bolsistas-para-o-programa-aproxime-se\/","title":{"rendered":"Edital 03\/2023 \u2014 Sele\u00e7\u00e3o de bolsistas para o programa Aproxime-se"},"content":{"rendered":"<p><a href=\"https:\/\/www.ufmg.br\/dedd\/wp-content\/uploads\/2024\/06\/Edital-03-2023-Resultado-Final.pdf\">Resultado Final<\/a> (publicado em 8\/3\/2023)<\/p>\n<p><a href=\"https:\/\/www.ufmg.br\/dedd\/wp-content\/uploads\/2024\/06\/Edital-03-2023-Resultado-Preliminar.pdf\">Resultado Preliminar<\/a> (publicado em 27\/2\/2023)<\/p>\n<p><a href=\"https:\/\/forms.gle\/5tWNWjCSX8vua25d7\">Formul\u00e1rio para inscri\u00e7\u00f5es<\/a> (aberto de 16\/1 \u00e0s 17h do dia 10\/2)<\/p>\n<p><a href=\"https:\/\/www.ufmg.br\/dedd\/wp-content\/uploads\/2024\/06\/Edital-03-2023-Portaria-de-Comissao.pdf\">Portaria de designa\u00e7\u00e3o de comiss\u00e3o respons\u00e1vel pelo processo seletivo<\/a> (publicado em 9\/1\/2023)<\/p>\n<p><a href=\"https:\/\/www.ufmg.br\/dedd\/wp-content\/uploads\/2024\/06\/Edital-03-2023-Edital.pdf\">Edital 03\/2023 \u2014 Sele\u00e7\u00e3o para bolsistas do programa de extens\u00e3o Aproxime-se<\/a> (publicado em 9\/1\/2023)<\/p>\n<p>&nbsp;<\/p>\n","protected":false},"excerpt":{"rendered":"<p>Resultado Final (publicado em 8\/3\/2023) Resultado Preliminar (publicado em 27\/2\/2023) [&hellip;]<\/p>\n","protected":false},"author":5,"featured_media":0,"parent":0,"menu_order":0,"comment_status":"closed","ping_status":"closed","template":"","meta":[],"categories":[220,209],"tags":[],"acf":[],"_links":{"self":[{"href":"https:\/\/www.ufmg.br\/dedd\/wp-json\/wp\/v2\/pages\/10860"}],"collection":[{"href":"https:\/\/www.ufmg.br\/dedd\/wp-json\/wp\/v2\/pages"}],"about":[{"href":"https:\/\/www.ufmg.br\/dedd\/wp-json\/wp\/v2\/types\/page"}],"author":[{"embeddable":true,"href":"https:\/\/www.ufmg.br\/dedd\/wp-json\/wp\/v2\/users\/5"}],"replies":[{"embeddable":true,"href":"https:\/\/www.ufmg.br\/dedd\/wp-json\/wp\/v2\/comments?post=10860"}],"version-history":[{"count":6,"href":"https:\/\/www.ufmg.br\/dedd\/wp-json\/wp\/v2\/pages\/10860\/revisions"}],"predecessor-version":[{"id":10870,"href":"https:\/\/www.ufmg.br\/dedd\/wp-json\/wp\/v2\/pages\/10860\/revisions\/10870"}],"wp:attachment":[{"href":"https:\/\/www.ufmg.br\/dedd\/wp-json\/wp\/v2\/media?parent=10860"}],"wp:term":[{"taxonomy":"category","embeddable":true,"href":"https:\/\/www.ufmg.br\/dedd\/wp-json\/wp\/v2\/categories?post=10860"},{"taxonomy":"post_tag","embeddable":true,"href":"https:\/\/www.ufmg.br\/dedd\/wp-json\/wp\/v2\/tags?post=10860"}],"curies":[{"name":"wp","href":"https:\/\/api.w.org\/{rel}","templated":true}]}}