{"id":10871,"date":"2024-06-14T12:27:02","date_gmt":"2024-06-14T15:27:02","guid":{"rendered":"https:\/\/www.ufmg.br\/dedd\/?page_id=10871"},"modified":"2024-07-03T15:44:55","modified_gmt":"2024-07-03T18:44:55","slug":"edital-06-2023-processo-seletivo-para-afastamento-para-capacitacao-destinado-aos-servidores-do-caed-ufmg","status":"publish","type":"page","link":"https:\/\/www.ufmg.br\/dedd\/edital-06-2023-processo-seletivo-para-afastamento-para-capacitacao-destinado-aos-servidores-do-caed-ufmg\/","title":{"rendered":"Edital 06\/2023 &#8211; Processo seletivo para afastamento para capacita\u00e7\u00e3o destinado aos servidores do Caed\/UFMG"},"content":{"rendered":"<p><a href=\"https:\/\/www.ufmg.br\/dedd\/wp-content\/uploads\/2024\/06\/Edital-06-2023-Resultado-final.pdf\">Resultado final<\/a> (publicada em 07\/02\/2023)<\/p>\n<p><a href=\"https:\/\/www.ufmg.br\/dedd\/wp-content\/uploads\/2023\/02\/Edital-06-An%C3%A1lise-de-Recurso.pdf\">An\u00e1lise de recurso interposto<\/a> (publicada em 07\/02\/2023)<\/p>\n<p><a href=\"https:\/\/www.ufmg.br\/dedd\/wp-content\/uploads\/2023\/02\/Recurso-ao-Resultado-Preliminar-Edital-n%C2%B0-06.2023.pdf\">Recurso interposto ao resultado preliminar<\/a> (publicado em 07\/02\/2023)<\/p>\n<p><a href=\"https:\/\/www.ufmg.br\/dedd\/wp-content\/uploads\/2024\/06\/Edital-06-2023-Resultado-preliminar.pdf\">Resultado preliminar<\/a> (publicada em 01\/02\/2023)<\/p>\n<p><a href=\"https:\/\/www.ufmg.br\/dedd\/wp-content\/uploads\/2024\/06\/Edital-06-2023-Resposta-a-recursos-e-inscricoes-homologadas.pdf\">Resultado da an\u00e1lise de recursos e rela\u00e7\u00e3o de inscri\u00e7\u00f5es homologadas<\/a> (publicada em 30\/01\/2023)<\/p>\n<p><a href=\"https:\/\/www.ufmg.br\/dedd\/wp-content\/uploads\/2024\/06\/Edital-06-2023-Relacao-de-Inscricoes-Deferidas.pdf\">Rela\u00e7\u00e3o de inscri\u00e7\u00f5es deferidas e indeferidas<\/a> (publicada em 25\/01\/2023)<\/p>\n<p><a href=\"https:\/\/www.ufmg.br\/dedd\/wp-content\/uploads\/2024\/06\/Edital-06-2023-Portaria-de-Comissao.pdf\">Portaria n\u00ba 437\/2023 \u2014 Designa membros para a comiss\u00e3o respons\u00e1vel pelo processo seletivo<\/a> (publicada em 20\/01\/2023)<\/p>\n<p><a href=\"https:\/\/www.ufmg.br\/dedd\/wp-content\/uploads\/2024\/06\/Edital-06-2023-Licenca-para-capacitacao-de-servidores-do-Caed.pdf\">Edital 06\/2023 \u2014 Processo seletivo para afastamento para capacita\u00e7\u00e3o destinado aos servidores do Caed\/UFMG<\/a> (publicado em 4\/1\/23)<\/p>\n","protected":false},"excerpt":{"rendered":"<p>Resultado final (publicada em 07\/02\/2023) An\u00e1lise de recurso interposto (publicada [&hellip;]<\/p>\n","protected":false},"author":5,"featured_media":0,"parent":0,"menu_order":0,"comment_status":"closed","ping_status":"closed","template":"","meta":[],"categories":[220,209],"tags":[],"acf":[],"_links":{"self":[{"href":"https:\/\/www.ufmg.br\/dedd\/wp-json\/wp\/v2\/pages\/10871"}],"collection":[{"href":"https:\/\/www.ufmg.br\/dedd\/wp-json\/wp\/v2\/pages"}],"about":[{"href":"https:\/\/www.ufmg.br\/dedd\/wp-json\/wp\/v2\/types\/page"}],"author":[{"embeddable":true,"href":"https:\/\/www.ufmg.br\/dedd\/wp-json\/wp\/v2\/users\/5"}],"replies":[{"embeddable":true,"href":"https:\/\/www.ufmg.br\/dedd\/wp-json\/wp\/v2\/comments?post=10871"}],"version-history":[{"count":10,"href":"https:\/\/www.ufmg.br\/dedd\/wp-json\/wp\/v2\/pages\/10871\/revisions"}],"predecessor-version":[{"id":10889,"href":"https:\/\/www.ufmg.br\/dedd\/wp-json\/wp\/v2\/pages\/10871\/revisions\/10889"}],"wp:attachment":[{"href":"https:\/\/www.ufmg.br\/dedd\/wp-json\/wp\/v2\/media?parent=10871"}],"wp:term":[{"taxonomy":"category","embeddable":true,"href":"https:\/\/www.ufmg.br\/dedd\/wp-json\/wp\/v2\/categories?post=10871"},{"taxonomy":"post_tag","embeddable":true,"href":"https:\/\/www.ufmg.br\/dedd\/wp-json\/wp\/v2\/tags?post=10871"}],"curies":[{"name":"wp","href":"https:\/\/api.w.org\/{rel}","templated":true}]}}