{"id":11505,"date":"2024-04-15T09:29:06","date_gmt":"2024-04-15T12:29:06","guid":{"rendered":"https:\/\/www.ufmg.br\/dedd\/?page_id=11505"},"modified":"2024-07-09T18:18:17","modified_gmt":"2024-07-09T21:18:17","slug":"edital-707-2024-selecao-de-professor-conteudista-para-formacao-de-equipe-multidisciplinar","status":"publish","type":"page","link":"https:\/\/www.ufmg.br\/dedd\/edital-707-2024-selecao-de-professor-conteudista-para-formacao-de-equipe-multidisciplinar\/","title":{"rendered":"Edital 707\/2024 \u2013 Sele\u00e7\u00e3o de Professor Conteudista para forma\u00e7\u00e3o de Equipe Multidisciplinar"},"content":{"rendered":"<p><a href=\"https:\/\/www.ufmg.br\/dedd\/wp-content\/uploads\/2024\/07\/SEI_3362076_Ato_88.pdf\">Ato de Convoca\u00e7\u00e3o Edital 707\/2024\u00a0<\/a> (publicado em 09\/07\/2024)<\/p>\n\n\n<\/p>\r\n<p><a href=\"https:\/\/www.ufmg.br\/dedd\/wp-content\/uploads\/2024\/06\/Edital-707-2024-Convocacao-de-candidatos.pdf\">Convoca\u00e7\u00e3o para apresenta\u00e7\u00e3o de documentos<\/a> (publicado em 21\/06\/2024)\u00a0\u00a0<\/p>\r\n<p><a href=\"https:\/\/www.ufmg.br\/dedd\/wp-content\/uploads\/2024\/06\/SEI_3311445_Ato_79.pdf\">Resultado final definitivo<\/a> (publicado em 19\/06\/2024)<\/p>\r\n<p><a href=\"https:\/\/www.ufmg.br\/dedd\/wp-content\/uploads\/2024\/06\/Edital-707-2024-resultado-final.pdf\">Resultado final <\/a>(publicado em 05\/06\/2024)<\/p>\n\n\n\n<p><a href=\"https:\/\/gpi.caed.ufmg.br\/index.php\/441153\">Formul\u00e1rio para recursos<\/a> (dispon\u00edvel at\u00e9 as 17h do dia 2\/6\/2024)<\/p>\n\n\n\n<p><a href=\"https:\/\/www.ufmg.br\/dedd\/wp-content\/uploads\/2024\/05\/SEI_3261656_Ato_72.pdf\">Resultado preliminar <\/a>(publicado em 23\/05\/2024)<\/p>\n\n\n\n<p><a href=\"https:\/\/www.ufmg.br\/dedd\/wp-content\/uploads\/2024\/05\/SEI_3244740_Portaria_4250.pdf\" target=\"_blank\" rel=\"noreferrer noopener\">Portaria n\u00ba 4250<\/a> (publicado em 17\/05\/2024)<\/p>\n\n\n\n<p><a href=\"https:\/\/gpi.caed.ufmg.br\/index.php\/232795?lang=pt-BR\">Formul\u00e1rio para inscri\u00e7\u00f5es<\/a> (dispon\u00edvel de 29\/04 at\u00e9 as 23h59 do dia 16\/05\/2024)<\/p>\n\n\n\n<p><a href=\"https:\/\/www.ufmg.br\/dedd\/wp-content\/uploads\/2024\/05\/SEI_3232655_Ato_54-RETIFICACAO-EDITAL-707.2024.pdf\">RETIFICA\u00c7\u00c3O referente ao EDITAL N\u00ba 707\/2024<\/a> (publicado em 09\/05\/2024)<\/p>\n\n\n\n<p><a href=\"https:\/\/www.ufmg.br\/dedd\/wp-content\/uploads\/2024\/04\/SEI_3168755_Edital_707.2024-ASSINADO-2.pdf\">Edital 707\/2024 \u2013 Sele\u00e7\u00e3o de Professor Conteudista para forma\u00e7\u00e3o de Equipe Multidisciplinar <\/a>(publicado em 10\/04\/2024)<\/p>\n","protected":false},"excerpt":{"rendered":"<p>Ato de Convoca\u00e7\u00e3o Edital 707\/2024\u00a0 (publicado em 09\/07\/2024) Convoca\u00e7\u00e3o para [&hellip;]<\/p>\n","protected":false},"author":7,"featured_media":0,"parent":0,"menu_order":0,"comment_status":"closed","ping_status":"closed","template":"","meta":[],"categories":[209,211],"tags":[],"acf":[],"_links":{"self":[{"href":"https:\/\/www.ufmg.br\/dedd\/wp-json\/wp\/v2\/pages\/11505"}],"collection":[{"href":"https:\/\/www.ufmg.br\/dedd\/wp-json\/wp\/v2\/pages"}],"about":[{"href":"https:\/\/www.ufmg.br\/dedd\/wp-json\/wp\/v2\/types\/page"}],"author":[{"embeddable":true,"href":"https:\/\/www.ufmg.br\/dedd\/wp-json\/wp\/v2\/users\/7"}],"replies":[{"embeddable":true,"href":"https:\/\/www.ufmg.br\/dedd\/wp-json\/wp\/v2\/comments?post=11505"}],"version-history":[{"count":5,"href":"https:\/\/www.ufmg.br\/dedd\/wp-json\/wp\/v2\/pages\/11505\/revisions"}],"predecessor-version":[{"id":12223,"href":"https:\/\/www.ufmg.br\/dedd\/wp-json\/wp\/v2\/pages\/11505\/revisions\/12223"}],"wp:attachment":[{"href":"https:\/\/www.ufmg.br\/dedd\/wp-json\/wp\/v2\/media?parent=11505"}],"wp:term":[{"taxonomy":"category","embeddable":true,"href":"https:\/\/www.ufmg.br\/dedd\/wp-json\/wp\/v2\/categories?post=11505"},{"taxonomy":"post_tag","embeddable":true,"href":"https:\/\/www.ufmg.br\/dedd\/wp-json\/wp\/v2\/tags?post=11505"}],"curies":[{"name":"wp","href":"https:\/\/api.w.org\/{rel}","templated":true}]}}