{"id":12065,"date":"2024-06-20T16:20:05","date_gmt":"2024-06-20T19:20:05","guid":{"rendered":"https:\/\/www.ufmg.br\/dedd\/?page_id=12065"},"modified":"2024-11-29T14:18:50","modified_gmt":"2024-11-29T17:18:50","slug":"formularios-uab","status":"publish","type":"page","link":"https:\/\/www.ufmg.br\/dedd\/formularios-uab\/","title":{"rendered":"Formul\u00e1rios UAB"},"content":{"rendered":"<p>&nbsp;<\/p>\n<table style=\"border-collapse: collapse; width: 49.8187%; height: 122px;\">\n<tbody>\n<tr>\n<td style=\"width: 100%;\"><a href=\"https:\/\/www.ufmg.br\/dedd\/wp-content\/uploads\/2024\/11\/DECLARACAO_ACUMULO.doc\">Declara\u00e7\u00e3o de Ac\u00famulo de Bolsas<\/a><\/td>\n<\/tr>\n<tr>\n<td style=\"width: 100%;\"><a href=\"https:\/\/www.ufmg.br\/dedd\/wp-content\/uploads\/2024\/11\/Ficha_Professor_Conteudista.doc\">Ficha para Professor Conteudista<\/a><\/td>\n<\/tr>\n<tr>\n<td style=\"width: 100%;\"><a href=\"https:\/\/www.ufmg.br\/dedd\/wp-content\/uploads\/2024\/11\/Ficha_Termo_Assistente-pedagogico.doc\">Ficha para Assistente Pedag\u00f3gico<\/a><\/td>\n<\/tr>\n<tr>\n<td style=\"width: 100%;\"><a href=\"https:\/\/www.ufmg.br\/dedd\/wp-content\/uploads\/2024\/11\/Ficha_Termo_Coordenadoria_Adjunto.doc\">Ficha para Coordenador Adjunto da UAB na UFMG<\/a><\/td>\n<\/tr>\n<tr>\n<td style=\"width: 100%;\"><a href=\"https:\/\/www.ufmg.br\/dedd\/wp-content\/uploads\/2024\/11\/Ficha_Termo_Coordenadoria_de_Curso.doc\">Ficha para Coordenador de Curso<\/a><\/td>\n<\/tr>\n<tr>\n<td style=\"width: 100%;\"><a href=\"https:\/\/www.ufmg.br\/dedd\/wp-content\/uploads\/2024\/11\/Ficha_Termo_Coordenadoria_de_Tutoria.doc\">Ficha para Coordenador de Tutoria<\/a><\/td>\n<\/tr>\n<tr>\n<td style=\"width: 100%;\"><a href=\"https:\/\/www.ufmg.br\/dedd\/wp-content\/uploads\/2024\/11\/Ficha_Termo_Coordenadoria_Geral.doc\">Ficha para Coordenadoria Geral<\/a><\/td>\n<\/tr>\n<tr>\n<td style=\"width: 100%;\">\u00a0<a href=\"https:\/\/www.ufmg.br\/dedd\/wp-content\/uploads\/2024\/11\/Ficha_Termo_Professor_Formador.doc\">Ficha para Professor Formador<\/a><\/td>\n<\/tr>\n<tr>\n<td style=\"width: 100%;\"><a href=\"https:\/\/www.ufmg.br\/dedd\/wp-content\/uploads\/2024\/11\/Ficha_Termo_Tutores.doc\">Ficha para Tutores<\/a><\/td>\n<\/tr>\n<\/tbody>\n<\/table>\n","protected":false},"excerpt":{"rendered":"<p>&nbsp; Declara\u00e7\u00e3o de Ac\u00famulo de Bolsas Ficha para Professor Conteudista [&hellip;]<\/p>\n","protected":false},"author":7,"featured_media":0,"parent":0,"menu_order":0,"comment_status":"closed","ping_status":"closed","template":"","meta":[],"categories":[],"tags":[],"acf":[],"_links":{"self":[{"href":"https:\/\/www.ufmg.br\/dedd\/wp-json\/wp\/v2\/pages\/12065"}],"collection":[{"href":"https:\/\/www.ufmg.br\/dedd\/wp-json\/wp\/v2\/pages"}],"about":[{"href":"https:\/\/www.ufmg.br\/dedd\/wp-json\/wp\/v2\/types\/page"}],"author":[{"embeddable":true,"href":"https:\/\/www.ufmg.br\/dedd\/wp-json\/wp\/v2\/users\/7"}],"replies":[{"embeddable":true,"href":"https:\/\/www.ufmg.br\/dedd\/wp-json\/wp\/v2\/comments?post=12065"}],"version-history":[{"count":12,"href":"https:\/\/www.ufmg.br\/dedd\/wp-json\/wp\/v2\/pages\/12065\/revisions"}],"predecessor-version":[{"id":12579,"href":"https:\/\/www.ufmg.br\/dedd\/wp-json\/wp\/v2\/pages\/12065\/revisions\/12579"}],"wp:attachment":[{"href":"https:\/\/www.ufmg.br\/dedd\/wp-json\/wp\/v2\/media?parent=12065"}],"wp:term":[{"taxonomy":"category","embeddable":true,"href":"https:\/\/www.ufmg.br\/dedd\/wp-json\/wp\/v2\/categories?post=12065"},{"taxonomy":"post_tag","embeddable":true,"href":"https:\/\/www.ufmg.br\/dedd\/wp-json\/wp\/v2\/tags?post=12065"}],"curies":[{"name":"wp","href":"https:\/\/api.w.org\/{rel}","templated":true}]}}