{"id":12128,"date":"2024-06-27T14:36:57","date_gmt":"2024-06-27T17:36:57","guid":{"rendered":"https:\/\/www.ufmg.br\/dedd\/?page_id=12128"},"modified":"2024-06-27T14:48:08","modified_gmt":"2024-06-27T17:48:08","slug":"conversas-em-rede-dialogos-sobre-educacao-digital","status":"publish","type":"page","link":"https:\/\/www.ufmg.br\/dedd\/conversas-em-rede-dialogos-sobre-educacao-digital\/","title":{"rendered":"Conversas em Rede: Di\u00e1logos sobre Educa\u00e7\u00e3o a Dist\u00e2ncia e Educa\u00e7\u00e3o Digital"},"content":{"rendered":"<p>O projeto &#8220;Conversas em Rede: Di\u00e1logos sobre Educa\u00e7\u00e3o a Dist\u00e2ncia e Educa\u00e7\u00e3o Digital&#8221;, lan\u00e7ado em maio de 2024, consiste em um ciclo de webinars sobre temas ligados \u00e0 educa\u00e7\u00e3o a dist\u00e2ncia e \u00e0 educa\u00e7\u00e3o digital.<\/p>\n<p>Transmitidos pelo <a href=\"https:\/\/www.youtube.com\/channel\/UCp4LvwnCO7Ko9bKwaJzVk2w\">canal da DEDD no YouTube<\/a>, os eventos foram propostos com o objetivo de proporcionar um espa\u00e7o de discuss\u00e3o, atualiza\u00e7\u00e3o e compartilhamento sobre educa\u00e7\u00e3o a dist\u00e2ncia e educa\u00e7\u00e3o digital, visando ao aprimoramento das pr\u00e1ticas educacionais e da forma\u00e7\u00e3o de profissionais que atuam nessas \u00e1reas.<\/p>\n<p>A a\u00e7\u00e3o prev\u00ea a realiza\u00e7\u00e3o de quatro webinars ao ano, sobre tem\u00e1ticas ligadas \u00e0 educa\u00e7\u00e3o a dist\u00e2ncia e \u00e0 educa\u00e7\u00e3o digital. Os participantes que acompanharem o evento ao vivo e preencherem a lista de presen\u00e7a disponibilizada no chat receber\u00e3o certificado de participa\u00e7\u00e3o, por email.<\/p>\n<p><strong>2024 <\/strong><\/p>\n<p>A edi\u00e7\u00e3o de 2024 foi aberta pelo webinar <a href=\"https:\/\/www.youtube.com\/live\/h6kV_o-8Khk\">\u201cReflex\u00f5es sobre a Intelig\u00eancia Artificial na Educa\u00e7\u00e3o a Dist\u00e2ncia&#8221;<\/a>, apresentado pelo professor Samuel Durso, coordenador da UAB na UFMG e docente da Faculdade de Ci\u00eancias Econ\u00f4micas (Face\/UFMG). Os pr\u00f3ximos webinars est\u00e3o previstos para o segundo semestre do ano.<\/p>\n","protected":false},"excerpt":{"rendered":"<p>O projeto &#8220;Conversas em Rede: Di\u00e1logos sobre Educa\u00e7\u00e3o a Dist\u00e2ncia [&hellip;]<\/p>\n","protected":false},"author":5,"featured_media":0,"parent":0,"menu_order":0,"comment_status":"closed","ping_status":"closed","template":"","meta":[],"categories":[],"tags":[],"acf":[],"_links":{"self":[{"href":"https:\/\/www.ufmg.br\/dedd\/wp-json\/wp\/v2\/pages\/12128"}],"collection":[{"href":"https:\/\/www.ufmg.br\/dedd\/wp-json\/wp\/v2\/pages"}],"about":[{"href":"https:\/\/www.ufmg.br\/dedd\/wp-json\/wp\/v2\/types\/page"}],"author":[{"embeddable":true,"href":"https:\/\/www.ufmg.br\/dedd\/wp-json\/wp\/v2\/users\/5"}],"replies":[{"embeddable":true,"href":"https:\/\/www.ufmg.br\/dedd\/wp-json\/wp\/v2\/comments?post=12128"}],"version-history":[{"count":5,"href":"https:\/\/www.ufmg.br\/dedd\/wp-json\/wp\/v2\/pages\/12128\/revisions"}],"predecessor-version":[{"id":12318,"href":"https:\/\/www.ufmg.br\/dedd\/wp-json\/wp\/v2\/pages\/12128\/revisions\/12318"}],"wp:attachment":[{"href":"https:\/\/www.ufmg.br\/dedd\/wp-json\/wp\/v2\/media?parent=12128"}],"wp:term":[{"taxonomy":"category","embeddable":true,"href":"https:\/\/www.ufmg.br\/dedd\/wp-json\/wp\/v2\/categories?post=12128"},{"taxonomy":"post_tag","embeddable":true,"href":"https:\/\/www.ufmg.br\/dedd\/wp-json\/wp\/v2\/tags?post=12128"}],"curies":[{"name":"wp","href":"https:\/\/api.w.org\/{rel}","templated":true}]}}