{"id":12137,"date":"2024-06-28T13:09:41","date_gmt":"2024-06-28T16:09:41","guid":{"rendered":"https:\/\/www.ufmg.br\/dedd\/?page_id=12137"},"modified":"2026-01-16T11:35:48","modified_gmt":"2026-01-16T14:35:48","slug":"led","status":"publish","type":"page","link":"https:\/\/www.ufmg.br\/dedd\/led\/","title":{"rendered":"Laborat\u00f3rio de Educa\u00e7\u00e3o Digital (LED)"},"content":{"rendered":"<p>O Laborat\u00f3rio de Educa\u00e7\u00e3o Digital (LED) \u00e9 um espa\u00e7o mantido pela DEDD\/UFMG, destinado \u00e0 oferta de forma\u00e7\u00e3o cont\u00ednua a membros da comunidade acad\u00eamica da Universidade.<\/p>\n<p>O laborat\u00f3rio sediar\u00e1 workshops e oficinas pr\u00e1ticas sobre temas ligados \u00e0 educa\u00e7\u00e3o a dist\u00e2ncia e \u00e0 educa\u00e7\u00e3o digital, com o objetivo de contribuir para que os cursistas desenvolvam compet\u00eancias digitais e possam incorporar novos recursos tecnol\u00f3gicos \u00e0s suas pr\u00e1ticas pedag\u00f3gicas e administrativas. Os alunos contar\u00e3o com suporte e orienta\u00e7\u00e3o individualizada durante os cursos, garantindo uma compreens\u00e3o eficaz dos conceitos discutidos.<\/p>\n<p>O LED tamb\u00e9m tem como metas promover a experimenta\u00e7\u00e3o com ferramentas e tecnologias digitais relevantes para a educa\u00e7\u00e3o digital, incentivando a criatividade e a resolu\u00e7\u00e3o inovadora de problemas e estimular o interc\u00e2mbio de experi\u00eancias e a colabora\u00e7\u00e3o m\u00fatua entre os participantes das atividades.<\/p>\n<p><span style=\"font-weight: 400;\">Equipado com televis\u00e3o de 85 polegadas e oito notebooks, o laborat\u00f3rio ter\u00e1 capacidade para atender turmas de at\u00e9 8 pessoas.\u00a0<\/span><span style=\"font-weight: 400;\">O ambiente passa a integrar a infraestrutura f\u00edsica da DEDD, que j\u00e1 conta com est\u00fadio para grava\u00e7\u00e3o de videoaulas e sala para transmiss\u00e3o de webconfer\u00eancias.\u00a0<\/span><\/p>\n<p>Conhe\u00e7a a estrutura da DEDD no v\u00eddeo abaixo.<\/p>\n<div class=\"arve\" data-mode=\"normal\" data-oembed=\"1\" data-provider=\"youtube\" id=\"arve-youtube-rvx_jlo96cy69e15a4fb98c5956174799\" style=\"max-width:900px;\">\n<span class=\"arve-inner\"><br \/>\n<span class=\"arve-embed arve-embed--has-aspect-ratio\" style=\"aspect-ratio: 500 \/ 281\"><br \/>\n<span class=\"arve-ar\" style=\"padding-top:56.200000%\"><\/span><iframe loading=\"lazy\" allow=\"accelerometer; autoplay; clipboard-write; encrypted-media; gyroscope; picture-in-picture\" allowfullscreen class=\"arve-iframe fitvidsignore\" data-arve=\"arve-youtube-rvx_jlo96cy69e15a4fb98c5956174799\" data-src-no-ap=\"https:\/\/www.youtube-nocookie.com\/embed\/RVX_JlO96cY?feature=oembed&amp;iv_load_policy=3&amp;modestbranding=1&amp;rel=0&amp;autohide=1&amp;playsinline=0&amp;autoplay=0\" frameborder=\"0\" height=\"505.8\" sandbox=\"allow-scripts allow-same-origin allow-presentation allow-popups allow-popups-to-escape-sandbox\" scrolling=\"no\" src=\"https:\/\/www.youtube-nocookie.com\/embed\/RVX_JlO96cY?feature=oembed&#038;iv_load_policy=3&#038;modestbranding=1&#038;rel=0&#038;autohide=1&#038;playsinline=0&#038;autoplay=0\" width=\"900\"><\/iframe><\/p>\n<p><\/span><\/p>\n<p><\/span><br \/>\n<script type=\"application\/ld+json\">{\"@context\":\"http:\\\/\\\/schema.org\\\/\",\"@id\":\"https:\\\/\\\/www.ufmg.br\\\/dedd\\\/led\\\/#arve-youtube-rvx_jlo96cy69e15a4fb98c5956174799\",\"type\":\"VideoObject\",\"embedURL\":\"https:\\\/\\\/www.youtube-nocookie.com\\\/embed\\\/RVX_JlO96cY?feature=oembed&iv_load_policy=3&modestbranding=1&rel=0&autohide=1&playsinline=0&autoplay=0\"}<\/script>\n<\/div>\n<p>O calend\u00e1rio com a oferta de cursos do LED ser\u00e1 divulgada nesta p\u00e1gina.<\/p>\n<p style=\"text-align: center;\"><strong>AGENDA DE CURSOS <\/strong><\/p>\n<p><strong>Cursos de Ver\u00e3o 2026: de janeiro a fevereiro\u00a0<\/strong><\/p>\n<p>Para conferir <strong>os resultados das sele\u00e7\u00f5es<\/strong>, acesse a p\u00e1gina sobre os<a href=\"https:\/\/www.ufmg.br\/dedd\/cursos-de-verao-do-laboratorio-dedd-formacao-de-professores-para-a-educacao-digital\/.\"> Cursos de Ver\u00e3o do LED\/DEDD<\/a>.<\/p>\n<style>#sp-ea-12548 .spcollapsing { height: 0; overflow: hidden; transition-property: height;transition-duration: 300ms;}#sp-ea-12548.sp-easy-accordion>.sp-ea-single {border: 1px solid #e2e2e2; }#sp-ea-12548.sp-easy-accordion>.sp-ea-single>.ea-header a {color: #444;}#sp-ea-12548.sp-easy-accordion>.sp-ea-single>.sp-collapse>.ea-body {background: #fff; color: #444;}#sp-ea-12548.sp-easy-accordion>.sp-ea-single {background: #eee;}#sp-ea-12548.sp-easy-accordion>.sp-ea-single>.ea-header a .ea-expand-icon.fa { float: left; color: #444;font-size: 16px;}<\/style><div id=\"sp-ea-12548\" class=\"sp-ea-one sp-easy-accordion\" data-ex-icon=\"fa-minus\" data-col-icon=\"fa-plus\"  data-ea-active=\"ea-click\"  data-ea-mode=\"vertical\" data-preloader=\"\" data-scroll-active-item=\"\" data-offset-to-scroll=\"0\"><div class=\"ea-card ea-expand sp-ea-single\"><h3 class=\"ea-header\"><a class=\"collapsed\" data-sptoggle=\"spcollapse\" data-sptarget=#collapse125480 href=\"javascript:void(0)\"  aria-expanded=\"true\"><i class=\"ea-expand-icon fa fa-minus\"><\/i> Introdu\u00e7\u00e3o \u00e0 L\u00f3gica de Programa\u00e7\u00e3o e ao Pensamento Computacional <\/a><\/h3><div class=\"sp-collapse spcollapse collapsed show\" id=\"collapse125480\" data-parent=#sp-ea-12548><div class=\"ea-body\"><p><span style=\"font-weight: 400;\">O curso objetiva apresentar os principais conceitos de programa\u00e7\u00e3o, como abstra\u00e7\u00e3o, pensamento anal\u00edtico, dedu\u00e7\u00e3o l\u00f3gica, entre outros; apresentar os paradigmas e as principais ideias de programa\u00e7\u00e3o, como vari\u00e1veis, loops, atribui\u00e7\u00e3o, condicionais, entre outros e possibilitar ao estudante o contato com as bases do pensamento computacional, para que ele possa se aprofundar na(s) linguagem(s) de seu interesse.<\/span><\/p>\n<p><span style=\"font-weight: 400;\">O curso ser\u00e1 ministrado por Ernane Henrique de Oliveira, Mestre em Educa\u00e7\u00e3o e Doc\u00eancia pela FAE\/UFMG e T\u00e9cnico em Audiovisual da DEDD\/UFMG. (http:\/\/lattes.cnpq.br\/3925430321671251)<\/span><\/p>\n<p><strong>Carga hor\u00e1ria<\/strong>: 15 horas (encontros presenciais + atividades ass\u00edncronas)<\/p>\n<p><strong>Per\u00edodo:\u00a0<\/strong>de 19 a 23\/1, das 14h \u00e0s 17h<\/p>\n<p>Confira<a href=\"https:\/\/www.ufmg.br\/dedd\/wp-content\/uploads\/2026\/01\/Ementa-Ernane.pdf\"> a ementa do curso<\/a>.<\/p>\n<\/div><\/div><\/div><div class=\"ea-card  sp-ea-single\"><h3 class=\"ea-header\"><a class=\"collapsed\" data-sptoggle=\"spcollapse\" data-sptarget=#collapse125481 href=\"javascript:void(0)\"  aria-expanded=\"false\"><i class=\"ea-expand-icon fa fa-plus\"><\/i> Intelig\u00eancia Artificial na Educa\u00e7\u00e3o: Ferramentas e Estrat\u00e9gias para Professores <\/a><\/h3><div class=\"sp-collapse spcollapse \" id=\"collapse125481\" data-parent=#sp-ea-12548><div class=\"ea-body\"><p><span style=\"font-weight: 400;\">O curso abordar\u00e1 a intelig\u00eancia artificial e a sua aplica\u00e7\u00e3o na Educa\u00e7\u00e3o, ferramentas e estrat\u00e9gias para aplica\u00e7\u00f5es em sala de aula.<\/span><\/p>\n<p><span style=\"font-weight: 400;\">A forma\u00e7\u00e3o ser\u00e1 ministrada por Felipe Moreira, Mestre em Inform\u00e1tica pela PUC Minas e Gestor Administrativo do LCC-CENAPAD\/UFMG (<\/span><a href=\"http:\/\/lattes.cnpq.br\/4926043479130073\"><span style=\"font-weight: 400;\">http:\/\/lattes.cnpq.br\/4926043479130073<\/span><\/a><span style=\"font-weight: 400;\">). <\/span><\/p>\n<p><strong>Carga hor\u00e1ria<\/strong>: 15 horas (encontros presenciais + atividades ass\u00edncronas)<\/p>\n<p><strong>Per\u00edodo<\/strong>: de 26 a 30\/1, das 9h \u00e0s 12h<\/p>\n<p>Confira a<a href=\"https:\/\/www.ufmg.br\/dedd\/wp-content\/uploads\/2026\/01\/Ementa-Felipe.pdf\"> ementa do curso<\/a>.<\/p>\n<\/div><\/div><\/div><div class=\"ea-card  sp-ea-single\"><h3 class=\"ea-header\"><a class=\"collapsed\" data-sptoggle=\"spcollapse\" data-sptarget=#collapse125482 href=\"javascript:void(0)\"  aria-expanded=\"false\"><i class=\"ea-expand-icon fa fa-plus\"><\/i>  Audiodescri\u00e7\u00e3o em Sala de Aula na Perspectiva do Desenho Universal para a Aprendizagem<\/a><\/h3><div class=\"sp-collapse spcollapse \" id=\"collapse125482\" data-parent=#sp-ea-12548><div class=\"ea-body\"><p><span style=\"font-weight: 400;\">O curso objetiva apresentar os fundamentos da audiodescri\u00e7\u00e3o como recurso de acessibilidade pedag\u00f3gica e sua articula\u00e7\u00e3o com os princ\u00edpios do Desenho Universal para a Aprendizagem, visando \u00e0 amplia\u00e7\u00e3o do acesso, da participa\u00e7\u00e3o e da aprendizagem de estudantes com e sem defici\u00eancia no contexto da sala de aula.<\/span><\/p>\n<p><span style=\"font-weight: 400;\">A capacita\u00e7\u00e3o ser\u00e1 ministrada por Ana Carolina Correa Almeida, Doutora em Lingu\u00edstica pela PUC Minas e Diretora Adjunta da DEDD\/UFMG (<\/span><a href=\"http:\/\/lattes.cnpq.br\/4196379507740936\"><span style=\"font-weight: 400;\">http:\/\/lattes.cnpq.br\/4196379507740936<\/span><\/a><span style=\"font-weight: 400;\">), e por M\u00e1rcia Mar\u00edlia Teixeira Alves de Souza Duarte, Doutora em Educa\u00e7\u00e3o pela FAE\/UFMG e Assessora Pedag\u00f3gica da DEDD\/UFMG (<\/span><a href=\"http:\/\/lattes.cnpq.br\/4008680996925947\"><span style=\"font-weight: 400;\">http:\/\/lattes.cnpq.br\/4008680996925947<\/span><\/a><span style=\"font-weight: 400;\">).<\/span><\/p>\n<p><strong>Carga hor\u00e1ria<\/strong>: 15 horas (encontros presenciais + atividades ass\u00edncronas)<\/p>\n<p><strong>Per\u00edodo<\/strong>: de 02 a 06\/2, das 9h \u00e0s 12h<\/p>\n<p>Confira <a href=\"https:\/\/www.ufmg.br\/dedd\/wp-content\/uploads\/2026\/01\/Ementa-Ana-Marcia.pdf\">a ementa do curso<\/a>.<\/p>\n<\/div><\/div><\/div><div class=\"ea-card  sp-ea-single\"><h3 class=\"ea-header\"><a class=\"collapsed\" data-sptoggle=\"spcollapse\" data-sptarget=#collapse125483 href=\"javascript:void(0)\"  aria-expanded=\"false\"><i class=\"ea-expand-icon fa fa-plus\"><\/i> Conectando Direitos: Inclus\u00e3o, Cidadania Digital e Rela\u00e7\u00f5es \u00c9tnico-Raciais<\/a><\/h3><div class=\"sp-collapse spcollapse \" id=\"collapse125483\" data-parent=#sp-ea-12548><div class=\"ea-body\"><p><span style=\"font-weight: 400;\">O curso se prop\u00f5e\u00a0 a analisar criticamente os conceitos de inclus\u00e3o digital e cidadania digital, examinando suas dimens\u00f5es t\u00e9cnica, social e pol\u00edtica, com \u00eanfase nos desafios enfrentados por comunidades racializadas e marginalizadas e a investigar como as tecnologias digitais podem tanto reproduzir quanto desafiar estruturas de racismo, exclus\u00e3o e desigualdade de acesso \u00e0 informa\u00e7\u00e3o e aos direitos.<\/span><\/p>\n<p><span style=\"font-weight: 400;\">A forma\u00e7\u00e3o ser\u00e1 ministrada por Lu\u00eds Fernando Silva Andrade, Doutor em Administra\u00e7\u00e3o pela UFLA e Professor Adjunto do \u00a0Departamento de Ci\u00eancias Administrativas da FACE\/UFMG (<\/span><a href=\"http:\/\/lattes.cnpq.br\/2468899725153535\"><span style=\"font-weight: 400;\">http:\/\/lattes.cnpq.br\/2468899725153535<\/span><\/a><span style=\"font-weight: 400;\">).\u00a0<\/span><\/p>\n<p><strong>Carga hor\u00e1ria<\/strong>: 15 horas (encontros presenciais + atividades ass\u00edncronas)<\/p>\n<p><strong>Per\u00edodo<\/strong>: de 09 a 13\/2, das 9h \u00e0s 12h<\/p>\n<p>Confira a<a href=\"https:\/\/www.ufmg.br\/dedd\/wp-content\/uploads\/2026\/01\/Ementa-Luis.pdf\"> ementa do curso<\/a>.<\/p>\n<\/div><\/div><\/div><div class=\"ea-card  sp-ea-single\"><h3 class=\"ea-header\"><a class=\"collapsed\" data-sptoggle=\"spcollapse\" data-sptarget=#collapse125484 href=\"javascript:void(0)\"  aria-expanded=\"false\"><i class=\"ea-expand-icon fa fa-plus\"><\/i>  Monte sua disciplina - Configura\u00e7\u00f5es b\u00e1sicas no Moodle<\/a><\/h3><div class=\"sp-collapse spcollapse \" id=\"collapse125484\" data-parent=#sp-ea-12548><div class=\"ea-body\"><p><span style=\"font-weight: 400;\">O curso tem o intuito de capacitar os participantes no uso das funcionalidades b\u00e1sicas do Ambiente Virtual de Aprendizagem Moodle (AVA-MOODLE), com foco na organiza\u00e7\u00e3o e configura\u00e7\u00e3o inicial de disciplinas a partir de metodologias de Educa\u00e7\u00e3o a Dist\u00e2ncia. O objetivo \u00e9 que o participante seja capaz de montar uma disciplina funcional e organizada no Moodle, adequada \u00e0s necessidades do ensino a dist\u00e2ncia, semipresencial e\u00a0 presencial.<\/span><\/p>\n<p><span style=\"font-weight: 400;\">A capacita\u00e7\u00e3o ser\u00e1 ministrada por Cristina Gon\u00e7alves Ferreira de Souza, Doutora em Estudos Liter\u00e1rios pela FALE\/UFMG e TAE da DEDD\/UFMG (<\/span><a href=\"http:\/\/lattes.cnpq.br\/8201774137667865\"><span style=\"font-weight: 400;\">http:\/\/lattes.cnpq.br\/8201774137667865<\/span><\/a><span style=\"font-weight: 400;\">) e L\u00facia de Salvo Oliveira, Pedagoga da DEDD\/UFMG, formada na FAE\/UFMG (<\/span><a href=\"http:\/\/lattes.cnpq.br\/0266698377166548\"><span style=\"font-weight: 400;\">http:\/\/lattes.cnpq.br\/0266698377166548<\/span><\/a><span style=\"font-weight: 400;\">)<\/span><\/p>\n<p><strong>Carga hor\u00e1ria<\/strong>: 15 horas (encontros presenciais + atividades ass\u00edncronas)<\/p>\n<p><strong>Per\u00edodo<\/strong>: de 23 a 27\/2, das 9h \u00e0s 12h<\/p>\n<p>Confira a <a href=\"https:\/\/www.ufmg.br\/dedd\/wp-content\/uploads\/2026\/01\/Ementa-Adalgimar-Cris-Lucia.pdf\">ementa do curso<\/a>.<\/p>\n<\/div><\/div><\/div><\/div>\n","protected":false},"excerpt":{"rendered":"<p>O Laborat\u00f3rio de Educa\u00e7\u00e3o Digital (LED) \u00e9 um espa\u00e7o mantido [&hellip;]<\/p>\n","protected":false},"author":5,"featured_media":0,"parent":0,"menu_order":0,"comment_status":"closed","ping_status":"closed","template":"","meta":[],"categories":[],"tags":[],"acf":[],"_links":{"self":[{"href":"https:\/\/www.ufmg.br\/dedd\/wp-json\/wp\/v2\/pages\/12137"}],"collection":[{"href":"https:\/\/www.ufmg.br\/dedd\/wp-json\/wp\/v2\/pages"}],"about":[{"href":"https:\/\/www.ufmg.br\/dedd\/wp-json\/wp\/v2\/types\/page"}],"author":[{"embeddable":true,"href":"https:\/\/www.ufmg.br\/dedd\/wp-json\/wp\/v2\/users\/5"}],"replies":[{"embeddable":true,"href":"https:\/\/www.ufmg.br\/dedd\/wp-json\/wp\/v2\/comments?post=12137"}],"version-history":[{"count":27,"href":"https:\/\/www.ufmg.br\/dedd\/wp-json\/wp\/v2\/pages\/12137\/revisions"}],"predecessor-version":[{"id":14592,"href":"https:\/\/www.ufmg.br\/dedd\/wp-json\/wp\/v2\/pages\/12137\/revisions\/14592"}],"wp:attachment":[{"href":"https:\/\/www.ufmg.br\/dedd\/wp-json\/wp\/v2\/media?parent=12137"}],"wp:term":[{"taxonomy":"category","embeddable":true,"href":"https:\/\/www.ufmg.br\/dedd\/wp-json\/wp\/v2\/categories?post=12137"},{"taxonomy":"post_tag","embeddable":true,"href":"https:\/\/www.ufmg.br\/dedd\/wp-json\/wp\/v2\/tags?post=12137"}],"curies":[{"name":"wp","href":"https:\/\/api.w.org\/{rel}","templated":true}]}}