{"id":12146,"date":"2024-06-28T14:01:19","date_gmt":"2024-06-28T17:01:19","guid":{"rendered":"https:\/\/www.ufmg.br\/dedd\/?page_id=12146"},"modified":"2026-02-10T13:55:59","modified_gmt":"2026-02-10T16:55:59","slug":"cursos-apoiados","status":"publish","type":"page","link":"https:\/\/www.ufmg.br\/dedd\/cursos-apoiados\/","title":{"rendered":"Cursos apoiados pela DEDD"},"content":{"rendered":"<style>#sp-ea-12147 .spcollapsing { height: 0; overflow: hidden; transition-property: height;transition-duration: 300ms;}#sp-ea-12147.sp-easy-accordion>.sp-ea-single {border: 1px solid #e2e2e2; }#sp-ea-12147.sp-easy-accordion>.sp-ea-single>.ea-header a {color: #444;}#sp-ea-12147.sp-easy-accordion>.sp-ea-single>.sp-collapse>.ea-body {background: #fff; color: #444;}#sp-ea-12147.sp-easy-accordion>.sp-ea-single {background: #eee;}#sp-ea-12147.sp-easy-accordion>.sp-ea-single>.ea-header a .ea-expand-icon.fa { float: left; color: #444;font-size: 16px;}<\/style><div id=\"sp-ea-12147\" class=\"sp-ea-one sp-easy-accordion\" data-ex-icon=\"fa-minus\" data-col-icon=\"fa-plus\"  data-ea-active=\"ea-click\"  data-ea-mode=\"vertical\" data-preloader=\"\" data-scroll-active-item=\"\" data-offset-to-scroll=\"0\"><div class=\"ea-card ea-expand sp-ea-single\"><h3 class=\"ea-header\"><a class=\"collapsed\" data-sptoggle=\"spcollapse\" data-sptarget=#collapse121470 href=\"javascript:void(0)\"  aria-expanded=\"true\"><i class=\"ea-expand-icon fa fa-minus\"><\/i> Mestrado Profissional em Ensino de Biologia (ProfBio) <\/a><\/h3><div class=\"sp-collapse spcollapse collapsed show\" id=\"collapse121470\" data-parent=#sp-ea-12147><div class=\"ea-body\"><p>O Profbio \u2013 Mestrado Profissional em Ensino de Biologia em Rede Nacional \u00e9 um curso de p\u00f3s-gradua\u00e7\u00e3o stricto sensu que tem como objetivo a qualifica\u00e7\u00e3o profissional de professores das redes p\u00fablicas de ensino em efetivo exerc\u00edcio da doc\u00eancia de Biologia. Trata-se de um curso semipresencial com oferta simult\u00e2nea nacional, conduzindo ao t\u00edtulo de Mestre em Ensino de Biologia.<\/p>\n<p>A rede nacional do Profbio congrega 18 Institui\u00e7\u00f5es de Ensino Superior (IES) p\u00fablicas, Federais e Estaduais, em 20 campi distintos, distribu\u00eddos por todo territ\u00f3rio nacional, contemplando 14 estados da Federa\u00e7\u00e3o, al\u00e9m do Distrito Federal.<\/p>\n<p>Para mais informa\u00e7\u00f5es sobre o curso e processos seletivos, acesse a p\u00e1gina do <a href=\"https:\/\/www.profbio.ufmg.br\/\">Profbio<\/a>.<\/p>\n<p>&nbsp;<\/p>\n<\/div><\/div><\/div><div class=\"ea-card  sp-ea-single\"><h3 class=\"ea-header\"><a class=\"collapsed\" data-sptoggle=\"spcollapse\" data-sptarget=#collapse121471 href=\"javascript:void(0)\"  aria-expanded=\"false\"><i class=\"ea-expand-icon fa fa-plus\"><\/i> Curso Forma\u00e7\u00e3o de Mediadores\/Multiplicadores do Sentido do Nascer <\/a><\/h3><div class=\"sp-collapse spcollapse \" id=\"collapse121471\" data-parent=#sp-ea-12147><div class=\"ea-body\"><p>O curso pretende ajudar na dissemina\u00e7\u00e3o das boas pr\u00e1ticas na aten\u00e7\u00e3o ao parto e o nascimento baseadas em evid\u00eancias cient\u00edficas e nos direitos de mulheres e crian\u00e7as \u00e0 assist\u00eancia humanizada, na perspectiva individual da experi\u00eancia singular e na perspectiva da sa\u00fade coletiva que, considera a promo\u00e7\u00e3o da sa\u00fade e a preven\u00e7\u00e3o da hipermedicaliza\u00e7\u00e3o e das iatrogenias a partir de interven\u00e7\u00f5es em processos fisiol\u00f3gicos da vida.<\/p>\n<p>Para mais informa\u00e7\u00f5es, acesse a <a href=\"https:\/\/sentidosdonascer.org\/\">p\u00e1gina do curso<\/a>.<\/p>\n<\/div><\/div><\/div><div class=\"ea-card  sp-ea-single\"><h3 class=\"ea-header\"><a class=\"collapsed\" data-sptoggle=\"spcollapse\" data-sptarget=#collapse121472 href=\"javascript:void(0)\"  aria-expanded=\"false\"><i class=\"ea-expand-icon fa fa-plus\"><\/i> Curso de Especializa\u00e7\u00e3o em Soldagem <\/a><\/h3><div class=\"sp-collapse spcollapse \" id=\"collapse121472\" data-parent=#sp-ea-12147><div class=\"ea-body\"><p>Destinado a atender engenheiros e tecn\u00f3logos envolvidos com projetos e fabrica\u00e7\u00e3o de equipamentos e componentes soldados, o Departamento de Engenharia Mec\u00e2nica da Escola de Engenharia da UFMG criou o curso de Especializa\u00e7\u00e3o em Soldagem.<\/p>\n<p>A forma\u00e7\u00e3o \u00e9 ofertada em parceria com a ABS (Associa\u00e7\u00e3o Brasileira de Soldagem) e objetiva formar especialistas da gradua\u00e7\u00e3o em Engenharia Plena ou tecnologia (Tecn\u00f3logo) que, al\u00e9m de receberem o certificado de especializa\u00e7\u00e3o pela UFMG, ainda poder\u00e3o se candidatar \u00e0 Certifica\u00e7\u00e3o como Engenheiro Internacional de Soldagem pelo IIW (International Institute of Welding). Esta certifica\u00e7\u00e3o \u00e9 conferida no Brasil pela ABS, aos aprovados em provas espec\u00edficas realizadas anualmente.<\/p>\n<p>Para mais informa\u00e7\u00f5es, acesse a <a href=\"https:\/\/possoldagem.demec.ufmg.br\/\">p\u00e1gina do curso<\/a>.<\/p>\n<\/div><\/div><\/div><div class=\"ea-card  sp-ea-single\"><h3 class=\"ea-header\"><a class=\"collapsed\" data-sptoggle=\"spcollapse\" data-sptarget=#collapse121473 href=\"javascript:void(0)\"  aria-expanded=\"false\"><i class=\"ea-expand-icon fa fa-plus\"><\/i> Curso \"Abordagem do Paciente Tabagista em Ambiente Prisional\"<\/a><\/h3><div class=\"sp-collapse spcollapse \" id=\"collapse121473\" data-parent=#sp-ea-12147><div class=\"ea-body\"><p>O curso de extens\u00e3o \u00e9 desenvolvido numa parceria da Faculdade de Medicina e com o Governo do Estado de Minas Gerais, dentro do Programa de atualiza\u00e7\u00e3o sobre \u00e1lcool e drogas, e objetiva qualificar os profissionais de sa\u00fade de aten\u00e7\u00e3o prim\u00e1ria dos munic\u00edpios mineiros na abordagem de pacientes tabagistas do sistema prisional do estado.<\/p>\n<\/div><\/div><\/div><div class=\"ea-card  sp-ea-single\"><h3 class=\"ea-header\"><a class=\"collapsed\" data-sptoggle=\"spcollapse\" data-sptarget=#collapse121474 href=\"javascript:void(0)\"  aria-expanded=\"false\"><i class=\"ea-expand-icon fa fa-plus\"><\/i> Curso de extens\u00e3o \"MonitoraSB\"<\/a><\/h3><div class=\"sp-collapse spcollapse \" id=\"collapse121474\" data-parent=#sp-ea-12147><div class=\"ea-body\"><p>Curso de extens\u00e3o desenvolvido pela Faculdade de Odontologia da UFMG e diversas entidades parceiras com o objetivo de qualificar as equipes de sa\u00fade bucal do programa de Aten\u00e7\u00e3o Prim\u00e1ria \u00e0 Sa\u00fade para a implementa\u00e7\u00e3o e utiliza\u00e7\u00e3o do sistema MonitoraSB em seus processos de trabalho e no monitoramento dos servi\u00e7os de sa\u00fade bucal ofertados \u00e0 popula\u00e7\u00e3o.<\/p>\n<p>Para mais informa\u00e7\u00f5es, acesse a <a href=\"http:\/\/www.cursoformasb.com.br\/\">p\u00e1gina do curso<\/a>.<\/p>\n<\/div><\/div><\/div><div class=\"ea-card  sp-ea-single\"><h3 class=\"ea-header\"><a class=\"collapsed\" data-sptoggle=\"spcollapse\" data-sptarget=#collapse121475 href=\"javascript:void(0)\"  aria-expanded=\"false\"><i class=\"ea-expand-icon fa fa-plus\"><\/i> PAR Digital <\/a><\/h3><div class=\"sp-collapse spcollapse \" id=\"collapse121475\" data-parent=#sp-ea-12147><div class=\"ea-body\"><p>Curso de extens\u00e3o da Faculdade de Educa\u00e7\u00e3o da UFMG em conjunto com entidades parceiras voltado para a qualifica\u00e7\u00e3o de professores para a utiliza\u00e7\u00e3o do software PAR Digital, que tem como objetivo principal auxiliar os docentes da Educa\u00e7\u00e3o B\u00e1sica no registro da evolu\u00e7\u00e3o dos estudantes com defici\u00eancia no ambiente escolar.<\/p>\n<p>Para mais informa\u00e7\u00f5es, acesse a <a href=\"https:\/\/lappeei.fae.ufmg.br\/projeto-par-digital\/\">p\u00e1gina do curso<\/a>.<\/p>\n<\/div><\/div><\/div><div class=\"ea-card  sp-ea-single\"><h3 class=\"ea-header\"><a class=\"collapsed\" data-sptoggle=\"spcollapse\" data-sptarget=#collapse121476 href=\"javascript:void(0)\"  aria-expanded=\"false\"><i class=\"ea-expand-icon fa fa-plus\"><\/i> Transtornos do Espectro do Autismo: Recursos para Inclus\u00e3o Escolar<\/a><\/h3><div class=\"sp-collapse spcollapse \" id=\"collapse121476\" data-parent=#sp-ea-12147><div class=\"ea-body\"><p>Curso de extens\u00e3o da Faculdade de Educa\u00e7\u00e3o da UFMG em conjunto com entidades parceiras, destinado a capacitar professores e demais interessados acerca dos Transtornos do Espectro do Autismo (TEA), bem como ofertar alguns recursos pr\u00e1ticos para facilitar o aprendizado de crian\u00e7as com TEA no contexto da sala de aula.<\/p>\n<p>&nbsp;<\/p>\n<\/div><\/div><\/div><div class=\"ea-card  sp-ea-single\"><h3 class=\"ea-header\"><a class=\"collapsed\" data-sptoggle=\"spcollapse\" data-sptarget=#collapse121477 href=\"javascript:void(0)\"  aria-expanded=\"false\"><i class=\"ea-expand-icon fa fa-plus\"><\/i> Curso de Forma\u00e7\u00e3o sobre Educa\u00e7\u00e3o Especial e Inclus\u00e3o Escolar<\/a><\/h3><div class=\"sp-collapse spcollapse \" id=\"collapse121477\" data-parent=#sp-ea-12147><div class=\"ea-body\"><p>Curso da Faculdade de Educa\u00e7\u00e3o da UFMG, destinado a professores que atuam nas redes de ensino de Belo Horizonte, com o objetivo de estimular discuss\u00e3o sobre Educa\u00e7\u00e3o Especial, fomentando a reflex\u00e3o sobre os desafios da atualidade para a inclus\u00e3o escolar de estudantes com necessidades especiais, al\u00e9m dos poss\u00edveis caminhos que podem contribuir com a atua\u00e7\u00e3o docente e o aumento da participa\u00e7\u00e3o desses estudantes nas aulas da classe comum.<\/p>\n<\/div><\/div><\/div><div class=\"ea-card  sp-ea-single\"><h3 class=\"ea-header\"><a class=\"collapsed\" data-sptoggle=\"spcollapse\" data-sptarget=#collapse121478 href=\"javascript:void(0)\"  aria-expanded=\"false\"><i class=\"ea-expand-icon fa fa-plus\"><\/i> Curso Forma\u00e7\u00e3o em Sa\u00fade Bucal: Processo de trabalho e Implementa\u00e7\u00e3o Municipal da Pol\u00edtica Nacional de Sa\u00fade Bucal<\/a><\/h3><div class=\"sp-collapse spcollapse \" id=\"collapse121478\" data-parent=#sp-ea-12147><div class=\"ea-body\"><p style=\"text-align: justify; background: white; margin: 0cm 0cm 15.0pt 0cm;\"><span style=\"font-family: georgia, palatino, serif; color: black;\">Curso da Faculdade de Odontologia da UFMG, ofertado em parceria com a Coordena\u00e7\u00e3o Geral de Sa\u00fade Bucal (CGSB\/MS), destinado a promover a reflex\u00e3o e discuss\u00e3o sobre o processo de trabalho em sa\u00fade bucal na aten\u00e7\u00e3o prim\u00e1ria e qualificar a implementa\u00e7\u00e3o das diretrizes da Pol\u00edtica Nacional de Sa\u00fade Bucal no \u00e2mbito dos munic\u00edpios participantes.<\/span><\/p>\n<p><span style=\"font-family: georgia, palatino, serif;\">Para mais informa\u00e7\u00f5es, acesse <a href=\"https:\/\/www.cursoformasb.com.br\/portal\">a p\u00e1gina do curso<\/a>.<\/span><\/p>\n<\/div><\/div><\/div><div class=\"ea-card  sp-ea-single\"><h3 class=\"ea-header\"><a class=\"collapsed\" data-sptoggle=\"spcollapse\" data-sptarget=#collapse121479 href=\"javascript:void(0)\"  aria-expanded=\"false\"><i class=\"ea-expand-icon fa fa-plus\"><\/i> Curso de P\u00f3s-Gradua\u00e7\u00e3o Lato Sensu de Fisioterapia em Ortopedia e Trauma<\/a><\/h3><div class=\"sp-collapse spcollapse \" id=\"collapse121479\" data-parent=#sp-ea-12147><div class=\"ea-body\"><p>O curso, oferecido pela Escola de Educa\u00e7\u00e3o F\u00edsica, Fisioterapia e Terapia Ocupacional (EEFFTO\/UFMG) com apoio da DEDD\/UFMG, visa oferecer forma\u00e7\u00e3o continuada em Fisioterapia, aprofundando a qualifica\u00e7\u00e3o dos profissionais de fisioterapia para atuarem de modo mais efetivo na \u00e1rea de Fisioterapia em Ortopedia e Trauma.<\/p>\n<p>A forma\u00e7\u00e3o \u00e9 coordenada pelo<a href=\"https:\/\/somos.ufmg.br\/professor\/renan-alves-resende\"> prof. Renan Alves Resende<\/a>, do Departamento de Fisioterapia da EEFFTO, e tem oferta prevista para o segundo semestre de 2026.<\/p>\n<\/div><\/div><\/div><\/div>\n","protected":false},"excerpt":{"rendered":"","protected":false},"author":5,"featured_media":0,"parent":0,"menu_order":0,"comment_status":"closed","ping_status":"closed","template":"","meta":[],"categories":[],"tags":[],"acf":[],"_links":{"self":[{"href":"https:\/\/www.ufmg.br\/dedd\/wp-json\/wp\/v2\/pages\/12146"}],"collection":[{"href":"https:\/\/www.ufmg.br\/dedd\/wp-json\/wp\/v2\/pages"}],"about":[{"href":"https:\/\/www.ufmg.br\/dedd\/wp-json\/wp\/v2\/types\/page"}],"author":[{"embeddable":true,"href":"https:\/\/www.ufmg.br\/dedd\/wp-json\/wp\/v2\/users\/5"}],"replies":[{"embeddable":true,"href":"https:\/\/www.ufmg.br\/dedd\/wp-json\/wp\/v2\/comments?post=12146"}],"version-history":[{"count":2,"href":"https:\/\/www.ufmg.br\/dedd\/wp-json\/wp\/v2\/pages\/12146\/revisions"}],"predecessor-version":[{"id":14651,"href":"https:\/\/www.ufmg.br\/dedd\/wp-json\/wp\/v2\/pages\/12146\/revisions\/14651"}],"wp:attachment":[{"href":"https:\/\/www.ufmg.br\/dedd\/wp-json\/wp\/v2\/media?parent=12146"}],"wp:term":[{"taxonomy":"category","embeddable":true,"href":"https:\/\/www.ufmg.br\/dedd\/wp-json\/wp\/v2\/categories?post=12146"},{"taxonomy":"post_tag","embeddable":true,"href":"https:\/\/www.ufmg.br\/dedd\/wp-json\/wp\/v2\/tags?post=12146"}],"curies":[{"name":"wp","href":"https:\/\/api.w.org\/{rel}","templated":true}]}}