{"id":12151,"date":"2024-06-28T15:01:34","date_gmt":"2024-06-28T18:01:34","guid":{"rendered":"https:\/\/www.ufmg.br\/dedd\/?page_id=12151"},"modified":"2024-07-12T15:32:39","modified_gmt":"2024-07-12T18:32:39","slug":"ed01","status":"publish","type":"page","link":"https:\/\/www.ufmg.br\/dedd\/ed01\/","title":{"rendered":"Edital 1272\/2024 &#8211; Sele\u00e7\u00e3o para estagi\u00e1rio do Curso de Especializa\u00e7\u00e3o em Educa\u00e7\u00e3o em Ci\u00eancias (CECI)"},"content":{"rendered":"<p><a href=\"https:\/\/gpi.caed.ufmg.br\/index.php\/235482?lang=pt-BR\" target=\"_blank\" rel=\"noopener\">Formul\u00e1rio para recurso<\/a> (publicado em 12\/07\/2024)<\/p>\n<p><a href=\"https:\/\/www.ufmg.br\/dedd\/wp-content\/uploads\/2024\/07\/SEI_3372654_Comunicado_5.pdf\" target=\"_blank\" rel=\"noopener\">Resultado final do Edital 1272\/2024<\/a> (publicado em 12\/07\/2024)<\/p>\n<p><a href=\"https:\/\/www.ufmg.br\/dedd\/wp-content\/uploads\/2024\/07\/SEI_3364802_Comunicado_4.pdf\" target=\"_blank\" rel=\"noopener\">Resultado Etapa I<\/a> (publicado em 10\/07\/2024)<\/p>\n<p><a href=\"https:\/\/gpi.caed.ufmg.br\/index.php\/347557?lang=pt-BR\" target=\"_blank\" rel=\"external noopener\">Formul\u00e1rio para inscri\u00e7\u00f5es<\/a> (dispon\u00edvel de 02\/07\/2024 at\u00e9 as 17h do dia 05\/07\/2024)<\/p>\n<p><a href=\"https:\/\/www.ufmg.br\/dedd\/wp-content\/uploads\/2024\/07\/Edital_1272-CECI-2024.pdf\">Edital 1272\/2024 \u2014 Sele\u00e7\u00e3o para estagi\u00e1rio do Curso de Especializa\u00e7\u00e3o em Educa\u00e7\u00e3o em Ci\u00eancias (CECI)<\/a> (publicado em 01\/07\/2024)<\/p>\n","protected":false},"excerpt":{"rendered":"<p>Formul\u00e1rio para recurso (publicado em 12\/07\/2024) Resultado final do Edital [&hellip;]<\/p>\n","protected":false},"author":7,"featured_media":0,"parent":0,"menu_order":0,"comment_status":"closed","ping_status":"closed","template":"","meta":[],"categories":[209,211],"tags":[],"acf":[],"_links":{"self":[{"href":"https:\/\/www.ufmg.br\/dedd\/wp-json\/wp\/v2\/pages\/12151"}],"collection":[{"href":"https:\/\/www.ufmg.br\/dedd\/wp-json\/wp\/v2\/pages"}],"about":[{"href":"https:\/\/www.ufmg.br\/dedd\/wp-json\/wp\/v2\/types\/page"}],"author":[{"embeddable":true,"href":"https:\/\/www.ufmg.br\/dedd\/wp-json\/wp\/v2\/users\/7"}],"replies":[{"embeddable":true,"href":"https:\/\/www.ufmg.br\/dedd\/wp-json\/wp\/v2\/comments?post=12151"}],"version-history":[{"count":8,"href":"https:\/\/www.ufmg.br\/dedd\/wp-json\/wp\/v2\/pages\/12151\/revisions"}],"predecessor-version":[{"id":12230,"href":"https:\/\/www.ufmg.br\/dedd\/wp-json\/wp\/v2\/pages\/12151\/revisions\/12230"}],"wp:attachment":[{"href":"https:\/\/www.ufmg.br\/dedd\/wp-json\/wp\/v2\/media?parent=12151"}],"wp:term":[{"taxonomy":"category","embeddable":true,"href":"https:\/\/www.ufmg.br\/dedd\/wp-json\/wp\/v2\/categories?post=12151"},{"taxonomy":"post_tag","embeddable":true,"href":"https:\/\/www.ufmg.br\/dedd\/wp-json\/wp\/v2\/tags?post=12151"}],"curies":[{"name":"wp","href":"https:\/\/api.w.org\/{rel}","templated":true}]}}