{"id":12231,"date":"2024-07-12T15:50:16","date_gmt":"2024-07-12T18:50:16","guid":{"rendered":"https:\/\/www.ufmg.br\/dedd\/?page_id=12231"},"modified":"2024-08-21T09:49:50","modified_gmt":"2024-08-21T12:49:50","slug":"edital-42-2024-selecao-de-estagiario","status":"publish","type":"page","link":"https:\/\/www.ufmg.br\/dedd\/edital-42-2024-selecao-de-estagiario\/","title":{"rendered":"Edital 42\/2024 &#8211; Sele\u00e7\u00e3o de Estagi\u00e1rio"},"content":{"rendered":"<p><a href=\"https:\/\/www.ufmg.br\/dedd\/wp-content\/uploads\/2024\/08\/Edital-042-2024-Resultado-final.pdf\">Resultado final<\/a> (publicado em 21\/08\/2024)<\/p>\n<p><a href=\"https:\/\/www.ufmg.br\/dedd\/wp-content\/uploads\/2024\/08\/SEI_3465354_Comunicado_10.pdf\" target=\"_blank\" rel=\"noopener\">Resultado Preliminar &#8211; Edital 42\/2024 &#8211; Sele\u00e7\u00e3o de Estagi\u00e1rio Audiovisual<\/a> (publicado em 14\/08\/2024)<\/p>\n<p><a href=\"https:\/\/www.ufmg.br\/dedd\/wp-content\/uploads\/2024\/08\/Edital-042-2024-Resultado-de-prova-escrita.pdf\">Resultado da prova escrita e convoca\u00e7\u00e3o para entrevistas\u00a0<\/a>(publicado em 12\/08\/2024)<\/p>\n<p><a href=\"https:\/\/www.ufmg.br\/dedd\/wp-content\/uploads\/2024\/08\/Audiovisual-Convocacao-Prova.pdf\">Convoca\u00e7\u00e3o e orienta\u00e7\u00f5es para prova escrita<\/a> (publicado em 08\/08\/2024)<\/p>\n<p><a href=\"https:\/\/www.ufmg.br\/dedd\/wp-content\/uploads\/2024\/07\/SEI_3423096_Comunicado_7.pdf\" target=\"_blank\" rel=\"noopener\">Retifica\u00e7\u00e3o Cronograma Edital 42\/2024 &#8211; Sele\u00e7\u00e3o de Estagi\u00e1rio Audiovisual<\/a> (publicado em 31\/07\/2024)<\/p>\n<table style=\"border-collapse: collapse; width: 99.8543%; height: 144px;\">\n<tbody>\n<tr style=\"height: 24px;\">\n<td style=\"width: 30.3439%; height: 24px;\"><strong>ETAPA DO PROCESSO<\/strong><\/td>\n<td style=\"width: 69.5104%; height: 24px;\">HOR\u00c1RIO E DATA<\/td>\n<\/tr>\n<tr style=\"height: 24px;\">\n<td style=\"width: 30.3439%; height: 24px;\">Per\u00edodo de inscri\u00e7\u00e3o<\/td>\n<td style=\"width: 69.5104%; height: 24px;\"><strong>24\/07\/2024 (a partir das 8h) a 07\/08\/2024 (at\u00e9 \u00e0s 17h)<\/strong><\/td>\n<\/tr>\n<tr style=\"height: 24px;\">\n<td style=\"width: 30.3439%; height: 24px;\">1\u00aa Etapa: Prova Escrita<\/td>\n<td style=\"width: 69.5104%; height: 24px;\"><strong>09\/08\/2024 (14h)<\/strong><\/td>\n<\/tr>\n<tr style=\"height: 24px;\">\n<td style=\"width: 30.3439%; height: 24px;\">2\u00aa Etapa: Entrevista<\/td>\n<td style=\"width: 69.5104%; height: 24px;\"><strong>13\/08\/2024 (no per\u00edodo da tarde)<\/strong><\/td>\n<\/tr>\n<tr style=\"height: 24px;\">\n<td style=\"width: 30.3439%; height: 24px;\">Resultado preliminar do processo de sele\u00e7\u00e3o<\/td>\n<td style=\"width: 69.5104%; height: 24px;\"><strong>14\/08\/2024 (at\u00e9 \u00e0s 17h)<\/strong><\/td>\n<\/tr>\n<tr style=\"height: 24px;\">\n<td style=\"width: 30.3439%; height: 24px;\">Resultado final (ap\u00f3s recurso) do processo de sele\u00e7\u00e3o<\/td>\n<td style=\"width: 69.5104%; height: 24px;\"><strong>20\/08\/2024 (at\u00e9 \u00e0s 17h)<\/strong><\/td>\n<\/tr>\n<\/tbody>\n<\/table>\n<p><a href=\"https:\/\/www.ufmg.br\/dedd\/wp-content\/uploads\/2024\/07\/SEI_3410806_Comunicado_6.pdf\" target=\"_blank\" rel=\"noopener\">Errata Edital 42\/2024 &#8211; Sele\u00e7\u00e3o de Estagi\u00e1rio Audiovisual<\/a> (publicado em 26\/07\/2024)<\/p>\n<p><a href=\"https:\/\/www.ufmg.br\/dedd\/wp-content\/uploads\/2024\/07\/SEI_3333717_Edital_de_Processo_Seletivo_Estagio_SIGEPE_42-1.pdf\" target=\"_blank\" rel=\"noopener\">Edital 42\/2024 &#8211; Sele\u00e7\u00e3o de Estagi\u00e1rio Audiovisual<\/a> (publicado em 19\/07\/2024)<\/p>\n<table style=\"border-collapse: collapse; width: 100%;\">\n<tbody>\n<tr>\n<td style=\"width: 33.3333%;\"><strong>Anexo III &#8211; Ficha de inscri\u00e7\u00e3o<\/strong><\/td>\n<td style=\"width: 33.3333%;\"><a href=\"https:\/\/www.ufmg.br\/dedd\/wp-content\/uploads\/2024\/07\/ANEXO-III-fichadeinscricao.docx\" target=\"_blank\" rel=\"noopener\">Modelo de Formul\u00e1rio<\/a><\/td>\n<td style=\"width: 33.3333%;\">Link da inscri\u00e7\u00e3o: <a title=\"https:\/\/forms.gle\/2fjXM16aRDmcvBVR8\" href=\"https:\/\/forms.gle\/2fjXM16aRDmcvBVR8\" target=\"_blank\" rel=\"noopener\">https:\/\/forms.gle\/2fjXM16aRDmcvBVR8<\/a>\u00a0 (dispon\u00edvel em 24\/07\/2024 a partir das 8h)<\/td>\n<\/tr>\n<tr>\n<td style=\"width: 33.3333%;\"><strong>Anexo IV &#8211; Autodeclara\u00e7\u00e3o \u00e9tnico-racial<\/strong><\/td>\n<td style=\"width: 33.3333%;\"><a href=\"https:\/\/www.ufmg.br\/dedd\/wp-content\/uploads\/2024\/07\/ANEXO-IV-declaracao-etnico-racial.docx\" target=\"_blank\" rel=\"noopener\">Modelo de Autodeclara\u00e7\u00e3o<\/a><\/td>\n<td style=\"width: 33.3333%;\">Link do formul\u00e1rio:\u00a0<a title=\"https:\/\/forms.gle\/VviyscvVh21eqjmo7\" href=\"https:\/\/forms.gle\/VviyscvVh21eqjmo7\" target=\"_blank\" rel=\"noopener\">https:\/\/forms.gle\/VviyscvVh21eqjmo7<\/a>\u00a0 (dispon\u00edvel em 24\/07\/2024 a partir das 8h)<\/td>\n<\/tr>\n<tr>\n<td style=\"width: 33.3333%;\"><strong>Anexo V &#8211; Autodeclara\u00e7\u00e3o de pessoa com defici\u00eancia<\/strong><\/td>\n<td style=\"width: 33.3333%;\"><a href=\"https:\/\/www.ufmg.br\/dedd\/wp-content\/uploads\/2024\/07\/ANEXO-V-Pessoa-com-deficiencia.docx\" target=\"_blank\" rel=\"noopener\">Modelo de Autodeclara\u00e7\u00e3o\u00a0<\/a><\/td>\n<td style=\"width: 33.3333%;\">Link do formul\u00e1rio:\u00a0<a title=\"https:\/\/forms.gle\/Bqr8dPjcd6gdYxCc7\" href=\"https:\/\/forms.gle\/Bqr8dPjcd6gdYxCc7\" target=\"_blank\" rel=\"noopener\">https:\/\/forms.gle\/Bqr8dPjcd6gdYxCc7<\/a>\u00a0 (dispon\u00edvel em 24\/07\/2024 a partir das 8h)<\/td>\n<\/tr>\n<tr>\n<td style=\"width: 33.3333%;\"><strong>Anexo VI &#8211; Pedido de recurso<\/strong><\/td>\n<td style=\"width: 33.3333%;\"><a href=\"https:\/\/www.ufmg.br\/dedd\/wp-content\/uploads\/2024\/07\/ANEXO-VI-pedido-de-recurso.docx\" target=\"_blank\" rel=\"noopener\">Modelo de recurso<\/a><\/td>\n<td style=\"width: 33.3333%;\">Link do formul\u00e1rio:\u00a0<a title=\"https:\/\/forms.gle\/VmC59k8fkrPYVKpV7\" href=\"https:\/\/forms.gle\/VmC59k8fkrPYVKpV7\" target=\"_blank\" rel=\"noopener\">https:\/\/forms.gle\/VmC59k8fkrPYVKpV7<\/a>\u00a0 (dispon\u00edvel ap\u00f3s resultado preliminar)<\/td>\n<\/tr>\n<\/tbody>\n<\/table>\n<div><\/div>\n<div>\n<div><\/div>\n<\/div>\n<div><\/div>\n<div><\/div>\n<p>&nbsp;<\/p>\n<div><\/div>\n<div><\/div>\n<div><\/div>\n<p>&nbsp;<\/p>\n<div><\/div>\n<div><\/div>\n<div><\/div>\n<p>&nbsp;<\/p>\n<div><\/div>\n<p>&nbsp;<\/p>\n","protected":false},"excerpt":{"rendered":"<p>Resultado final (publicado em 21\/08\/2024) Resultado Preliminar &#8211; Edital 42\/2024 [&hellip;]<\/p>\n","protected":false},"author":8,"featured_media":0,"parent":0,"menu_order":0,"comment_status":"closed","ping_status":"closed","template":"","meta":[],"categories":[209,211],"tags":[],"acf":[],"_links":{"self":[{"href":"https:\/\/www.ufmg.br\/dedd\/wp-json\/wp\/v2\/pages\/12231"}],"collection":[{"href":"https:\/\/www.ufmg.br\/dedd\/wp-json\/wp\/v2\/pages"}],"about":[{"href":"https:\/\/www.ufmg.br\/dedd\/wp-json\/wp\/v2\/types\/page"}],"author":[{"embeddable":true,"href":"https:\/\/www.ufmg.br\/dedd\/wp-json\/wp\/v2\/users\/8"}],"replies":[{"embeddable":true,"href":"https:\/\/www.ufmg.br\/dedd\/wp-json\/wp\/v2\/comments?post=12231"}],"version-history":[{"count":21,"href":"https:\/\/www.ufmg.br\/dedd\/wp-json\/wp\/v2\/pages\/12231\/revisions"}],"predecessor-version":[{"id":12369,"href":"https:\/\/www.ufmg.br\/dedd\/wp-json\/wp\/v2\/pages\/12231\/revisions\/12369"}],"wp:attachment":[{"href":"https:\/\/www.ufmg.br\/dedd\/wp-json\/wp\/v2\/media?parent=12231"}],"wp:term":[{"taxonomy":"category","embeddable":true,"href":"https:\/\/www.ufmg.br\/dedd\/wp-json\/wp\/v2\/categories?post=12231"},{"taxonomy":"post_tag","embeddable":true,"href":"https:\/\/www.ufmg.br\/dedd\/wp-json\/wp\/v2\/tags?post=12231"}],"curies":[{"name":"wp","href":"https:\/\/api.w.org\/{rel}","templated":true}]}}