{"id":12328,"date":"2024-08-14T16:55:04","date_gmt":"2024-08-14T19:55:04","guid":{"rendered":"https:\/\/www.ufmg.br\/dedd\/?page_id=12328"},"modified":"2024-09-17T12:10:31","modified_gmt":"2024-09-17T15:10:31","slug":"edital-1656-2024-selecao-para-estagiario-para-atuacao-na-especializacao-em-soldagem","status":"publish","type":"page","link":"https:\/\/www.ufmg.br\/dedd\/edital-1656-2024-selecao-para-estagiario-para-atuacao-na-especializacao-em-soldagem\/","title":{"rendered":"Edital 1656\/2024 &#8212; Sele\u00e7\u00e3o para estagi\u00e1rio para atua\u00e7\u00e3o na especializa\u00e7\u00e3o em Soldagem"},"content":{"rendered":"<p><a href=\"https:\/\/www.ufmg.br\/dedd\/wp-content\/uploads\/2024\/09\/Edital-1656-2024-Resultado-final.pdf\">Resultado final<\/a> (publicado em 17\/09\/2024)<\/p>\n<p><a href=\"https:\/\/www.ufmg.br\/dedd\/wp-content\/uploads\/2024\/09\/Edital-1656-2024-Resposta-aos-recursos-ao-resultado-provisorio.pdf\">Resposta aos recursos ao resultado provis\u00f3rio<\/a> (publicado em 17\/09\/2024)<\/p>\n<p><a href=\"https:\/\/www.ufmg.br\/dedd\/wp-content\/uploads\/2024\/09\/SEI_3543077_Comunicado_16.pdf\" target=\"_blank\" rel=\"noopener\">Resultado provis\u00f3rio &#8211; Edital 1656\/2024<\/a> (publicado em 11\/09\/2024)<\/p>\n<p><a href=\"https:\/\/www.ufmg.br\/dedd\/wp-content\/uploads\/2024\/09\/SEI_3522190_Comunicado_14.pdf\" target=\"_blank\" rel=\"noopener\">Resultado da primeira etapa &#8211; Edital 1656\/2024<\/a> (publicado em 04\/09\/2024)<\/p>\n<p><a href=\"https:\/\/www.ufmg.br\/dedd\/wp-content\/uploads\/2024\/09\/SEI_3522303_Comunicado_15.pdf\" target=\"_blank\" rel=\"noopener\">Convoca\u00e7\u00e3o para entrevistas &#8211; Edital 1656\/2024<\/a> (publicada em 04\/09\/2024)<\/p>\n<p><a href=\"https:\/\/www.ufmg.br\/dedd\/wp-content\/uploads\/2024\/08\/SEI_3501815_Comunicado_13.pdf\" target=\"_blank\" rel=\"noopener\">Retifica\u00e7\u00e3o Edital 1656\/2024 &#8211;\u00a0 Sele\u00e7\u00e3o estagi\u00e1rios especializa\u00e7\u00e3o em Soldagem<\/a> (publicada em 28\/08\/2024)<\/p>\n<p><a href=\"https:\/\/www.ufmg.br\/dedd\/wp-content\/uploads\/2024\/08\/Edital-1656-2024-Portaria-de-Comissao.pdf\">Portaria de comiss\u00e3o respons\u00e1vel pelo processo seletivo<\/a> (publicada em 19\/08\/2024)<\/p>\n<p><a href=\"https:\/\/www.ufmg.br\/dedd\/wp-content\/uploads\/2024\/08\/Edital-1656-2024-Edital-1.pdf\">Edital 1656\/2024 &#8212; Sele\u00e7\u00e3o para estagi\u00e1rio para atua\u00e7\u00e3o na especializa\u00e7\u00e3o em Soldagem<\/a> (publicado em 19\/08\/2024)<\/p>\n<table style=\"width: 85.1645%;\">\n<tbody>\n<tr>\n<td style=\"width: 437px;\"><strong>Formul\u00e1rio de inscri\u00e7\u00e3o<\/strong><\/td>\n<td style=\"width: 744px;\"><a href=\"https:\/\/gpi.caed.ufmg.br\/index.php\/851156?newtest=Y&amp;lang=pt-BR\">Link da inscri\u00e7\u00e3o<\/a> (dispon\u00edvel em 20\/08\/2024 at\u00e9 \u00e0s 17hrs do dia 02\/09\/2024)<\/td>\n<\/tr>\n<tr>\n<td style=\"width: 437px;\"><strong>Formul\u00e1rio de Recursos &#8211; Primeira Etapa<\/strong><\/td>\n<td style=\"width: 744px;\"><a href=\"https:\/\/gpi.caed.ufmg.br\/index.php\/354712?newtest=Y&amp;lang=pt-BR\">Link do formul\u00e1rio<\/a> (dispon\u00edvel em 05\/09\/2024 at\u00e9 \u00e0s 23hrs do dia 06\/09\/2024)<\/td>\n<\/tr>\n<tr>\n<td style=\"width: 437px;\"><strong>Formul\u00e1rio de Recursos &#8211; Segunda Etapa<\/strong><\/td>\n<td style=\"width: 744px;\"><a href=\"https:\/\/gpi.caed.ufmg.br\/index.php\/771943?newtest=Y&amp;lang=pt-BR\">Link do formul\u00e1rio<\/a> (dispon\u00edvel em 13\/09\/2024 at\u00e9 \u00e0s 23hrs do dia 16\/09\/2024)<\/td>\n<\/tr>\n<\/tbody>\n<\/table>\n","protected":false},"excerpt":{"rendered":"<p>Resultado final (publicado em 17\/09\/2024) Resposta aos recursos ao resultado [&hellip;]<\/p>\n","protected":false},"author":8,"featured_media":0,"parent":0,"menu_order":0,"comment_status":"closed","ping_status":"closed","template":"","meta":[],"categories":[],"tags":[],"acf":[],"_links":{"self":[{"href":"https:\/\/www.ufmg.br\/dedd\/wp-json\/wp\/v2\/pages\/12328"}],"collection":[{"href":"https:\/\/www.ufmg.br\/dedd\/wp-json\/wp\/v2\/pages"}],"about":[{"href":"https:\/\/www.ufmg.br\/dedd\/wp-json\/wp\/v2\/types\/page"}],"author":[{"embeddable":true,"href":"https:\/\/www.ufmg.br\/dedd\/wp-json\/wp\/v2\/users\/8"}],"replies":[{"embeddable":true,"href":"https:\/\/www.ufmg.br\/dedd\/wp-json\/wp\/v2\/comments?post=12328"}],"version-history":[{"count":13,"href":"https:\/\/www.ufmg.br\/dedd\/wp-json\/wp\/v2\/pages\/12328\/revisions"}],"predecessor-version":[{"id":12423,"href":"https:\/\/www.ufmg.br\/dedd\/wp-json\/wp\/v2\/pages\/12328\/revisions\/12423"}],"wp:attachment":[{"href":"https:\/\/www.ufmg.br\/dedd\/wp-json\/wp\/v2\/media?parent=12328"}],"wp:term":[{"taxonomy":"category","embeddable":true,"href":"https:\/\/www.ufmg.br\/dedd\/wp-json\/wp\/v2\/categories?post=12328"},{"taxonomy":"post_tag","embeddable":true,"href":"https:\/\/www.ufmg.br\/dedd\/wp-json\/wp\/v2\/tags?post=12328"}],"curies":[{"name":"wp","href":"https:\/\/api.w.org\/{rel}","templated":true}]}}