{"id":12505,"date":"2024-10-25T13:21:48","date_gmt":"2024-10-25T16:21:48","guid":{"rendered":"https:\/\/www.ufmg.br\/dedd\/?page_id=12505"},"modified":"2024-12-05T14:47:31","modified_gmt":"2024-12-05T17:47:31","slug":"edital-2339-2024-selecao-para-concessao-de-afastamento-para-participacao-em-programa-de-pos-graduacao-stricto-sensu-e-acoes-de-desenvolvimento","status":"publish","type":"page","link":"https:\/\/www.ufmg.br\/dedd\/edital-2339-2024-selecao-para-concessao-de-afastamento-para-participacao-em-programa-de-pos-graduacao-stricto-sensu-e-acoes-de-desenvolvimento\/","title":{"rendered":"Edital 2358\/2024 &#8212; Sele\u00e7\u00e3o para concess\u00e3o de afastamento para participa\u00e7\u00e3o em programa de p\u00f3s-gradua\u00e7\u00e3o stricto sensu e a\u00e7\u00f5es de desenvolvimento"},"content":{"rendered":"<p><a href=\"https:\/\/www.ufmg.br\/dedd\/wp-content\/uploads\/2024\/10\/Edital-2358-2024-Selecao-para-afastamento-para-participacao-em-programas-de-pos-graduacao-stricto-sensu-e-acoes-de-desenvolvimento.pdf\">Edital 2358\/2024 &#8212; Sele\u00e7\u00e3o para afastamento para participa\u00e7\u00e3o em programas de p\u00f3s-gradua\u00e7\u00e3o stricto sensu e a\u00e7\u00f5es de desenvolvimento<\/a> (publicado em 25\/10\/2024)<\/p>\n<p><a href=\"https:\/\/www.ufmg.br\/dedd\/wp-content\/uploads\/2024\/10\/Portaria-9161-2024-Designa-membros-para-Conselho-Consultivo-da-Dedd-UFMG.pdf\">Portaria 9681\/2024 &#8212; Portaria de designa\u00e7\u00e3o de membros da comiss\u00e3o respons\u00e1vel pelo processo seletivo<\/a>\u00a0 (publicado em 25\/10\/2024)<\/p>\n<p><a href=\"https:\/\/www.ufmg.br\/dedd\/wp-content\/uploads\/2024\/10\/Resolucao-Complementar-no-01_2023-PD-Servidores-Tecnicos.pdf\">Resolu\u00e7\u00e3o Complementar 01\/2023 &#8212; Estabelece a Pol\u00edtica de Desenvolvimento dos Servidores T\u00e9cnico- Administrativos em Educa\u00e7\u00e3o da Universidade Federal de Minas Gerais<\/a> (publicado em 25\/10\/2024)<\/p>\n<p><a href=\"https:\/\/www.ufmg.br\/dedd\/wp-content\/uploads\/2024\/11\/Edital-2358-2024-Relacao-de-inscritos.pdf\">Rela\u00e7\u00e3o de inscritos<\/a> (publicada em 14\/11\/2024)<\/p>\n<p><a href=\"https:\/\/www.ufmg.br\/dedd\/wp-content\/uploads\/2024\/11\/SEI_3753591_Comunicado_25.pdf\" target=\"_blank\" rel=\"noopener\">Rela\u00e7\u00e3o de Inscri\u00e7\u00f5es deferidas<\/a> (publicada em 22\/11\/2024)<\/p>\n<p><a href=\"https:\/\/www.ufmg.br\/dedd\/wp-content\/uploads\/2024\/11\/SEI_3772981_Comunicado_26.pdf\" target=\"_blank\" rel=\"noopener\">Resultado Afastamento 2025<\/a> (publicado em 29\/11\/2024)<\/p>\n<p><a href=\"https:\/\/www.ufmg.br\/dedd\/wp-content\/uploads\/2024\/12\/SEI_3795366_Comunicado_27.pdf\" target=\"_blank\" rel=\"noopener\">Resultado final afastamentos 2025<\/a> (publicado em 05\/12\/2024)<\/p>\n","protected":false},"excerpt":{"rendered":"<p>Edital 2358\/2024 &#8212; Sele\u00e7\u00e3o para afastamento para participa\u00e7\u00e3o em programas [&hellip;]<\/p>\n","protected":false},"author":5,"featured_media":0,"parent":0,"menu_order":0,"comment_status":"closed","ping_status":"closed","template":"","meta":[],"categories":[],"tags":[],"acf":[],"_links":{"self":[{"href":"https:\/\/www.ufmg.br\/dedd\/wp-json\/wp\/v2\/pages\/12505"}],"collection":[{"href":"https:\/\/www.ufmg.br\/dedd\/wp-json\/wp\/v2\/pages"}],"about":[{"href":"https:\/\/www.ufmg.br\/dedd\/wp-json\/wp\/v2\/types\/page"}],"author":[{"embeddable":true,"href":"https:\/\/www.ufmg.br\/dedd\/wp-json\/wp\/v2\/users\/5"}],"replies":[{"embeddable":true,"href":"https:\/\/www.ufmg.br\/dedd\/wp-json\/wp\/v2\/comments?post=12505"}],"version-history":[{"count":10,"href":"https:\/\/www.ufmg.br\/dedd\/wp-json\/wp\/v2\/pages\/12505\/revisions"}],"predecessor-version":[{"id":12598,"href":"https:\/\/www.ufmg.br\/dedd\/wp-json\/wp\/v2\/pages\/12505\/revisions\/12598"}],"wp:attachment":[{"href":"https:\/\/www.ufmg.br\/dedd\/wp-json\/wp\/v2\/media?parent=12505"}],"wp:term":[{"taxonomy":"category","embeddable":true,"href":"https:\/\/www.ufmg.br\/dedd\/wp-json\/wp\/v2\/categories?post=12505"},{"taxonomy":"post_tag","embeddable":true,"href":"https:\/\/www.ufmg.br\/dedd\/wp-json\/wp\/v2\/tags?post=12505"}],"curies":[{"name":"wp","href":"https:\/\/api.w.org\/{rel}","templated":true}]}}