{"id":12544,"date":"2024-11-27T11:56:11","date_gmt":"2024-11-27T13:56:11","guid":{"rendered":"https:\/\/www.ufmg.br\/dedd\/?page_id=12544"},"modified":"2026-01-16T12:06:58","modified_gmt":"2026-01-16T15:06:58","slug":"cursos-de-verao-do-laboratorio-dedd-formacao-de-professores-para-a-educacao-digital","status":"publish","type":"page","link":"https:\/\/www.ufmg.br\/dedd\/cursos-de-verao-do-laboratorio-dedd-formacao-de-professores-para-a-educacao-digital\/","title":{"rendered":"Cursos de Ver\u00e3o do Laborat\u00f3rio DEDD: Forma\u00e7\u00e3o de Professores para a Educa\u00e7\u00e3o Digital"},"content":{"rendered":"<p><b>Cursos de Ver\u00e3o do Laborat\u00f3rio de Educa\u00e7\u00e3o Digital: Forma\u00e7\u00e3o de Professores<\/b><\/p>\n<p><span style=\"font-weight: 400;\">A Diretoria de Educa\u00e7\u00e3o a Dist\u00e2ncia e Educa\u00e7\u00e3o Digital (DEDD\/UFMG) deu in\u00edcio, em janeiro de 2025, ao projeto\u00a0<\/span><i><span style=\"font-weight: 400;\">Cursos de Ver\u00e3o <\/span><\/i><span style=\"font-weight: 400;\">do Laborat\u00f3rio de Educa\u00e7\u00e3o Digital (LED), uma iniciativa inovadora que busca capacitar professores da UFMG e demais interessados no uso de tecnologias digitais avan\u00e7adas.\u00a0<\/span><\/p>\n<p><span style=\"font-weight: 400;\">O projeto responde \u00e0 crescente demanda por compet\u00eancias digitais na educa\u00e7\u00e3o superior, alinhando-se \u00e0\u00a0<\/span><a href=\"https:\/\/www.planalto.gov.br\/ccivil_03\/_ato2023-2026\/2023\/lei\/l14533.htm\"><b>Pol\u00edtica Nacional de Educa\u00e7\u00e3o Digital<\/b><\/a><span style=\"font-weight: 400;\">\u00a0(PNED). O objetivo central \u00e9 capacitar os participantes a integrarem o letramento digital, a aprendizagem baseada em tecnologias e o pensamento computacional em suas pr\u00e1ticas docentes. Por meio da oferta de cursos pr\u00e1ticos de curta dura\u00e7\u00e3o, buscamos aprimorar o desempenho docente e, consequentemente, impactar positivamente os estudantes.<\/span><\/p>\n<p><span style=\"font-weight: 400;\">Os cursos oferecidos promovem a inova\u00e7\u00e3o, a pesquisa e o desenvolvimento de solu\u00e7\u00f5es inclusivas no campo das Tecnologias da Informa\u00e7\u00e3o e Comunica\u00e7\u00e3o (TICs), consolidando a UFMG como refer\u00eancia em Educa\u00e7\u00e3o Digital.<\/span><\/p>\n<p><b>Estrutura do projeto<\/b><\/p>\n<p><span style=\"font-weight: 400;\">A cada edi\u00e7\u00e3o s\u00e3o ofertados minicursos independentes, cada um com carga hor\u00e1ria total de 15 horas.\u00a0<\/span><\/p>\n<p><span style=\"font-weight: 400;\">As atividades dos cursos s\u00e3o presenciais, desenvolvidas em quatro encontro de 4 horas mais 3 horas de atividades ass\u00edncronas no AVA-Moodle. Os encontros acontecem no LED, que fica na Unidade Administrativa 3, sala 115, Campus Pampulha da UFMG, em Belo Horizonte.<\/span><\/p>\n<p><span style=\"font-weight: 400;\">Cada curso oferece oito vagas, garantindo uma experi\u00eancia mais personalizada e produtiva para os participantes.\u00a0<\/span><\/p>\n<p><b>Compet\u00eancias desenvolvidas<\/b><\/p>\n<p><span style=\"font-weight: 400;\">Os participantes ter\u00e3o a oportunidade de:<\/span><\/p>\n<ul>\n<li style=\"font-weight: 400;\" aria-level=\"1\"><span style=\"font-weight: 400;\">atualizar compet\u00eancias essenciais no uso de recurso digitais<\/span><\/li>\n<li style=\"font-weight: 400;\" aria-level=\"1\"><span style=\"font-weight: 400;\">inovar suas pr\u00e1ticas pedag\u00f3gicas<\/span><\/li>\n<li style=\"font-weight: 400;\" aria-level=\"1\"><span style=\"font-weight: 400;\">atuar como protagonistas na transforma\u00e7\u00e3o da Educa\u00e7\u00e3o Digital<\/span><\/li>\n<\/ul>\n<p>&nbsp;<\/p>\n<p><strong>Resultado\u00a0<\/strong><\/p>\n<p>Confira os resultados das sele\u00e7\u00f5es para os Cursos de Ver\u00e3o do LED\/2026.<\/p>\n<ol>\n<li>Rela\u00e7\u00e3o de selecionados para o Curso <a href=\"https:\/\/www.ufmg.br\/dedd\/wp-content\/uploads\/2026\/01\/Resultado-Cursos-de-Verao-2026-Introducao-a-Logica-de-Programacao.pdf\">&#8220;Introdu\u00e7\u00e3o \u00e0 L\u00f3gica de Programa\u00e7\u00e3o e ao Pensamento Computacional&#8221;<\/a><\/li>\n<li>\u00a0Rela\u00e7\u00e3o de selecionados para o Curso <a href=\"https:\/\/www.ufmg.br\/dedd\/wp-content\/uploads\/2026\/01\/Resultado-Cursos-de-Verao-2026-Inteligencia-Artificial-na-Educacao-Ferramentas-e-Estrategias-para-Professores.pdf\">&#8220;Intelig\u00eancia Artificial na Educa\u00e7\u00e3o: Ferramentas e Estrat\u00e9gias para Professores&#8221;<\/a><\/li>\n<li>Rela\u00e7\u00e3o de selecionados para o Curso<a href=\"https:\/\/www.ufmg.br\/dedd\/wp-content\/uploads\/2026\/01\/Resultado-Cursos-de-Verao-2026-Audiodescricao-em-Sala-de-Aula-na-Perspectiva-do-Desenho-Universal-para-Aprendizagem.pdf\"> &#8220;Audiodescri\u00e7\u00e3o em Sala de Aula na Perspectiva do Desenho Universal para Aprendizagem&#8221;<\/a><\/li>\n<li>Rela\u00e7\u00e3o de selecionados para o Curso <a href=\"https:\/\/www.ufmg.br\/dedd\/wp-content\/uploads\/2026\/01\/Resultado-Cursos-de-Verao-2026-Conectando-Direitos-Inclusao-Cidadania-Digital-e-Relacoes-Etnico-Raciais.pdf\">&#8220;Conectando Direitos: Inclus\u00e3o, Cidadania Digital e Rela\u00e7\u00f5es \u00c9tnico-Raciais\u201d<\/a><\/li>\n<li>Rela\u00e7\u00e3o de selecionados para o Curso <a href=\"https:\/\/www.ufmg.br\/dedd\/wp-content\/uploads\/2026\/01\/Resultado-Cursos-de-Verao-2026-Monte-sua-disciplina-configuracoes-basicas-no-Moodle.pdf\">&#8220;Monte sua disciplina: configura\u00e7\u00f5es b\u00e1sicas no Moodle&#8221;<\/a><\/li>\n<\/ol>\n<p>&nbsp;<\/p>\n<p><b>Conhe\u00e7a os cursos ofertados pelo projeto na edi\u00e7\u00e3o 2026:<\/b><\/p>\n<style>#sp-ea-12548 .spcollapsing { height: 0; overflow: hidden; transition-property: height;transition-duration: 300ms;}#sp-ea-12548.sp-easy-accordion>.sp-ea-single {border: 1px solid #e2e2e2; }#sp-ea-12548.sp-easy-accordion>.sp-ea-single>.ea-header a {color: #444;}#sp-ea-12548.sp-easy-accordion>.sp-ea-single>.sp-collapse>.ea-body {background: #fff; color: #444;}#sp-ea-12548.sp-easy-accordion>.sp-ea-single {background: #eee;}#sp-ea-12548.sp-easy-accordion>.sp-ea-single>.ea-header a .ea-expand-icon.fa { float: left; color: #444;font-size: 16px;}<\/style><div id=\"sp-ea-12548\" class=\"sp-ea-one sp-easy-accordion\" data-ex-icon=\"fa-minus\" data-col-icon=\"fa-plus\"  data-ea-active=\"ea-click\"  data-ea-mode=\"vertical\" data-preloader=\"\" data-scroll-active-item=\"\" data-offset-to-scroll=\"0\"><div class=\"ea-card ea-expand sp-ea-single\"><h3 class=\"ea-header\"><a class=\"collapsed\" data-sptoggle=\"spcollapse\" data-sptarget=#collapse125480 href=\"javascript:void(0)\"  aria-expanded=\"true\"><i class=\"ea-expand-icon fa fa-minus\"><\/i> Introdu\u00e7\u00e3o \u00e0 L\u00f3gica de Programa\u00e7\u00e3o e ao Pensamento Computacional <\/a><\/h3><div class=\"sp-collapse spcollapse collapsed show\" id=\"collapse125480\" data-parent=#sp-ea-12548><div class=\"ea-body\"><p><span style=\"font-weight: 400;\">O curso objetiva apresentar os principais conceitos de programa\u00e7\u00e3o, como abstra\u00e7\u00e3o, pensamento anal\u00edtico, dedu\u00e7\u00e3o l\u00f3gica, entre outros; apresentar os paradigmas e as principais ideias de programa\u00e7\u00e3o, como vari\u00e1veis, loops, atribui\u00e7\u00e3o, condicionais, entre outros e possibilitar ao estudante o contato com as bases do pensamento computacional, para que ele possa se aprofundar na(s) linguagem(s) de seu interesse.<\/span><\/p>\n<p><span style=\"font-weight: 400;\">O curso ser\u00e1 ministrado por Ernane Henrique de Oliveira, Mestre em Educa\u00e7\u00e3o e Doc\u00eancia pela FAE\/UFMG e T\u00e9cnico em Audiovisual da DEDD\/UFMG. (http:\/\/lattes.cnpq.br\/3925430321671251)<\/span><\/p>\n<p><strong>Carga hor\u00e1ria<\/strong>: 15 horas (encontros presenciais + atividades ass\u00edncronas)<\/p>\n<p><strong>Per\u00edodo:\u00a0<\/strong>de 19 a 23\/1, das 14h \u00e0s 17h<\/p>\n<p>Confira<a href=\"https:\/\/www.ufmg.br\/dedd\/wp-content\/uploads\/2026\/01\/Ementa-Ernane.pdf\"> a ementa do curso<\/a>.<\/p>\n<\/div><\/div><\/div><div class=\"ea-card  sp-ea-single\"><h3 class=\"ea-header\"><a class=\"collapsed\" data-sptoggle=\"spcollapse\" data-sptarget=#collapse125481 href=\"javascript:void(0)\"  aria-expanded=\"false\"><i class=\"ea-expand-icon fa fa-plus\"><\/i> Intelig\u00eancia Artificial na Educa\u00e7\u00e3o: Ferramentas e Estrat\u00e9gias para Professores <\/a><\/h3><div class=\"sp-collapse spcollapse \" id=\"collapse125481\" data-parent=#sp-ea-12548><div class=\"ea-body\"><p><span style=\"font-weight: 400;\">O curso abordar\u00e1 a intelig\u00eancia artificial e a sua aplica\u00e7\u00e3o na Educa\u00e7\u00e3o, ferramentas e estrat\u00e9gias para aplica\u00e7\u00f5es em sala de aula.<\/span><\/p>\n<p><span style=\"font-weight: 400;\">A forma\u00e7\u00e3o ser\u00e1 ministrada por Felipe Moreira, Mestre em Inform\u00e1tica pela PUC Minas e Gestor Administrativo do LCC-CENAPAD\/UFMG (<\/span><a href=\"http:\/\/lattes.cnpq.br\/4926043479130073\"><span style=\"font-weight: 400;\">http:\/\/lattes.cnpq.br\/4926043479130073<\/span><\/a><span style=\"font-weight: 400;\">). <\/span><\/p>\n<p><strong>Carga hor\u00e1ria<\/strong>: 15 horas (encontros presenciais + atividades ass\u00edncronas)<\/p>\n<p><strong>Per\u00edodo<\/strong>: de 26 a 30\/1, das 9h \u00e0s 12h<\/p>\n<p>Confira a<a href=\"https:\/\/www.ufmg.br\/dedd\/wp-content\/uploads\/2026\/01\/Ementa-Felipe.pdf\"> ementa do curso<\/a>.<\/p>\n<\/div><\/div><\/div><div class=\"ea-card  sp-ea-single\"><h3 class=\"ea-header\"><a class=\"collapsed\" data-sptoggle=\"spcollapse\" data-sptarget=#collapse125482 href=\"javascript:void(0)\"  aria-expanded=\"false\"><i class=\"ea-expand-icon fa fa-plus\"><\/i>  Audiodescri\u00e7\u00e3o em Sala de Aula na Perspectiva do Desenho Universal para a Aprendizagem<\/a><\/h3><div class=\"sp-collapse spcollapse \" id=\"collapse125482\" data-parent=#sp-ea-12548><div class=\"ea-body\"><p><span style=\"font-weight: 400;\">O curso objetiva apresentar os fundamentos da audiodescri\u00e7\u00e3o como recurso de acessibilidade pedag\u00f3gica e sua articula\u00e7\u00e3o com os princ\u00edpios do Desenho Universal para a Aprendizagem, visando \u00e0 amplia\u00e7\u00e3o do acesso, da participa\u00e7\u00e3o e da aprendizagem de estudantes com e sem defici\u00eancia no contexto da sala de aula.<\/span><\/p>\n<p><span style=\"font-weight: 400;\">A capacita\u00e7\u00e3o ser\u00e1 ministrada por Ana Carolina Correa Almeida, Doutora em Lingu\u00edstica pela PUC Minas e Diretora Adjunta da DEDD\/UFMG (<\/span><a href=\"http:\/\/lattes.cnpq.br\/4196379507740936\"><span style=\"font-weight: 400;\">http:\/\/lattes.cnpq.br\/4196379507740936<\/span><\/a><span style=\"font-weight: 400;\">), e por M\u00e1rcia Mar\u00edlia Teixeira Alves de Souza Duarte, Doutora em Educa\u00e7\u00e3o pela FAE\/UFMG e Assessora Pedag\u00f3gica da DEDD\/UFMG (<\/span><a href=\"http:\/\/lattes.cnpq.br\/4008680996925947\"><span style=\"font-weight: 400;\">http:\/\/lattes.cnpq.br\/4008680996925947<\/span><\/a><span style=\"font-weight: 400;\">).<\/span><\/p>\n<p><strong>Carga hor\u00e1ria<\/strong>: 15 horas (encontros presenciais + atividades ass\u00edncronas)<\/p>\n<p><strong>Per\u00edodo<\/strong>: de 02 a 06\/2, das 9h \u00e0s 12h<\/p>\n<p>Confira <a href=\"https:\/\/www.ufmg.br\/dedd\/wp-content\/uploads\/2026\/01\/Ementa-Ana-Marcia.pdf\">a ementa do curso<\/a>.<\/p>\n<\/div><\/div><\/div><div class=\"ea-card  sp-ea-single\"><h3 class=\"ea-header\"><a class=\"collapsed\" data-sptoggle=\"spcollapse\" data-sptarget=#collapse125483 href=\"javascript:void(0)\"  aria-expanded=\"false\"><i class=\"ea-expand-icon fa fa-plus\"><\/i> Conectando Direitos: Inclus\u00e3o, Cidadania Digital e Rela\u00e7\u00f5es \u00c9tnico-Raciais<\/a><\/h3><div class=\"sp-collapse spcollapse \" id=\"collapse125483\" data-parent=#sp-ea-12548><div class=\"ea-body\"><p><span style=\"font-weight: 400;\">O curso se prop\u00f5e\u00a0 a analisar criticamente os conceitos de inclus\u00e3o digital e cidadania digital, examinando suas dimens\u00f5es t\u00e9cnica, social e pol\u00edtica, com \u00eanfase nos desafios enfrentados por comunidades racializadas e marginalizadas e a investigar como as tecnologias digitais podem tanto reproduzir quanto desafiar estruturas de racismo, exclus\u00e3o e desigualdade de acesso \u00e0 informa\u00e7\u00e3o e aos direitos.<\/span><\/p>\n<p><span style=\"font-weight: 400;\">A forma\u00e7\u00e3o ser\u00e1 ministrada por Lu\u00eds Fernando Silva Andrade, Doutor em Administra\u00e7\u00e3o pela UFLA e Professor Adjunto do \u00a0Departamento de Ci\u00eancias Administrativas da FACE\/UFMG (<\/span><a href=\"http:\/\/lattes.cnpq.br\/2468899725153535\"><span style=\"font-weight: 400;\">http:\/\/lattes.cnpq.br\/2468899725153535<\/span><\/a><span style=\"font-weight: 400;\">).\u00a0<\/span><\/p>\n<p><strong>Carga hor\u00e1ria<\/strong>: 15 horas (encontros presenciais + atividades ass\u00edncronas)<\/p>\n<p><strong>Per\u00edodo<\/strong>: de 09 a 13\/2, das 9h \u00e0s 12h<\/p>\n<p>Confira a<a href=\"https:\/\/www.ufmg.br\/dedd\/wp-content\/uploads\/2026\/01\/Ementa-Luis.pdf\"> ementa do curso<\/a>.<\/p>\n<\/div><\/div><\/div><div class=\"ea-card  sp-ea-single\"><h3 class=\"ea-header\"><a class=\"collapsed\" data-sptoggle=\"spcollapse\" data-sptarget=#collapse125484 href=\"javascript:void(0)\"  aria-expanded=\"false\"><i class=\"ea-expand-icon fa fa-plus\"><\/i>  Monte sua disciplina - Configura\u00e7\u00f5es b\u00e1sicas no Moodle<\/a><\/h3><div class=\"sp-collapse spcollapse \" id=\"collapse125484\" data-parent=#sp-ea-12548><div class=\"ea-body\"><p><span style=\"font-weight: 400;\">O curso tem o intuito de capacitar os participantes no uso das funcionalidades b\u00e1sicas do Ambiente Virtual de Aprendizagem Moodle (AVA-MOODLE), com foco na organiza\u00e7\u00e3o e configura\u00e7\u00e3o inicial de disciplinas a partir de metodologias de Educa\u00e7\u00e3o a Dist\u00e2ncia. O objetivo \u00e9 que o participante seja capaz de montar uma disciplina funcional e organizada no Moodle, adequada \u00e0s necessidades do ensino a dist\u00e2ncia, semipresencial e\u00a0 presencial.<\/span><\/p>\n<p><span style=\"font-weight: 400;\">A capacita\u00e7\u00e3o ser\u00e1 ministrada por Cristina Gon\u00e7alves Ferreira de Souza, Doutora em Estudos Liter\u00e1rios pela FALE\/UFMG e TAE da DEDD\/UFMG (<\/span><a href=\"http:\/\/lattes.cnpq.br\/8201774137667865\"><span style=\"font-weight: 400;\">http:\/\/lattes.cnpq.br\/8201774137667865<\/span><\/a><span style=\"font-weight: 400;\">) e L\u00facia de Salvo Oliveira, Pedagoga da DEDD\/UFMG, formada na FAE\/UFMG (<\/span><a href=\"http:\/\/lattes.cnpq.br\/0266698377166548\"><span style=\"font-weight: 400;\">http:\/\/lattes.cnpq.br\/0266698377166548<\/span><\/a><span style=\"font-weight: 400;\">)<\/span><\/p>\n<p><strong>Carga hor\u00e1ria<\/strong>: 15 horas (encontros presenciais + atividades ass\u00edncronas)<\/p>\n<p><strong>Per\u00edodo<\/strong>: de 23 a 27\/2, das 9h \u00e0s 12h<\/p>\n<p>Confira a <a href=\"https:\/\/www.ufmg.br\/dedd\/wp-content\/uploads\/2026\/01\/Ementa-Adalgimar-Cris-Lucia.pdf\">ementa do curso<\/a>.<\/p>\n<\/div><\/div><\/div><\/div>\n<p><strong>Local:\u00a0<\/strong>Unidade Administrativa 3, sala 115, campus Pampulha.<\/p>\n<p>Informa\u00e7\u00f5es sobre acesso: ramais 5526 e 3224.<\/p>\n","protected":false},"excerpt":{"rendered":"<p>Cursos de Ver\u00e3o do Laborat\u00f3rio de Educa\u00e7\u00e3o Digital: Forma\u00e7\u00e3o de [&hellip;]<\/p>\n","protected":false},"author":5,"featured_media":0,"parent":0,"menu_order":0,"comment_status":"closed","ping_status":"closed","template":"","meta":[],"categories":[],"tags":[],"acf":[],"_links":{"self":[{"href":"https:\/\/www.ufmg.br\/dedd\/wp-json\/wp\/v2\/pages\/12544"}],"collection":[{"href":"https:\/\/www.ufmg.br\/dedd\/wp-json\/wp\/v2\/pages"}],"about":[{"href":"https:\/\/www.ufmg.br\/dedd\/wp-json\/wp\/v2\/types\/page"}],"author":[{"embeddable":true,"href":"https:\/\/www.ufmg.br\/dedd\/wp-json\/wp\/v2\/users\/5"}],"replies":[{"embeddable":true,"href":"https:\/\/www.ufmg.br\/dedd\/wp-json\/wp\/v2\/comments?post=12544"}],"version-history":[{"count":30,"href":"https:\/\/www.ufmg.br\/dedd\/wp-json\/wp\/v2\/pages\/12544\/revisions"}],"predecessor-version":[{"id":14594,"href":"https:\/\/www.ufmg.br\/dedd\/wp-json\/wp\/v2\/pages\/12544\/revisions\/14594"}],"wp:attachment":[{"href":"https:\/\/www.ufmg.br\/dedd\/wp-json\/wp\/v2\/media?parent=12544"}],"wp:term":[{"taxonomy":"category","embeddable":true,"href":"https:\/\/www.ufmg.br\/dedd\/wp-json\/wp\/v2\/categories?post=12544"},{"taxonomy":"post_tag","embeddable":true,"href":"https:\/\/www.ufmg.br\/dedd\/wp-json\/wp\/v2\/tags?post=12544"}],"curies":[{"name":"wp","href":"https:\/\/api.w.org\/{rel}","templated":true}]}}