{"id":12588,"date":"2024-12-03T14:02:14","date_gmt":"2024-12-03T17:02:14","guid":{"rendered":"https:\/\/www.ufmg.br\/dedd\/?page_id=12588"},"modified":"2024-12-20T14:38:02","modified_gmt":"2024-12-20T17:38:02","slug":"edital-2710-2024-processo-seletivo-simplificado-para-contratacao-de-profissional-de-design-grafico-e-web","status":"publish","type":"page","link":"https:\/\/www.ufmg.br\/dedd\/edital-2710-2024-processo-seletivo-simplificado-para-contratacao-de-profissional-de-design-grafico-e-web\/","title":{"rendered":"Edital 2710\/2024 &#8211; Processo Seletivo Simplificado para contrata\u00e7\u00e3o de profissional de Design Gr\u00e1fico e Web"},"content":{"rendered":"<p><span style=\"font-family: verdana, geneva, sans-serif; font-size: 12pt;\"><a href=\"https:\/\/www.ufmg.br\/dedd\/wp-content\/uploads\/2024\/12\/SEI_3843397_Comunicado_30-1.pdf\">Resultado Final &#8211; EDITAL N\u00ba 2710\/2024<\/a> (Publicado em 20\/12\/2024).<\/span><\/p>\n<p><span style=\"font-family: verdana, geneva, sans-serif; font-size: 12pt;\"><a href=\"https:\/\/www.ufmg.br\/dedd\/wp-content\/uploads\/2024\/12\/SEI_3832161_Comunicado_29.pdf\" target=\"_blank\" rel=\"noopener\">Resultado Preliminar &#8211; EDITAL N\u00ba 2710\/2024 <\/a>(Publicado em 17\/12\/2024).<\/span><\/p>\n<p><span style=\"font-family: verdana, geneva, sans-serif; font-size: 12pt;\"><a href=\"https:\/\/www.ufmg.br\/dedd\/wp-content\/uploads\/2024\/12\/SEI_3818087_Comunicado_28.pdf\" target=\"_blank\" rel=\"noopener\">Resultado Primeira etapa<\/a> (Publicado em 13\/12\/2024).<\/span><\/p>\n<p><span style=\"font-family: verdana, geneva, sans-serif; font-size: 12pt;\"><a href=\"https:\/\/gpi.caed.ufmg.br\/index.php\/626197?lang=pt-BR\" target=\"_blank\" rel=\"noopener\">Formul\u00e1rio de inscri\u00e7\u00e3o<\/a> (Publicado em 03\/12\/2024).<\/span><\/p>\n<p><span style=\"font-family: verdana, geneva, sans-serif; font-size: 12pt;\"><a href=\"https:\/\/www.ufmg.br\/dedd\/wp-content\/uploads\/2024\/12\/SEI_3783028_Edital_2710.pdf\" target=\"_blank\" rel=\"noopener\">Edital &#8211; 2710\/2024 &#8211; Processo Seletivo Simplificado para contrata\u00e7\u00e3o de profissional de Design Gr\u00e1fico e Web <\/a>(Publicado em 03\/12\/2024).<\/span><\/p>\n","protected":false},"excerpt":{"rendered":"<p>Resultado Final &#8211; EDITAL N\u00ba 2710\/2024 (Publicado em 20\/12\/2024). Resultado [&hellip;]<\/p>\n","protected":false},"author":10,"featured_media":0,"parent":0,"menu_order":0,"comment_status":"closed","ping_status":"closed","template":"","meta":[],"categories":[],"tags":[],"acf":[],"_links":{"self":[{"href":"https:\/\/www.ufmg.br\/dedd\/wp-json\/wp\/v2\/pages\/12588"}],"collection":[{"href":"https:\/\/www.ufmg.br\/dedd\/wp-json\/wp\/v2\/pages"}],"about":[{"href":"https:\/\/www.ufmg.br\/dedd\/wp-json\/wp\/v2\/types\/page"}],"author":[{"embeddable":true,"href":"https:\/\/www.ufmg.br\/dedd\/wp-json\/wp\/v2\/users\/10"}],"replies":[{"embeddable":true,"href":"https:\/\/www.ufmg.br\/dedd\/wp-json\/wp\/v2\/comments?post=12588"}],"version-history":[{"count":11,"href":"https:\/\/www.ufmg.br\/dedd\/wp-json\/wp\/v2\/pages\/12588\/revisions"}],"predecessor-version":[{"id":12689,"href":"https:\/\/www.ufmg.br\/dedd\/wp-json\/wp\/v2\/pages\/12588\/revisions\/12689"}],"wp:attachment":[{"href":"https:\/\/www.ufmg.br\/dedd\/wp-json\/wp\/v2\/media?parent=12588"}],"wp:term":[{"taxonomy":"category","embeddable":true,"href":"https:\/\/www.ufmg.br\/dedd\/wp-json\/wp\/v2\/categories?post=12588"},{"taxonomy":"post_tag","embeddable":true,"href":"https:\/\/www.ufmg.br\/dedd\/wp-json\/wp\/v2\/tags?post=12588"}],"curies":[{"name":"wp","href":"https:\/\/api.w.org\/{rel}","templated":true}]}}