{"id":12667,"date":"2024-12-12T15:18:57","date_gmt":"2024-12-12T18:18:57","guid":{"rendered":"https:\/\/www.ufmg.br\/dedd\/?page_id=12667"},"modified":"2024-12-12T15:19:09","modified_gmt":"2024-12-12T18:19:09","slug":"autodeclaracoes","status":"publish","type":"page","link":"https:\/\/www.ufmg.br\/dedd\/autodeclaracoes\/","title":{"rendered":"Autodeclara\u00e7\u00f5es"},"content":{"rendered":"<p>&nbsp;<\/p>\n<table style=\"border-collapse: collapse; width: 49.5671%; height: 82px;\">\n<tbody>\n<tr>\n<td style=\"width: 100%;\"><a href=\"https:\/\/www.ufmg.br\/dedd\/wp-content\/uploads\/2024\/12\/DECLARACAO-1_-AUTODECLARACAO-DE-PESSOA-COM-DEFICIENCIA.docx\" target=\"_blank\" rel=\"noopener\">Autodeclara\u00e7\u00e3o de pessoa com defici\u00eancia<\/a><\/td>\n<\/tr>\n<tr style=\"height: 24px;\">\n<td style=\"width: 100%; height: 24px;\"><a href=\"https:\/\/www.ufmg.br\/dedd\/wp-content\/uploads\/2024\/12\/DECLARACAO-2_-AUTODECLARACAO-ETNICO-RACIAL.doc\" target=\"_blank\" rel=\"noopener\">Autodeclara\u00e7\u00e3o \u00e9tnico-racial<\/a><\/td>\n<\/tr>\n<tr style=\"height: 24px;\">\n<td style=\"width: 100%; height: 24px;\"><a href=\"https:\/\/www.ufmg.br\/dedd\/wp-content\/uploads\/2024\/12\/DECLARACAO-3_-AUTORECONHECIMENTO-INDIGENA.docx\" target=\"_blank\" rel=\"noopener\">Autoreconhecimento ind\u00edgena<\/a><\/td>\n<\/tr>\n<tr style=\"height: 24px;\">\n<td style=\"width: 100%; height: 24px;\"><a href=\"https:\/\/www.ufmg.br\/dedd\/wp-content\/uploads\/2024\/12\/DECLARACAO-4_-AUTODECLARACAO-DE-IDENTIDADE-TRANS_-TRANSGENERO-ou-TRAVESTI.docx\" target=\"_blank\" rel=\"noopener\">Autodeclara\u00e7\u00e3o de identidade trans_ transg\u00eanero ou travesti<\/a><\/td>\n<\/tr>\n<\/tbody>\n<\/table>\n","protected":false},"excerpt":{"rendered":"<p>&nbsp; Autodeclara\u00e7\u00e3o de pessoa com defici\u00eancia Autodeclara\u00e7\u00e3o \u00e9tnico-racial Autoreconhecimento ind\u00edgena [&hellip;]<\/p>\n","protected":false},"author":10,"featured_media":0,"parent":0,"menu_order":0,"comment_status":"closed","ping_status":"closed","template":"","meta":[],"categories":[],"tags":[],"acf":[],"_links":{"self":[{"href":"https:\/\/www.ufmg.br\/dedd\/wp-json\/wp\/v2\/pages\/12667"}],"collection":[{"href":"https:\/\/www.ufmg.br\/dedd\/wp-json\/wp\/v2\/pages"}],"about":[{"href":"https:\/\/www.ufmg.br\/dedd\/wp-json\/wp\/v2\/types\/page"}],"author":[{"embeddable":true,"href":"https:\/\/www.ufmg.br\/dedd\/wp-json\/wp\/v2\/users\/10"}],"replies":[{"embeddable":true,"href":"https:\/\/www.ufmg.br\/dedd\/wp-json\/wp\/v2\/comments?post=12667"}],"version-history":[{"count":1,"href":"https:\/\/www.ufmg.br\/dedd\/wp-json\/wp\/v2\/pages\/12667\/revisions"}],"predecessor-version":[{"id":12672,"href":"https:\/\/www.ufmg.br\/dedd\/wp-json\/wp\/v2\/pages\/12667\/revisions\/12672"}],"wp:attachment":[{"href":"https:\/\/www.ufmg.br\/dedd\/wp-json\/wp\/v2\/media?parent=12667"}],"wp:term":[{"taxonomy":"category","embeddable":true,"href":"https:\/\/www.ufmg.br\/dedd\/wp-json\/wp\/v2\/categories?post=12667"},{"taxonomy":"post_tag","embeddable":true,"href":"https:\/\/www.ufmg.br\/dedd\/wp-json\/wp\/v2\/tags?post=12667"}],"curies":[{"name":"wp","href":"https:\/\/api.w.org\/{rel}","templated":true}]}}