{"id":12694,"date":"2024-12-23T14:42:42","date_gmt":"2024-12-23T17:42:42","guid":{"rendered":"https:\/\/www.ufmg.br\/dedd\/?page_id=12694"},"modified":"2025-04-25T11:50:28","modified_gmt":"2025-04-25T14:50:28","slug":"edital-2884-2024","status":"publish","type":"page","link":"https:\/\/www.ufmg.br\/dedd\/edital-2884-2024\/","title":{"rendered":"EDITAL N\u00ba 2884\/2024 &#8211; Sele\u00e7\u00e3o para bolsista do programa Universidade Aberta Do Brasil (UAB), na fun\u00e7\u00e3o de professor formador &#8211; orienta\u00e7\u00e3o para Trabalho De Conclus\u00e3o De Curso (TCC) para atuar no Curso De Especializa\u00e7\u00e3o em Ensino de Artes Visuais e Tecnologias Contempor\u00e2neas \u2013 CEEAV"},"content":{"rendered":"<p><\/p>\r\n<p><span style=\"font-family: verdana, geneva, sans-serif;\"><a href=\"https:\/\/www.ufmg.br\/dedd\/wp-content\/uploads\/2025\/04\/Edital-2884-2024-Convocacao.pdf\">Convoca\u00e7\u00e3o de selecionados para apresenta\u00e7\u00e3o de documentos<\/a> (publicada em 25\/04\/2025)<\/span><\/p>\r\n<p><span style=\"font-family: verdana, geneva, sans-serif; font-size: 12pt;\"><a href=\"https:\/\/www.ufmg.br\/dedd\/wp-content\/uploads\/2025\/04\/SEI_4099262_Ato_RESULTADO-FINAL.pdf\" target=\"_blank\" rel=\"noopener\">Resultado Definitivo &#8211; edital n\u00ba N\u00ba 2.884\/2024 &#8211; CEEAV<\/a> <span style=\"font-family: verdana, geneva, sans-serif;\">(publicado em 02\/04\/2025)\u00a0<\/span><\/span><\/p>\r\n<p><span style=\"font-family: verdana, geneva, sans-serif; font-size: 12pt;\"><a href=\"https:\/\/www.ufmg.br\/dedd\/wp-content\/uploads\/2025\/03\/SEI_4085797_Ato_82_-RESPOSTA-AO-RECURSO-contra-o-RESULTADO-PRELIMINAR-DAS-ETAPAS-I-e-II.pdf\" target=\"_blank\" rel=\"noopener\">Resposta ao Recurso contra o Resultado Preliminar das Etapas I e II\u00a0 &#8211; Edital N\u00ba 2.884\/2024 &#8211; CEEAV<\/a> (publicada em 28\/03\/2025)\u00a0<\/span><\/p>\r\n<p><span style=\"font-family: verdana, geneva, sans-serif;\">\r\n\r\n<\/span><\/p>\r\n<p><span style=\"font-family: verdana, geneva, sans-serif;\"><a href=\"https:\/\/www.ufmg.br\/dedd\/wp-content\/uploads\/2025\/03\/Edital-2884-2025-Retificacao-ao-edital.pdf\">Ato de retifica\u00e7\u00e3o ao edital n\u00ba 2884\/2025<\/a> (publicado em 26\/03\/2025)\u00a0<\/span><\/p>\r\n<p><span style=\"font-family: verdana, geneva, sans-serif;\"><a href=\"https:\/\/gpi.caed.ufmg.br\/index.php\/965743?lang=pt-BR\" target=\"_blank\" rel=\"noopener\">Formul\u00e1rio &#8212; recurso da Etapas I e II<\/a> (dispon\u00edvel at\u00e9 as 23:59h do dia 26\/03\/2025)<\/span><\/p>\r\n<p><span style=\"font-family: verdana, geneva, sans-serif;\"><a href=\"https:\/\/www.ufmg.br\/dedd\/wp-content\/uploads\/2025\/03\/Edital-2884-2015-Resultado-preliminar-Etapas-I-e-II.pdf\">Resultado preliminar &#8211; Etapas I e II<\/a> (publicado no dia 25\/03\/2025)\u00a0<\/span><\/p>\r\n<p><span style=\"font-family: verdana, geneva, sans-serif;\"><a href=\"https:\/\/www.ufmg.br\/dedd\/wp-content\/uploads\/2025\/03\/SEI_4066267_Aviso_de_Retificacao.pdf\" target=\"_blank\" rel=\"noopener\">Ato de Retifica\u00e7\u00e3o do Edital N\u00ba 2884\/2024<\/a> (publicado em 21\/03\/2025)<\/span><\/p>\r\n<p><span style=\"font-family: verdana, geneva, sans-serif;\">\r\n\r\n<\/span><\/p>\r\n<p><span style=\"font-family: verdana, geneva, sans-serif;\"><a href=\"https:\/\/www.ufmg.br\/dedd\/wp-content\/uploads\/2025\/03\/Edital-2884-2024-Portaria-de-Comissao.pdf\" data-type=\"URL\" data-id=\"https:\/\/www.ufmg.br\/dedd\/wp-content\/uploads\/2025\/03\/Edital-2884-2024-Portaria-de-Comissao.pdf\">Portaria n\u00ba 1945\/2025 &#8212; Designa comiss\u00e3o respons\u00e1vel pelo processo seletivo<\/a> (publicada em 17\/03\/2025)<\/span><\/p>\r\n<p><span style=\"font-family: verdana, geneva, sans-serif;\"><a href=\"https:\/\/gpi.caed.ufmg.br\/index.php\/711812?lang=pt-BR\" target=\"_blank\" rel=\"noopener\">Recurso final<\/a> (dispon\u00edvel no dia 31\/03\/2025)<\/span><\/p>\r\n<p><span style=\"font-family: verdana, geneva, sans-serif;\">\r\n\r\n<\/span><\/p>\r\n<p><span style=\"font-family: verdana, geneva, sans-serif;\"><a href=\"https:\/\/gpi.caed.ufmg.br\/index.php\/164947?lang=pt-BR\" target=\"_blank\" rel=\"noopener\">Formul\u00e1rio de inscri\u00e7\u00e3o<\/a> (dispon\u00edvel no per\u00edodo de 30\/12\/2024 a 10\/03\/2025)<\/span><\/p>\r\n<p><span style=\"font-family: verdana, geneva, sans-serif;\">\r\n\r\n<\/span><\/p>\r\n<p><span style=\"font-family: verdana, geneva, sans-serif; font-size: 12pt;\"><a href=\"https:\/\/www.ufmg.br\/dedd\/wp-content\/uploads\/2024\/12\/SEI_3841901_Edital_2884-6-EDITAL-No-2884.2024-ARTES-VISUAIS-2.pdf\" target=\"_blank\" rel=\"noopener\">Edital n\u00ba 2884\/2024 &#8211; Sele\u00e7\u00e3o de bolsista do programa Universidade Aberta do Brasil (UAB), na fun\u00e7\u00e3o de Professor Formador &#8211; Orienta\u00e7\u00e3o para trabalho de conclus\u00e3o de curso (TCC) para atuar no curso de especializa\u00e7\u00e3o em ARTES VISUAIS E TECNOLOGIAS CONTEMPOR\u00c2NEAS<\/a> (publicado em 23\/12\/2024)<\/span><\/p>\r\n<p><span style=\"font-family: verdana, geneva, sans-serif;\">\r\n\r\n<\/span><\/p>\r\n<p>&nbsp;<\/p>\r\n<p><span style=\"font-family: verdana, geneva, sans-serif;\">\r\n\r\n<\/span><\/p>\r\n<p>&nbsp;<\/p>\r\n","protected":false},"excerpt":{"rendered":"<p>Convoca\u00e7\u00e3o de selecionados para apresenta\u00e7\u00e3o de documentos (publicada em 25\/04\/2025) [&hellip;]<\/p>\n","protected":false},"author":10,"featured_media":0,"parent":0,"menu_order":0,"comment_status":"closed","ping_status":"closed","template":"","meta":[],"categories":[],"tags":[],"acf":[],"_links":{"self":[{"href":"https:\/\/www.ufmg.br\/dedd\/wp-json\/wp\/v2\/pages\/12694"}],"collection":[{"href":"https:\/\/www.ufmg.br\/dedd\/wp-json\/wp\/v2\/pages"}],"about":[{"href":"https:\/\/www.ufmg.br\/dedd\/wp-json\/wp\/v2\/types\/page"}],"author":[{"embeddable":true,"href":"https:\/\/www.ufmg.br\/dedd\/wp-json\/wp\/v2\/users\/10"}],"replies":[{"embeddable":true,"href":"https:\/\/www.ufmg.br\/dedd\/wp-json\/wp\/v2\/comments?post=12694"}],"version-history":[{"count":22,"href":"https:\/\/www.ufmg.br\/dedd\/wp-json\/wp\/v2\/pages\/12694\/revisions"}],"predecessor-version":[{"id":13429,"href":"https:\/\/www.ufmg.br\/dedd\/wp-json\/wp\/v2\/pages\/12694\/revisions\/13429"}],"wp:attachment":[{"href":"https:\/\/www.ufmg.br\/dedd\/wp-json\/wp\/v2\/media?parent=12694"}],"wp:term":[{"taxonomy":"category","embeddable":true,"href":"https:\/\/www.ufmg.br\/dedd\/wp-json\/wp\/v2\/categories?post=12694"},{"taxonomy":"post_tag","embeddable":true,"href":"https:\/\/www.ufmg.br\/dedd\/wp-json\/wp\/v2\/tags?post=12694"}],"curies":[{"name":"wp","href":"https:\/\/api.w.org\/{rel}","templated":true}]}}