{"id":12757,"date":"2025-01-10T12:02:33","date_gmt":"2025-01-10T15:02:33","guid":{"rendered":"https:\/\/www.ufmg.br\/dedd\/?page_id=12757"},"modified":"2025-02-26T11:32:33","modified_gmt":"2025-02-26T14:32:33","slug":"edital-57-2025-selecao-de-bolsistas-voluntarios-para-atuacao-no-programa-de-extensao-aproxime-se-2","status":"publish","type":"page","link":"https:\/\/www.ufmg.br\/dedd\/edital-57-2025-selecao-de-bolsistas-voluntarios-para-atuacao-no-programa-de-extensao-aproxime-se-2\/","title":{"rendered":"Edital 57\/2025 \u2014 Sele\u00e7\u00e3o de bolsistas volunt\u00e1rios para atua\u00e7\u00e3o no programa de extens\u00e3o Aproxime-se"},"content":{"rendered":"<p><span style=\"font-family: verdana, geneva, sans-serif;\"><a href=\"https:\/\/www.ufmg.br\/dedd\/wp-content\/uploads\/2025\/02\/SEI_4005844_Lista_de_Classificacao_de_Processo_Seletivo.pdf\" target=\"_blank\" rel=\"noopener\">Resultado Final<\/a> (publicado em 26\/02\/2025)<\/span><\/p>\n<p><a href=\"https:\/\/gpi.caed.ufmg.br\/index.php\/182613?lang=pt-BR\" target=\"_blank\" rel=\"noopener\"><span style=\"font-family: verdana, geneva, sans-serif;\">Recurso Preliminar<\/span><\/a><span style=\"font-family: verdana, geneva, sans-serif;\"> (dispon\u00edvel no per\u00edodo de 17\/02\/2025 a 21\/02\/2025)<\/span><\/p>\n<p><span style=\"font-family: verdana, geneva, sans-serif;\"><a href=\"https:\/\/gpi.caed.ufmg.br\/index.php\/294731?lang=pt-BR\" target=\"_blank\" rel=\"noopener\">Formul\u00e1rio de inscri\u00e7\u00e3o<\/a> (17 de janeiro de 2025 a 07 de fevereiro de 2025)<\/span><\/p>\n<p><span style=\"font-family: verdana, geneva, sans-serif;\"><a href=\"https:\/\/www.ufmg.br\/dedd\/wp-content\/uploads\/2025\/01\/Edital-057-2025.pdf\">Edital 57\/2025 \u2014 Sele\u00e7\u00e3o de bolsistas volunt\u00e1rios para atua\u00e7\u00e3o no programa de extens\u00e3o Aproxime-se<\/a> (publicado em 10\/01\/2025)<\/span><\/p>\n<p>&nbsp;<\/p>\n","protected":false},"excerpt":{"rendered":"<p>Resultado Final (publicado em 26\/02\/2025) Recurso Preliminar (dispon\u00edvel no per\u00edodo [&hellip;]<\/p>\n","protected":false},"author":5,"featured_media":0,"parent":0,"menu_order":0,"comment_status":"closed","ping_status":"closed","template":"","meta":[],"categories":[],"tags":[],"acf":[],"_links":{"self":[{"href":"https:\/\/www.ufmg.br\/dedd\/wp-json\/wp\/v2\/pages\/12757"}],"collection":[{"href":"https:\/\/www.ufmg.br\/dedd\/wp-json\/wp\/v2\/pages"}],"about":[{"href":"https:\/\/www.ufmg.br\/dedd\/wp-json\/wp\/v2\/types\/page"}],"author":[{"embeddable":true,"href":"https:\/\/www.ufmg.br\/dedd\/wp-json\/wp\/v2\/users\/5"}],"replies":[{"embeddable":true,"href":"https:\/\/www.ufmg.br\/dedd\/wp-json\/wp\/v2\/comments?post=12757"}],"version-history":[{"count":8,"href":"https:\/\/www.ufmg.br\/dedd\/wp-json\/wp\/v2\/pages\/12757\/revisions"}],"predecessor-version":[{"id":13073,"href":"https:\/\/www.ufmg.br\/dedd\/wp-json\/wp\/v2\/pages\/12757\/revisions\/13073"}],"wp:attachment":[{"href":"https:\/\/www.ufmg.br\/dedd\/wp-json\/wp\/v2\/media?parent=12757"}],"wp:term":[{"taxonomy":"category","embeddable":true,"href":"https:\/\/www.ufmg.br\/dedd\/wp-json\/wp\/v2\/categories?post=12757"},{"taxonomy":"post_tag","embeddable":true,"href":"https:\/\/www.ufmg.br\/dedd\/wp-json\/wp\/v2\/tags?post=12757"}],"curies":[{"name":"wp","href":"https:\/\/api.w.org\/{rel}","templated":true}]}}