{"id":12784,"date":"2025-01-17T08:57:33","date_gmt":"2025-01-17T11:57:33","guid":{"rendered":"https:\/\/www.ufmg.br\/dedd\/?page_id=12784"},"modified":"2025-01-17T09:09:27","modified_gmt":"2025-01-17T12:09:27","slug":"relatorios-de-gestao","status":"publish","type":"page","link":"https:\/\/www.ufmg.br\/dedd\/relatorios-de-gestao\/","title":{"rendered":"Relat\u00f3rios de Gest\u00e3o"},"content":{"rendered":"<p>Nesta p\u00e1gina, ser\u00e3o divulgados os relat\u00f3rios de gest\u00e3o elaborados pela DEDD\/UFMG, com os dados das a\u00e7\u00f5es promovidas pela Unidade em cada ano.<\/p>\n<style>#sp-ea-12780 .spcollapsing { height: 0; overflow: hidden; transition-property: height;transition-duration: 300ms;}#sp-ea-12780.sp-easy-accordion>.sp-ea-single {border: 1px solid #e2e2e2; }#sp-ea-12780.sp-easy-accordion>.sp-ea-single>.ea-header a {color: #444;}#sp-ea-12780.sp-easy-accordion>.sp-ea-single>.sp-collapse>.ea-body {background: #fff; color: #444;}#sp-ea-12780.sp-easy-accordion>.sp-ea-single {background: #eee;}#sp-ea-12780.sp-easy-accordion>.sp-ea-single>.ea-header a .ea-expand-icon.fa { float: left; color: #444;font-size: 16px;}<\/style><div id=\"sp-ea-12780\" class=\"sp-ea-one sp-easy-accordion\" data-ex-icon=\"fa-minus\" data-col-icon=\"fa-plus\"  data-ea-active=\"ea-click\"  data-ea-mode=\"vertical\" data-preloader=\"\" data-scroll-active-item=\"\" data-offset-to-scroll=\"0\"><div class=\"ea-card ea-expand sp-ea-single\"><h3 class=\"ea-header\"><a class=\"collapsed\" data-sptoggle=\"spcollapse\" data-sptarget=#collapse127800 href=\"javascript:void(0)\"  aria-expanded=\"true\"><i class=\"ea-expand-icon fa fa-minus\"><\/i> Relat\u00f3rio de Gest\u00e3o -- 2024 <\/a><\/h3><div class=\"sp-collapse spcollapse collapsed show\" id=\"collapse127800\" data-parent=#sp-ea-12780><div class=\"ea-body\"><p><a href=\"https:\/\/www.ufmg.br\/dedd\/wp-content\/uploads\/2025\/01\/Relatorio-Anual-de-Gestao-DEDD-2024.pdf\">Relat\u00f3rio de Gest\u00e3o DEDD\/UFMG\u00a0 -- 2024<\/a><\/p>\n<p>O documento traz os n\u00fameros relativos \u00e0s a\u00e7\u00f5es promovidas pela Diretoria de Educa\u00e7\u00e3o a Dist\u00e2ncia e Educa\u00e7\u00e3o Digital (DEDD\/UFMG) durante o ano de 2024.<\/p>\n<\/div><\/div><\/div><\/div>\n<p>&nbsp;<\/p>\n","protected":false},"excerpt":{"rendered":"<p>Nesta p\u00e1gina, ser\u00e3o divulgados os relat\u00f3rios de gest\u00e3o elaborados pela [&hellip;]<\/p>\n","protected":false},"author":5,"featured_media":0,"parent":0,"menu_order":0,"comment_status":"closed","ping_status":"closed","template":"","meta":[],"categories":[],"tags":[],"acf":[],"_links":{"self":[{"href":"https:\/\/www.ufmg.br\/dedd\/wp-json\/wp\/v2\/pages\/12784"}],"collection":[{"href":"https:\/\/www.ufmg.br\/dedd\/wp-json\/wp\/v2\/pages"}],"about":[{"href":"https:\/\/www.ufmg.br\/dedd\/wp-json\/wp\/v2\/types\/page"}],"author":[{"embeddable":true,"href":"https:\/\/www.ufmg.br\/dedd\/wp-json\/wp\/v2\/users\/5"}],"replies":[{"embeddable":true,"href":"https:\/\/www.ufmg.br\/dedd\/wp-json\/wp\/v2\/comments?post=12784"}],"version-history":[{"count":3,"href":"https:\/\/www.ufmg.br\/dedd\/wp-json\/wp\/v2\/pages\/12784\/revisions"}],"predecessor-version":[{"id":12789,"href":"https:\/\/www.ufmg.br\/dedd\/wp-json\/wp\/v2\/pages\/12784\/revisions\/12789"}],"wp:attachment":[{"href":"https:\/\/www.ufmg.br\/dedd\/wp-json\/wp\/v2\/media?parent=12784"}],"wp:term":[{"taxonomy":"category","embeddable":true,"href":"https:\/\/www.ufmg.br\/dedd\/wp-json\/wp\/v2\/categories?post=12784"},{"taxonomy":"post_tag","embeddable":true,"href":"https:\/\/www.ufmg.br\/dedd\/wp-json\/wp\/v2\/tags?post=12784"}],"curies":[{"name":"wp","href":"https:\/\/api.w.org\/{rel}","templated":true}]}}