{"id":12870,"date":"2025-01-30T09:34:30","date_gmt":"2025-01-30T12:34:30","guid":{"rendered":"https:\/\/www.ufmg.br\/dedd\/?page_id=12870"},"modified":"2026-04-24T15:39:31","modified_gmt":"2026-04-24T18:39:31","slug":"selecoes","status":"publish","type":"page","link":"https:\/\/www.ufmg.br\/dedd\/selecoes\/","title":{"rendered":"Sele\u00e7\u00f5es"},"content":{"rendered":"<p><span style=\"font-size: 14pt; font-family: verdana, geneva, sans-serif;\"><strong>Sele\u00e7\u00f5es &#8211; 2026<\/strong><\/span><\/p>\n<p><a href=\"https:\/\/www.ufmg.br\/dedd\/edital-992-2026\/\"><span style=\"font-family: verdana, geneva, sans-serif;\">Edital N\u00ba 992\/2026 &#8211; Processo Seletivo Simplificado &#8211; Designer Gr\u00e1fico &#8211; FUNDEP<\/span><\/a><\/p>\n<p><a href=\"https:\/\/www.ufmg.br\/dedd\/edital-892-2026\/\"><span style=\"font-family: verdana, geneva, sans-serif;\">Edital N\u00ba 892\/2026 &#8211; Bolsista\/Estagi\u00e1rio Design &#8211; DEDD\/FCO\/UFMG<\/span><\/a><\/p>\n<p><a href=\"https:\/\/www.ufmg.br\/dedd\/edital-837-2026\/\"><span style=\"font-family: verdana, geneva, sans-serif;\">Edital N\u00ba 837\/2026 &#8211; Assistente Pedag\u00f3gico &#8211; Equipe Multidisciplinar UAB\/UFMG<\/span><\/a><\/p>\n<p><a href=\"https:\/\/www.ufmg.br\/dedd\/edital-206-2026\/\"><span style=\"font-family: verdana, geneva, sans-serif;\">Edital 206\/2026 &#8211; Coordenador de Curso &#8211; Geoprocessamento<\/span><\/a><\/p>\n<p><a href=\"https:\/\/www.ufmg.br\/dedd\/edital-85-2026\/\" target=\"_blank\" rel=\"noopener\"><span style=\"font-family: verdana, geneva, sans-serif;\">Edital 085\/2026 &#8211; Sele\u00e7\u00e3o para Bolsistas do Programa Universidade Aberta do Brasil (UAB), nas Fun\u00e7\u00f5es de Coordenador Geral e Coordenador Adjunto<\/span><\/a><\/p>\n<p><span style=\"font-family: verdana, geneva, sans-serif;\"><a href=\"https:\/\/www.ufmg.br\/dedd\/edital-041-2026\/\">Edital 041\/2026 \u2013 Bolsista \u2013 Programa Aproxime-se\u00a0<\/a><\/span><\/p>\n<p><span style=\"font-size: 14pt; font-family: verdana, geneva, sans-serif;\"><strong>Sele\u00e7\u00f5es &#8211; 2025<\/strong><\/span><\/p>\n<p><a href=\"https:\/\/www.ufmg.br\/dedd\/edital-3383-2025\/\" target=\"_blank\" rel=\"noopener\"><span style=\"font-family: verdana, geneva, sans-serif;\">Edital 3383\/2025 \u2013 Processo de Sele\u00e7\u00e3o de Estagi\u00e1rio \u2013 Aluno da UFMG, do curso de Artes Visuais, a partir do 6\u00ba per\u00edodo<\/span><\/a><\/p>\n<p><span style=\"font-size: 12pt; font-family: verdana, geneva, sans-serif;\"><a href=\"https:\/\/www.ufmg.br\/dedd\/edital-3384-2025\/\" target=\"_blank\" rel=\"noopener\">Edital N\u00ba 3384\/2025 &#8211; Processo de Sele\u00e7\u00e3o de Estagi\u00e1rio &#8211; Aluno Curso de Pedagogia<\/a><\/span><\/p>\n<p><a href=\"https:\/\/www.ufmg.br\/dedd\/edital-3030-2025\/\"><span style=\"font-family: verdana, geneva, sans-serif;\">Edital N\u00ba 3030\/2025 &#8211; Professor Formador &#8211; Educa\u00e7\u00e3o Especial<\/span><\/a><\/p>\n<p><a href=\"https:\/\/www.ufmg.br\/dedd\/edital-3072-2025\/\"><span style=\"font-family: verdana, geneva, sans-serif;\">Edital N\u00ba 3072\/2025 &#8211; Afastamento &#8211; P\u00f3s-Gradua\u00e7\u00e3o &#8211; PLAD\/DEDD<\/span><\/a><\/p>\n<p><a href=\"https:\/\/www.ufmg.br\/dedd\/edital-2904-2025\/\"><span style=\"font-family: verdana, geneva, sans-serif;\">Edital N\u00ba 2904\/2025 &#8211; Professor Formador &#8211; Geoprocessamento<\/span><\/a><\/p>\n<p><a href=\"https:\/\/www.ufmg.br\/dedd\/edital-2711-2025\/\"><span style=\"font-family: verdana, geneva, sans-serif;\">Edital N\u00ba 2711\/2025 &#8211; Professor Formador &#8211; Gest\u00e3o Escolar<\/span><\/a><\/p>\n<p><a href=\"https:\/\/www.ufmg.br\/dedd\/edital-2527-2025\/\"><span style=\"font-family: verdana, geneva, sans-serif;\">Edital N\u00ba 2527\/2025 \u2013 Alunos \u2013 Extens\u00e3o DEDD\/UFMG<\/span><\/a><\/p>\n<p><a href=\"https:\/\/www.ufmg.br\/dedd\/edital-2316-2025\/\"><span style=\"font-family: verdana, geneva, sans-serif;\">Edital N\u00ba 2316\/2025 &#8211; Assistente Pedag\u00f3gico &#8211; Equipe Multidisciplinar UAB\/UFMG<\/span><\/a><\/p>\n<p><span style=\"font-family: verdana, geneva, sans-serif;\"><a href=\"https:\/\/www.ufmg.br\/dedd\/edital-1964-2025\/\">Edital N\u00ba 1964\/2025 &#8211; Estagi\u00e1rio CECI<\/a><\/span><\/p>\n<p><span style=\"font-family: verdana, geneva, sans-serif;\"><a href=\"https:\/\/www.ufmg.br\/dedd\/edital-1582-2025\/\" target=\"_blank\" rel=\"noopener\">Edital N\u00ba 1582\/2025 &#8211; Professor Formador &#8211; Alfabetiza\u00e7\u00e3o e Letramento<\/a><\/span><\/p>\n<p><span style=\"font-family: verdana, geneva, sans-serif;\"><a href=\"https:\/\/www.ufmg.br\/dedd\/edital-1835-2025\/\">Edital N\u00ba 1835\/2025 &#8211; Professor Formador &#8211; Educa\u00e7\u00e3o Especial<\/a><\/span><\/p>\n<p><span style=\"font-family: verdana, geneva, sans-serif;\"><a href=\"https:\/\/www.ufmg.br\/dedd\/edital-1561-2025\/\">Edital N\u00ba 1561\/2025 &#8211; Professor Formador &#8211; Geoprocessamento Aplicado<\/a><\/span><\/p>\n<p>&nbsp;<\/p>\n<p><span style=\"font-size: 12pt; font-family: arial, helvetica, sans-serif;\"><a href=\"https:\/\/www.ufmg.br\/dedd\/selecoes-finalizadas\/\">Editais anteriores<\/a><\/span><\/p>\n","protected":false},"excerpt":{"rendered":"<p>Sele\u00e7\u00f5es &#8211; 2026 Edital N\u00ba 992\/2026 &#8211; Processo Seletivo Simplificado [&hellip;]<\/p>\n","protected":false},"author":11,"featured_media":0,"parent":0,"menu_order":0,"comment_status":"closed","ping_status":"closed","template":"","meta":[],"categories":[],"tags":[],"acf":[],"_links":{"self":[{"href":"https:\/\/www.ufmg.br\/dedd\/wp-json\/wp\/v2\/pages\/12870"}],"collection":[{"href":"https:\/\/www.ufmg.br\/dedd\/wp-json\/wp\/v2\/pages"}],"about":[{"href":"https:\/\/www.ufmg.br\/dedd\/wp-json\/wp\/v2\/types\/page"}],"author":[{"embeddable":true,"href":"https:\/\/www.ufmg.br\/dedd\/wp-json\/wp\/v2\/users\/11"}],"replies":[{"embeddable":true,"href":"https:\/\/www.ufmg.br\/dedd\/wp-json\/wp\/v2\/comments?post=12870"}],"version-history":[{"count":105,"href":"https:\/\/www.ufmg.br\/dedd\/wp-json\/wp\/v2\/pages\/12870\/revisions"}],"predecessor-version":[{"id":15022,"href":"https:\/\/www.ufmg.br\/dedd\/wp-json\/wp\/v2\/pages\/12870\/revisions\/15022"}],"wp:attachment":[{"href":"https:\/\/www.ufmg.br\/dedd\/wp-json\/wp\/v2\/media?parent=12870"}],"wp:term":[{"taxonomy":"category","embeddable":true,"href":"https:\/\/www.ufmg.br\/dedd\/wp-json\/wp\/v2\/categories?post=12870"},{"taxonomy":"post_tag","embeddable":true,"href":"https:\/\/www.ufmg.br\/dedd\/wp-json\/wp\/v2\/tags?post=12870"}],"curies":[{"name":"wp","href":"https:\/\/api.w.org\/{rel}","templated":true}]}}